{"id":3552,"date":"2024-09-28T03:36:00","date_gmt":"2024-09-28T03:36:00","guid":{"rendered":"https:\/\/bettsun.com\/?post_type=product&#038;p=3552"},"modified":"2025-02-17T20:03:46","modified_gmt":"2025-02-17T20:03:46","slug":"konwerter-solar-dc-dc-step-down-dla-urzadzen-24v-dc","status":"publish","type":"product","link":"https:\/\/bettsun.com\/pl\/produkty\/konwerter-solar-dc-dc-step-down-dla-urzadzen-24v-dc\/","title":{"rendered":"Solarny konwerter DC-DC Step Down dla urz\u0105dze\u0144 24 V DC"},"content":{"rendered":"<p>Solarny konwerter DC-DC Step Down dostarcza do 100A ze stabilnym wyj\u015bciem 27V dla urz\u0105dze\u0144 24V. W pe\u0142ni szczelna obudowa IP68, certyfikaty CE i ROHS zapewniaj\u0105 trwa\u0142o\u015b\u0107.<\/p>","protected":false},"excerpt":{"rendered":"<h3 data-start=\"479\" data-end=\"502\"><strong data-start=\"483\" data-end=\"500\">Kluczowe cechy:<\/strong><\/h3>\n<ul>\n<li><strong>S\u0142oneczny konwerter DC-DC Step Down:<\/strong> Zapewnia stabilne napi\u0119cie wyj\u015bciowe 27 V dla urz\u0105dze\u0144 24 V.<\/li>\n<li><strong>Certyfikowane bezpiecze\u0144stwo:<\/strong> Certyfikaty CE i ROHS zapewniaj\u0105 bezpieczn\u0105 i wydajn\u0105 prac\u0119.<\/li>\n<li><strong>Trwa\u0142a obudowa:<\/strong> W pe\u0142ni szczelna konstrukcja o stopniu ochrony IP68 zapewnia ochron\u0119 przed wod\u0105 i py\u0142em.<\/li>\n<li><strong>Wysoki pr\u0105d wyj\u015bciowy:<\/strong> Dostarcza do 100A dla aplikacji o du\u017cej mocy.<\/li>\n<\/ul>","protected":false},"featured_media":3550,"comment_status":"open","ping_status":"closed","template":"","meta":{"_acf_changed":false},"product_brand":[],"product_cat":[73,76],"product_tag":[],"class_list":{"0":"post-3552","1":"product","2":"type-product","3":"status-publish","4":"has-post-thumbnail","6":"product_cat-converter","7":"product_cat-solar-converter","9":"first","10":"instock","11":"shipping-taxable","12":"purchasable","13":"product-type-simple"},"acf":[],"_links":{"self":[{"href":"https:\/\/bettsun.com\/pl\/wp-json\/wp\/v2\/product\/3552","targetHints":{"allow":["GET"]}}],"collection":[{"href":"https:\/\/bettsun.com\/pl\/wp-json\/wp\/v2\/product"}],"about":[{"href":"https:\/\/bettsun.com\/pl\/wp-json\/wp\/v2\/types\/product"}],"replies":[{"embeddable":true,"href":"https:\/\/bettsun.com\/pl\/wp-json\/wp\/v2\/comments?post=3552"}],"version-history":[{"count":3,"href":"https:\/\/bettsun.com\/pl\/wp-json\/wp\/v2\/product\/3552\/revisions"}],"predecessor-version":[{"id":8246,"href":"https:\/\/bettsun.com\/pl\/wp-json\/wp\/v2\/product\/3552\/revisions\/8246"}],"wp:featuredmedia":[{"embeddable":true,"href":"https:\/\/bettsun.com\/pl\/wp-json\/wp\/v2\/media\/3550"}],"wp:attachment":[{"href":"https:\/\/bettsun.com\/pl\/wp-json\/wp\/v2\/media?parent=3552"}],"wp:term":[{"taxonomy":"product_brand","embeddable":true,"href":"https:\/\/bettsun.com\/pl\/wp-json\/wp\/v2\/product_brand?post=3552"},{"taxonomy":"product_cat","embeddable":true,"href":"https:\/\/bettsun.com\/pl\/wp-json\/wp\/v2\/product_cat?post=3552"},{"taxonomy":"product_tag","embeddable":true,"href":"https:\/\/bettsun.com\/pl\/wp-json\/wp\/v2\/product_tag?post=3552"}],"curies":[{"name":"wp","href":"https:\/\/api.w.org\/{rel}","templated":true}]}}