{"id":3558,"date":"2024-09-28T03:45:15","date_gmt":"2024-09-28T03:45:15","guid":{"rendered":"https:\/\/bettsun.com\/?post_type=product&#038;p=3558"},"modified":"2025-02-17T20:01:43","modified_gmt":"2025-02-17T20:01:43","slug":"przetwornica-rv-100a-dc-dc-do-urzadzen-12v","status":"publish","type":"product","link":"https:\/\/bettsun.com\/pl\/produkty\/przetwornica-rv-100a-dc-dc-do-urzadzen-12v\/","title":{"rendered":"Przetwornica DC-DC RV 100A do urz\u0105dze\u0144 12 V"},"content":{"rendered":"<p><strong data-start=\"153\" data-end=\"175\">Przetwornica DC-DC RV<\/strong> Zapewnia stabilne wyj\u015bcie 13,5 V z pr\u0105dem do 100 A. W pe\u0142ni szczelna obudowa IP68, certyfikaty CE i ROHS zapewniaj\u0105 trwa\u0142o\u015b\u0107 i wydajno\u015b\u0107.<\/p>","protected":false},"excerpt":{"rendered":"<p><strong data-start=\"441\" data-end=\"458\">Kluczowe cechy:<\/strong><\/p>\n<ul>\n<li><strong>Certyfikowane bezpiecze\u0144stwo:<\/strong> Certyfikaty CE i ROHS zapewniaj\u0105 niezawodne i bezpieczne dzia\u0142anie.<\/li>\n<li><strong>Trwa\u0142a obudowa:<\/strong> W pe\u0142ni szczelna konstrukcja o stopniu ochrony IP68 zapewnia ochron\u0119 przed py\u0142em i wod\u0105.<\/li>\n<li><strong>Wysoki pr\u0105d wyj\u015bciowy:<\/strong> Mo\u017ce dostarczy\u0107 do 100A dla urz\u0105dze\u0144 12V.<\/li>\n<li><strong>Stabilne napi\u0119cie zasilania:<\/strong> Zapewnia sta\u0142e napi\u0119cie wyj\u015bciowe 13,5 V dla wydajnej pracy.<\/li>\n<\/ul>","protected":false},"featured_media":3559,"comment_status":"open","ping_status":"closed","template":"","meta":{"_acf_changed":false},"product_brand":[],"product_cat":[77,73,74],"product_tag":[],"class_list":{"0":"post-3558","1":"product","2":"type-product","3":"status-publish","4":"has-post-thumbnail","6":"product_cat-controller","7":"product_cat-converter","8":"product_cat-rv-converter","10":"first","11":"instock","12":"shipping-taxable","13":"purchasable","14":"product-type-simple"},"acf":[],"_links":{"self":[{"href":"https:\/\/bettsun.com\/pl\/wp-json\/wp\/v2\/product\/3558","targetHints":{"allow":["GET"]}}],"collection":[{"href":"https:\/\/bettsun.com\/pl\/wp-json\/wp\/v2\/product"}],"about":[{"href":"https:\/\/bettsun.com\/pl\/wp-json\/wp\/v2\/types\/product"}],"replies":[{"embeddable":true,"href":"https:\/\/bettsun.com\/pl\/wp-json\/wp\/v2\/comments?post=3558"}],"version-history":[{"count":4,"href":"https:\/\/bettsun.com\/pl\/wp-json\/wp\/v2\/product\/3558\/revisions"}],"predecessor-version":[{"id":8245,"href":"https:\/\/bettsun.com\/pl\/wp-json\/wp\/v2\/product\/3558\/revisions\/8245"}],"wp:featuredmedia":[{"embeddable":true,"href":"https:\/\/bettsun.com\/pl\/wp-json\/wp\/v2\/media\/3559"}],"wp:attachment":[{"href":"https:\/\/bettsun.com\/pl\/wp-json\/wp\/v2\/media?parent=3558"}],"wp:term":[{"taxonomy":"product_brand","embeddable":true,"href":"https:\/\/bettsun.com\/pl\/wp-json\/wp\/v2\/product_brand?post=3558"},{"taxonomy":"product_cat","embeddable":true,"href":"https:\/\/bettsun.com\/pl\/wp-json\/wp\/v2\/product_cat?post=3558"},{"taxonomy":"product_tag","embeddable":true,"href":"https:\/\/bettsun.com\/pl\/wp-json\/wp\/v2\/product_tag?post=3558"}],"curies":[{"name":"wp","href":"https:\/\/api.w.org\/{rel}","templated":true}]}}