{"id":3562,"date":"2024-09-28T03:56:43","date_gmt":"2024-09-28T03:56:43","guid":{"rendered":"https:\/\/bettsun.com\/?post_type=product&#038;p=3562"},"modified":"2025-02-17T17:51:52","modified_gmt":"2025-02-17T17:51:52","slug":"przetwornica-rv-150a-dc-dc-do-urzadzen-12v","status":"publish","type":"product","link":"https:\/\/bettsun.com\/pl\/produkty\/przetwornica-rv-150a-dc-dc-do-urzadzen-12v\/","title":{"rendered":"Przetwornica DC-DC RV 150A do urz\u0105dze\u0144 12 V"},"content":{"rendered":"<p>Wytrzyma\u0142a przetwornica DC-DC RV 150A zapewnia stabilne napi\u0119cie wyj\u015bciowe 13,5 V z pr\u0105dem 150 A, stopie\u0144 ochrony IP68 oraz certyfikaty CE i ROHS dla niezawodnego zasilania urz\u0105dze\u0144 12 V.<\/p>","protected":false},"excerpt":{"rendered":"<p data-start=\"120\" data-end=\"139\"><strong data-start=\"120\" data-end=\"137\">Kluczowe cechy:<\/strong><\/p>\n<ul data-start=\"140\" data-end=\"358\">\n<li data-start=\"140\" data-end=\"201\"><strong data-start=\"142\" data-end=\"165\">Certyfikat CE i ROHS<\/strong> dla zapewnienia bezpiecze\u0144stwa i jako\u015bci.<\/li>\n<li data-start=\"202\" data-end=\"260\"><strong data-start=\"204\" data-end=\"232\">W pe\u0142ni uszczelniony, stopie\u0144 ochrony IP68<\/strong> obudowa zapewniaj\u0105ca trwa\u0142o\u015b\u0107.<\/li>\n<li data-start=\"261\" data-end=\"304\"><strong data-start=\"263\" data-end=\"286\">Dostarcza do 150A<\/strong> pr\u0105d wyj\u015bciowy.<\/li>\n<li data-start=\"305\" data-end=\"358\"><strong data-start=\"307\" data-end=\"330\">Stabilne wyj\u015bcie 13,5 V<\/strong> dla niezawodnego dzia\u0142ania.<\/li>\n<\/ul>","protected":false},"featured_media":3559,"comment_status":"open","ping_status":"closed","template":"","meta":{"_acf_changed":false},"product_brand":[],"product_cat":[73,74],"product_tag":[],"class_list":{"0":"post-3562","1":"product","2":"type-product","3":"status-publish","4":"has-post-thumbnail","6":"product_cat-converter","7":"product_cat-rv-converter","9":"first","10":"instock","11":"shipping-taxable","12":"purchasable","13":"product-type-simple"},"acf":[],"_links":{"self":[{"href":"https:\/\/bettsun.com\/pl\/wp-json\/wp\/v2\/product\/3562","targetHints":{"allow":["GET"]}}],"collection":[{"href":"https:\/\/bettsun.com\/pl\/wp-json\/wp\/v2\/product"}],"about":[{"href":"https:\/\/bettsun.com\/pl\/wp-json\/wp\/v2\/types\/product"}],"replies":[{"embeddable":true,"href":"https:\/\/bettsun.com\/pl\/wp-json\/wp\/v2\/comments?post=3562"}],"version-history":[{"count":2,"href":"https:\/\/bettsun.com\/pl\/wp-json\/wp\/v2\/product\/3562\/revisions"}],"predecessor-version":[{"id":8234,"href":"https:\/\/bettsun.com\/pl\/wp-json\/wp\/v2\/product\/3562\/revisions\/8234"}],"wp:featuredmedia":[{"embeddable":true,"href":"https:\/\/bettsun.com\/pl\/wp-json\/wp\/v2\/media\/3559"}],"wp:attachment":[{"href":"https:\/\/bettsun.com\/pl\/wp-json\/wp\/v2\/media?parent=3562"}],"wp:term":[{"taxonomy":"product_brand","embeddable":true,"href":"https:\/\/bettsun.com\/pl\/wp-json\/wp\/v2\/product_brand?post=3562"},{"taxonomy":"product_cat","embeddable":true,"href":"https:\/\/bettsun.com\/pl\/wp-json\/wp\/v2\/product_cat?post=3562"},{"taxonomy":"product_tag","embeddable":true,"href":"https:\/\/bettsun.com\/pl\/wp-json\/wp\/v2\/product_tag?post=3562"}],"curies":[{"name":"wp","href":"https:\/\/api.w.org\/{rel}","templated":true}]}}