{"id":3574,"date":"2024-09-28T09:02:11","date_gmt":"2024-09-28T09:02:11","guid":{"rendered":"https:\/\/bettsun.com\/?post_type=product&#038;p=3574"},"modified":"2025-02-17T17:48:22","modified_gmt":"2025-02-17T17:48:22","slug":"bettsun-1kw-rv-dwukierunkowa-inteligentna-ladowarka-dc-dc","status":"publish","type":"product","link":"https:\/\/bettsun.com\/pl\/produkty\/bettsun-1kw-rv-dwukierunkowa-inteligentna-ladowarka-dc-dc\/","title":{"rendered":"Dwukierunkowa inteligentna \u0142adowarka DC-DC Bettsun 1KW RV"},"content":{"rendered":"<p>Pot\u0119\u017cna \u0142adowarka DC-DC do kamper\u00f3w o mocy 1 kW obs\u0142uguje dwukierunkowe \u0142adowanie, wej\u015bcie 12 V-48 V i szybkie \u0142adowanie 60 A, zapewniaj\u0105c niezawodne zasilanie ze stopniem ochrony IP68.<\/p>","protected":false},"excerpt":{"rendered":"<p data-start=\"108\" data-end=\"127\"><strong data-start=\"108\" data-end=\"125\">Kluczowe cechy:<\/strong><\/p>\n<ul data-start=\"128\" data-end=\"389\">\n<li data-start=\"128\" data-end=\"188\"><strong data-start=\"130\" data-end=\"156\">\u0141adowanie dwukierunkowe<\/strong> dla wydajnego transferu mocy.<\/li>\n<li data-start=\"189\" data-end=\"232\"><strong data-start=\"191\" data-end=\"214\">Obs\u0142uguje napi\u0119cia od 12 V do 48 V<\/strong> zarzut prowadzenia pojazdu.<\/li>\n<li data-start=\"233\" data-end=\"281\"><strong data-start=\"235\" data-end=\"252\">Szybkie \u0142adowanie<\/strong> z maksymalnie <strong data-start=\"264\" data-end=\"278\">Wyj\u015bcie 60 A<\/strong>.<\/li>\n<li data-start=\"282\" data-end=\"337\"><strong data-start=\"284\" data-end=\"303\">Stopie\u0144 ochrony IP68<\/strong> przed kurzem, wod\u0105 i wstrz\u0105sami.<\/li>\n<li data-start=\"338\" data-end=\"389\"><strong data-start=\"340\" data-end=\"387\">Kompaktowy, lekki (2,4 kg) i przeno\u015bny.<\/strong><\/li>\n<\/ul>","protected":false},"featured_media":3575,"comment_status":"open","ping_status":"closed","template":"","meta":{"_acf_changed":false},"product_brand":[],"product_cat":[69,73,70],"product_tag":[],"class_list":{"0":"post-3574","1":"product","2":"type-product","3":"status-publish","4":"has-post-thumbnail","6":"product_cat-charger","7":"product_cat-converter","8":"product_cat-rv-dc-charger","10":"first","11":"instock","12":"shipping-taxable","13":"purchasable","14":"product-type-simple"},"acf":[],"_links":{"self":[{"href":"https:\/\/bettsun.com\/pl\/wp-json\/wp\/v2\/product\/3574","targetHints":{"allow":["GET"]}}],"collection":[{"href":"https:\/\/bettsun.com\/pl\/wp-json\/wp\/v2\/product"}],"about":[{"href":"https:\/\/bettsun.com\/pl\/wp-json\/wp\/v2\/types\/product"}],"replies":[{"embeddable":true,"href":"https:\/\/bettsun.com\/pl\/wp-json\/wp\/v2\/comments?post=3574"}],"version-history":[{"count":3,"href":"https:\/\/bettsun.com\/pl\/wp-json\/wp\/v2\/product\/3574\/revisions"}],"predecessor-version":[{"id":8232,"href":"https:\/\/bettsun.com\/pl\/wp-json\/wp\/v2\/product\/3574\/revisions\/8232"}],"wp:featuredmedia":[{"embeddable":true,"href":"https:\/\/bettsun.com\/pl\/wp-json\/wp\/v2\/media\/3575"}],"wp:attachment":[{"href":"https:\/\/bettsun.com\/pl\/wp-json\/wp\/v2\/media?parent=3574"}],"wp:term":[{"taxonomy":"product_brand","embeddable":true,"href":"https:\/\/bettsun.com\/pl\/wp-json\/wp\/v2\/product_brand?post=3574"},{"taxonomy":"product_cat","embeddable":true,"href":"https:\/\/bettsun.com\/pl\/wp-json\/wp\/v2\/product_cat?post=3574"},{"taxonomy":"product_tag","embeddable":true,"href":"https:\/\/bettsun.com\/pl\/wp-json\/wp\/v2\/product_tag?post=3574"}],"curies":[{"name":"wp","href":"https:\/\/api.w.org\/{rel}","templated":true}]}}