{"id":3577,"date":"2024-09-28T09:02:38","date_gmt":"2024-09-28T09:02:38","guid":{"rendered":"https:\/\/bettsun.com\/?post_type=product&#038;p=3577"},"modified":"2025-02-17T20:00:31","modified_gmt":"2025-02-17T20:00:31","slug":"bettsun-2kw-rv-dwukierunkowa-inteligentna-ladowarka-dc-dc","status":"publish","type":"product","link":"https:\/\/bettsun.com\/pl\/produkty\/bettsun-2kw-rv-dwukierunkowa-inteligentna-ladowarka-dc-dc\/","title":{"rendered":"Dwukierunkowa inteligentna \u0142adowarka DC-DC Bettsun 2KW RV"},"content":{"rendered":"<p>Wydajna \u0142adowarka DC-DC do kamper\u00f3w o mocy 2 kW obs\u0142uguje dwukierunkowe \u0142adowanie, wej\u015bcie 12 V-48 V i stopie\u0144 ochrony IP68, zapewniaj\u0105c niezawodne zasilanie dla kamper\u00f3w i konfiguracji poza sieci\u0105.<\/p>","protected":false},"excerpt":{"rendered":"<p data-start=\"112\" data-end=\"131\"><strong data-start=\"112\" data-end=\"129\">Kluczowe cechy:<\/strong><\/p>\n<ul data-start=\"132\" data-end=\"344\">\n<li data-start=\"132\" data-end=\"192\"><strong data-start=\"134\" data-end=\"160\">\u0141adowanie dwukierunkowe<\/strong> dla wydajnego transferu mocy.<\/li>\n<li data-start=\"193\" data-end=\"236\"><strong data-start=\"195\" data-end=\"218\">Obs\u0142uguje napi\u0119cia od 12 V do 48 V<\/strong> zarzut prowadzenia pojazdu.<\/li>\n<li data-start=\"237\" data-end=\"292\"><strong data-start=\"239\" data-end=\"258\">Stopie\u0144 ochrony IP68<\/strong> przed kurzem, wod\u0105 i wstrz\u0105sami.<\/li>\n<li data-start=\"293\" data-end=\"344\"><strong data-start=\"295\" data-end=\"342\">Kompaktowy, lekki (2,4 kg) i przeno\u015bny.<\/strong><\/li>\n<\/ul>","protected":false},"featured_media":3575,"comment_status":"open","ping_status":"closed","template":"","meta":{"_acf_changed":false},"product_brand":[],"product_cat":[69,73,70],"product_tag":[],"class_list":{"0":"post-3577","1":"product","2":"type-product","3":"status-publish","4":"has-post-thumbnail","6":"product_cat-charger","7":"product_cat-converter","8":"product_cat-rv-dc-charger","10":"first","11":"instock","12":"shipping-taxable","13":"purchasable","14":"product-type-simple"},"acf":[],"_links":{"self":[{"href":"https:\/\/bettsun.com\/pl\/wp-json\/wp\/v2\/product\/3577","targetHints":{"allow":["GET"]}}],"collection":[{"href":"https:\/\/bettsun.com\/pl\/wp-json\/wp\/v2\/product"}],"about":[{"href":"https:\/\/bettsun.com\/pl\/wp-json\/wp\/v2\/types\/product"}],"replies":[{"embeddable":true,"href":"https:\/\/bettsun.com\/pl\/wp-json\/wp\/v2\/comments?post=3577"}],"version-history":[{"count":3,"href":"https:\/\/bettsun.com\/pl\/wp-json\/wp\/v2\/product\/3577\/revisions"}],"predecessor-version":[{"id":8229,"href":"https:\/\/bettsun.com\/pl\/wp-json\/wp\/v2\/product\/3577\/revisions\/8229"}],"wp:featuredmedia":[{"embeddable":true,"href":"https:\/\/bettsun.com\/pl\/wp-json\/wp\/v2\/media\/3575"}],"wp:attachment":[{"href":"https:\/\/bettsun.com\/pl\/wp-json\/wp\/v2\/media?parent=3577"}],"wp:term":[{"taxonomy":"product_brand","embeddable":true,"href":"https:\/\/bettsun.com\/pl\/wp-json\/wp\/v2\/product_brand?post=3577"},{"taxonomy":"product_cat","embeddable":true,"href":"https:\/\/bettsun.com\/pl\/wp-json\/wp\/v2\/product_cat?post=3577"},{"taxonomy":"product_tag","embeddable":true,"href":"https:\/\/bettsun.com\/pl\/wp-json\/wp\/v2\/product_tag?post=3577"}],"curies":[{"name":"wp","href":"https:\/\/api.w.org\/{rel}","templated":true}]}}