{"id":2004,"date":"2024-09-10T23:36:44","date_gmt":"2024-09-10T23:36:44","guid":{"rendered":"https:\/\/bettsun.com\/?page_id=2004"},"modified":"2024-09-10T23:42:40","modified_gmt":"2024-09-10T23:42:40","slug":"politica-de-privacidade","status":"publish","type":"page","link":"https:\/\/bettsun.com\/pt\/politica-de-privacidade\/","title":{"rendered":"Pol\u00edtica de privacidade"},"content":{"rendered":"<div data-elementor-type=\"wp-page\" data-elementor-id=\"2004\" class=\"elementor elementor-2004\" data-elementor-post-type=\"page\">\n\t\t\t\t<div class=\"elementor-element elementor-element-095c320 e-flex e-con-boxed e-con e-parent\" data-id=\"095c320\" data-element_type=\"container\" data-e-type=\"container\" data-settings=\"{&quot;background_background&quot;:&quot;classic&quot;}\">\n\t\t\t\t\t<div class=\"e-con-inner\">\n\t\t\t\t<div class=\"elementor-element elementor-element-d099dc0 elementor-widget elementor-widget-woocommerce-breadcrumb\" data-id=\"d099dc0\" data-element_type=\"widget\" data-e-type=\"widget\" data-widget_type=\"woocommerce-breadcrumb.default\">\n\t\t\t\t<div class=\"elementor-widget-container\">\n\t\t\t\t\t<nav class=\"woocommerce-breadcrumb\" aria-label=\"Breadcrumb\" data-no-translation=\"\" data-trp-gettext=\"\">In\u00edcio<\/nav>\t\t\t\t<\/div>\n\t\t\t\t<\/div>\n\t\t\t\t<div class=\"elementor-element elementor-element-b779177 elementor-widget elementor-widget-heading\" data-id=\"b779177\" data-element_type=\"widget\" data-e-type=\"widget\" data-widget_type=\"heading.default\">\n\t\t\t\t<div class=\"elementor-widget-container\">\n\t\t\t\t\t<h2 class=\"elementor-heading-title elementor-size-default\">Pol\u00edtica de privacidade<\/h2>\t\t\t\t<\/div>\n\t\t\t\t<\/div>\n\t\t\t\t\t<\/div>\n\t\t\t\t<\/div>\n\t\t<div class=\"elementor-element elementor-element-341e52cf e-flex e-con-boxed e-con e-parent\" data-id=\"341e52cf\" data-element_type=\"container\" data-e-type=\"container\">\n\t\t\t\t\t<div class=\"e-con-inner\">\n\t\t\t\t<div class=\"elementor-element elementor-element-14fd42aa elementor-widget elementor-widget-text-editor\" data-id=\"14fd42aa\" data-element_type=\"widget\" data-e-type=\"widget\" data-widget_type=\"text-editor.default\">\n\t\t\t\t<div class=\"elementor-widget-container\">\n\t\t\t\t\t\t\t\t\t\n<p><strong>Data de vig\u00eancia: Data de hoje<\/strong><\/p>\n\n\n\n<p>Bem-vindo \u00e0 BettSun! Temos o compromisso de proteger sua privacidade. Esta Pol\u00edtica de Privacidade descreve como coletamos, usamos, protegemos e divulgamos as informa\u00e7\u00f5es obtidas dos usu\u00e1rios do site da BettSun localizado em <a href=\"https:\/\/bettsun.com\/pt\/\">www.bettsun.com<\/a>.<\/p>\n\n\n\n<p><strong>1. Coleta de informa\u00e7\u00f5es<\/strong> Coletamos informa\u00e7\u00f5es que voc\u00ea nos fornece diretamente quando se registra em nosso site, faz um pedido, assina nosso boletim informativo, responde a uma pesquisa, preenche um formul\u00e1rio ou se comunica conosco. Isso pode incluir seu nome, endere\u00e7o de e-mail, endere\u00e7o para correspond\u00eancia, n\u00famero de telefone e informa\u00e7\u00f5es financeiras.<\/p>\n\n\n\n<p><strong>2. Uso de informa\u00e7\u00f5es<\/strong> As informa\u00e7\u00f5es que coletamos de voc\u00ea podem ser usadas de uma das seguintes maneiras:<\/p>\n\n\n\n<ul class=\"wp-block-list\">\n<li>Para personalizar sua experi\u00eancia<\/li>\n\n\n\n<li>Para melhorar nosso site<\/li>\n\n\n\n<li>Para processar transa\u00e7\u00f5es<\/li>\n\n\n\n<li>Para enviar e-mails peri\u00f3dicos sobre seu pedido ou outros produtos e servi\u00e7os<\/li>\n<\/ul>\n\n\n\n<p><strong>3. Prote\u00e7\u00e3o de informa\u00e7\u00f5es<\/strong> Implementamos uma s\u00e9rie de medidas de seguran\u00e7a para manter a seguran\u00e7a de suas informa\u00e7\u00f5es pessoais quando voc\u00ea faz um pedido ou insere, envia ou acessa suas informa\u00e7\u00f5es pessoais.<\/p>\n\n\n\n<p><strong>4. Divulga\u00e7\u00e3o de informa\u00e7\u00f5es<\/strong> N\u00e3o vendemos, trocamos ou transferimos de outra forma para terceiros suas informa\u00e7\u00f5es de identifica\u00e7\u00e3o pessoal. Isso n\u00e3o inclui terceiros de confian\u00e7a que nos auxiliam na opera\u00e7\u00e3o de nosso site, na condu\u00e7\u00e3o de nossos neg\u00f3cios ou no atendimento ao usu\u00e1rio, desde que essas partes concordem em manter essas informa\u00e7\u00f5es confidenciais.<\/p>\n\n\n\n<p><strong>5. Links de terceiros<\/strong> Ocasionalmente, a nosso crit\u00e9rio, poderemos incluir ou oferecer produtos ou servi\u00e7os de terceiros em nosso site. Esses sites de terceiros t\u00eam pol\u00edticas de privacidade separadas e independentes. Portanto, n\u00e3o temos nenhuma responsabilidade ou obriga\u00e7\u00e3o pelo conte\u00fado e pelas atividades desses sites vinculados.<\/p>\n\n\n\n<p><strong>6. Cookies<\/strong> Nosso site pode usar \"cookies\" para aprimorar a experi\u00eancia do usu\u00e1rio. Voc\u00ea pode optar por fazer com que seu computador o avise sempre que um cookie estiver sendo enviado ou pode optar por desativar todos os cookies por meio das configura\u00e7\u00f5es do navegador.<\/p>\n\n\n\n<p><strong>7. Consentimento<\/strong> Ao usar nosso site, voc\u00ea concorda com a pol\u00edtica de privacidade do site.<\/p>\n\n\n\n<p><strong>8. Altera\u00e7\u00f5es em nossa pol\u00edtica de privacidade<\/strong> Se decidirmos alterar nossa pol\u00edtica de privacidade, publicaremos essas altera\u00e7\u00f5es nesta p\u00e1gina e\/ou atualizaremos a data de modifica\u00e7\u00e3o da Pol\u00edtica de Privacidade acima.<\/p>\n\n\n\n<p><strong>9. Como entrar em contato conosco<\/strong> Se tiver alguma d\u00favida sobre esta pol\u00edtica de privacidade, entre em contato conosco usando as informa\u00e7\u00f5es abaixo:<\/p>\n\n\n\n<ul class=\"wp-block-list\">\n<li>E-mail: <a>contact@bettsun.com<\/a><\/li>\n\n\n\n<li>Telefone: +123 456 7890<\/li>\n\n\n\n<li>Endere\u00e7o: 123 Energy Drive, Innovation Park<\/li>\n<\/ul>\n\t\t\t\t\t\t\t\t<\/div>\n\t\t\t\t<\/div>\n\t\t\t\t\t<\/div>\n\t\t\t\t<\/div>\n\t\t\t\t<\/div>","protected":false},"excerpt":{"rendered":"<p>Privacy Policy Effective Date: Today&#8217;s Date Welcome to BettSun! We are committed to protecting your privacy. This Privacy Policy outlines how we collect, use, protect, and disclose information obtained from users of the BettSun website located at www.bettsun.com. 1. Information Collection We collect information that you provide directly to us when you register on our [&hellip;]<\/p>\n","protected":false},"author":2,"featured_media":0,"parent":0,"menu_order":0,"comment_status":"closed","ping_status":"closed","template":"","meta":{"_acf_changed":false,"footnotes":""},"class_list":["post-2004","page","type-page","status-publish","hentry"],"acf":[],"_links":{"self":[{"href":"https:\/\/bettsun.com\/pt\/wp-json\/wp\/v2\/pages\/2004","targetHints":{"allow":["GET"]}}],"collection":[{"href":"https:\/\/bettsun.com\/pt\/wp-json\/wp\/v2\/pages"}],"about":[{"href":"https:\/\/bettsun.com\/pt\/wp-json\/wp\/v2\/types\/page"}],"author":[{"embeddable":true,"href":"https:\/\/bettsun.com\/pt\/wp-json\/wp\/v2\/users\/2"}],"replies":[{"embeddable":true,"href":"https:\/\/bettsun.com\/pt\/wp-json\/wp\/v2\/comments?post=2004"}],"version-history":[{"count":0,"href":"https:\/\/bettsun.com\/pt\/wp-json\/wp\/v2\/pages\/2004\/revisions"}],"wp:attachment":[{"href":"https:\/\/bettsun.com\/pt\/wp-json\/wp\/v2\/media?parent=2004"}],"curies":[{"name":"wp","href":"https:\/\/api.w.org\/{rel}","templated":true}]}}