{"id":2007,"date":"2024-09-10T23:40:38","date_gmt":"2024-09-10T23:40:38","guid":{"rendered":"https:\/\/bettsun.com\/?page_id=2007"},"modified":"2024-09-10T23:44:31","modified_gmt":"2024-09-10T23:44:31","slug":"termos-e-condicoes","status":"publish","type":"page","link":"https:\/\/bettsun.com\/pt\/termos-e-condicoes\/","title":{"rendered":"Termos e condi\u00e7\u00f5es"},"content":{"rendered":"<div data-elementor-type=\"wp-page\" data-elementor-id=\"2007\" class=\"elementor elementor-2007\" data-elementor-post-type=\"page\">\n\t\t\t\t<div class=\"elementor-element elementor-element-af56cb6 e-flex e-con-boxed e-con e-parent\" data-id=\"af56cb6\" data-element_type=\"container\" data-e-type=\"container\" data-settings=\"{&quot;background_background&quot;:&quot;classic&quot;}\">\n\t\t\t\t\t<div class=\"e-con-inner\">\n\t\t\t\t<div class=\"elementor-element elementor-element-1da980f elementor-widget elementor-widget-woocommerce-breadcrumb\" data-id=\"1da980f\" data-element_type=\"widget\" data-e-type=\"widget\" data-widget_type=\"woocommerce-breadcrumb.default\">\n\t\t\t\t<div class=\"elementor-widget-container\">\n\t\t\t\t\t<nav class=\"woocommerce-breadcrumb\" aria-label=\"Breadcrumb\" data-no-translation=\"\" data-trp-gettext=\"\">In\u00edcio<\/nav>\t\t\t\t<\/div>\n\t\t\t\t<\/div>\n\t\t\t\t<div class=\"elementor-element elementor-element-186b415 elementor-widget elementor-widget-heading\" data-id=\"186b415\" data-element_type=\"widget\" data-e-type=\"widget\" data-widget_type=\"heading.default\">\n\t\t\t\t<div class=\"elementor-widget-container\">\n\t\t\t\t\t<h2 class=\"elementor-heading-title elementor-size-default\">Termos e condi\u00e7\u00f5es<\/h2>\t\t\t\t<\/div>\n\t\t\t\t<\/div>\n\t\t\t\t\t<\/div>\n\t\t\t\t<\/div>\n\t\t<div class=\"elementor-element elementor-element-1b130f16 e-flex e-con-boxed e-con e-parent\" data-id=\"1b130f16\" data-element_type=\"container\" data-e-type=\"container\">\n\t\t\t\t\t<div class=\"e-con-inner\">\n\t\t\t\t<div class=\"elementor-element elementor-element-6758dfdb elementor-widget elementor-widget-text-editor\" data-id=\"6758dfdb\" data-element_type=\"widget\" data-e-type=\"widget\" data-widget_type=\"text-editor.default\">\n\t\t\t\t<div class=\"elementor-widget-container\">\n\t\t\t\t\t\t\t\t\t\n<p><strong>Bem-vindo \u00e0 BettSun!<\/strong><\/p>\n\n\n\n<p>Estes termos e condi\u00e7\u00f5es descrevem as regras e os regulamentos para o uso do site da BettSun, localizado em <a href=\"https:\/\/bettsun.com\/pt\/\">www.bettsun.com<\/a>.<\/p>\n\n\n\n<p>Ao acessar este site, presumimos que voc\u00ea aceita estes termos e condi\u00e7\u00f5es. N\u00e3o continue a usar o BettSun se voc\u00ea n\u00e3o concordar em aceitar todos os termos e condi\u00e7\u00f5es estabelecidos nesta p\u00e1gina.<\/p>\n\n\n\n<p><strong>1. Licen\u00e7a<\/strong> Salvo indica\u00e7\u00e3o em contr\u00e1rio, a BettSun e\/ou seus licenciadores det\u00eam os direitos de propriedade intelectual de todo o material da BettSun. Todos os direitos de propriedade intelectual s\u00e3o reservados. Voc\u00ea pode acessar o material da BettSun para seu uso pessoal, sujeito \u00e0s restri\u00e7\u00f5es estabelecidas nestes termos e condi\u00e7\u00f5es.<\/p>\n\n\n\n<p><strong>2. Voc\u00ea n\u00e3o deve:<\/strong><\/p>\n\n\n\n<ul class=\"wp-block-list\">\n<li>Republica\u00e7\u00e3o de material da BettSun<\/li>\n\n\n\n<li>Vender, alugar ou sublicenciar material da BettSun<\/li>\n\n\n\n<li>Reproduzir, duplicar ou copiar material da BettSun<\/li>\n\n\n\n<li>Redistribuir conte\u00fado da BettSun<\/li>\n<\/ul>\n\n\n\n<p><strong>3. Coment\u00e1rios do usu\u00e1rio<\/strong><\/p>\n\n\n\n<ul class=\"wp-block-list\">\n<li>Este Contrato ter\u00e1 in\u00edcio na data deste documento.<\/li>\n\n\n\n<li>Certas partes deste site oferecem a oportunidade para os usu\u00e1rios postarem e trocarem opini\u00f5es e informa\u00e7\u00f5es. A BettSun n\u00e3o filtra, edita, publica ou revisa os Coment\u00e1rios antes de sua presen\u00e7a no site. Os coment\u00e1rios n\u00e3o refletem os pontos de vista e as opini\u00f5es da BettSun, de seus agentes ou afiliados. Os coment\u00e1rios refletem os pontos de vista e as opini\u00f5es da pessoa que os publicou. At\u00e9 o limite permitido pelas leis aplic\u00e1veis, a BettSun n\u00e3o ser\u00e1 respons\u00e1vel pelos Coment\u00e1rios ou por qualquer responsabilidade, danos ou despesas causados e\/ou sofridos como resultado de qualquer uso e\/ou publica\u00e7\u00e3o e\/ou aparecimento dos Coment\u00e1rios neste site.<\/li>\n<\/ul>\n\n\n\n<p><strong>4. Hiperlinks para nosso conte\u00fado<\/strong><\/p>\n\n\n\n<ul class=\"wp-block-list\">\n<li>As organiza\u00e7\u00f5es podem criar links para nossa p\u00e1gina inicial, para publica\u00e7\u00f5es ou para outras informa\u00e7\u00f5es do site, desde que o link: (a) n\u00e3o seja, de forma alguma, enganoso; (b) n\u00e3o implique falsamente em patroc\u00ednio, endosso ou aprova\u00e7\u00e3o da parte que est\u00e1 criando o link e de seus produtos e\/ou servi\u00e7os; e (c) se encaixe no contexto do site da parte que est\u00e1 criando o link.<\/li>\n<\/ul>\n\n\n\n<p><strong>5. Responsabilidade pelo conte\u00fado<\/strong> N\u00e3o seremos responsabilizados por nenhum conte\u00fado que apare\u00e7a em seu site. Voc\u00ea concorda em nos proteger e defender contra todas as reivindica\u00e7\u00f5es que surgirem em seu site. Nenhum link deve aparecer em qualquer site que possa ser interpretado como difamat\u00f3rio, obsceno ou criminoso, ou que infrinja, viole ou defenda a infra\u00e7\u00e3o ou outra viola\u00e7\u00e3o de quaisquer direitos de terceiros.<\/p>\n\n\n\n<p><strong>6. Reserva de direitos<\/strong> N\u00f3s nos reservamos o direito de solicitar que voc\u00ea remova todos os links ou qualquer link espec\u00edfico para o nosso site. Voc\u00ea aprova a remo\u00e7\u00e3o imediata de todos os links para o nosso site mediante solicita\u00e7\u00e3o. Tamb\u00e9m nos reservamos o direito de alterar estes termos e condi\u00e7\u00f5es e sua pol\u00edtica de links a qualquer momento. Ao manter o link para o nosso site, voc\u00ea concorda em estar vinculado e seguir estes termos e condi\u00e7\u00f5es de link.<\/p>\n\n\n\n<p><strong>7. Remo\u00e7\u00e3o de links de nosso site<\/strong> Se encontrar algum link em nosso site que seja ofensivo por qualquer motivo, voc\u00ea pode entrar em contato conosco e nos informar a qualquer momento. Consideraremos as solicita\u00e7\u00f5es de remo\u00e7\u00e3o de links, mas n\u00e3o somos obrigados a faz\u00ea-lo ou a responder diretamente a voc\u00ea.<\/p>\n\n\n\n<p><strong>8. Isen\u00e7\u00e3o de responsabilidade<\/strong><\/p>\n\n\n\n<ul class=\"wp-block-list\">\n<li>As informa\u00e7\u00f5es neste site s\u00e3o fornecidas \"no estado em que se encontram\", com todas as falhas, e a BettSun n\u00e3o faz representa\u00e7\u00f5es ou garantias expressas ou impl\u00edcitas, de qualquer tipo, relacionadas a este site ou aos materiais nele contidos. Al\u00e9m disso, nada contido neste site deve ser interpretado como consultoria ou aconselhamento para voc\u00ea.<\/li>\n<\/ul>\n\n\n\n<p><strong>Como entrar em contato conosco<\/strong> Se tiver alguma d\u00favida sobre estes Termos e Condi\u00e7\u00f5es, entre em contato conosco pelo e-mail:<\/p>\n\n\n\n<ul class=\"wp-block-list\">\n<li>E-mail: <a>contact@bettsun.com<\/a><\/li>\n\n\n\n<li>Telefone: +123 456 7890<\/li>\n\n\n\n<li>Endere\u00e7o: 123 Energy Drive, Innovation Park<\/li>\n<\/ul>\n\t\t\t\t\t\t\t\t<\/div>\n\t\t\t\t<\/div>\n\t\t\t\t\t<\/div>\n\t\t\t\t<\/div>\n\t\t\t\t<\/div>","protected":false},"excerpt":{"rendered":"<p>Terms &#038; Conditions Welcome to BettSun! These terms and conditions outline the rules and regulations for the use of BettSun&#8217;s Website, located at www.bettsun.com. By accessing this website we assume you accept these terms and conditions. Do not continue to use BettSun if you do not agree to take all of the terms and conditions [&hellip;]<\/p>\n","protected":false},"author":2,"featured_media":0,"parent":0,"menu_order":0,"comment_status":"closed","ping_status":"closed","template":"","meta":{"_acf_changed":false,"footnotes":""},"class_list":["post-2007","page","type-page","status-publish","hentry"],"acf":[],"_links":{"self":[{"href":"https:\/\/bettsun.com\/pt\/wp-json\/wp\/v2\/pages\/2007","targetHints":{"allow":["GET"]}}],"collection":[{"href":"https:\/\/bettsun.com\/pt\/wp-json\/wp\/v2\/pages"}],"about":[{"href":"https:\/\/bettsun.com\/pt\/wp-json\/wp\/v2\/types\/page"}],"author":[{"embeddable":true,"href":"https:\/\/bettsun.com\/pt\/wp-json\/wp\/v2\/users\/2"}],"replies":[{"embeddable":true,"href":"https:\/\/bettsun.com\/pt\/wp-json\/wp\/v2\/comments?post=2007"}],"version-history":[{"count":0,"href":"https:\/\/bettsun.com\/pt\/wp-json\/wp\/v2\/pages\/2007\/revisions"}],"wp:attachment":[{"href":"https:\/\/bettsun.com\/pt\/wp-json\/wp\/v2\/media?parent=2007"}],"curies":[{"name":"wp","href":"https:\/\/api.w.org\/{rel}","templated":true}]}}