{"id":3152,"date":"2024-09-24T07:15:24","date_gmt":"2024-09-24T07:15:24","guid":{"rendered":"https:\/\/bettsun.com\/?post_type=product&#038;p=3152"},"modified":"2025-02-17T21:34:01","modified_gmt":"2025-02-17T21:34:01","slug":"inversor-solar-hibrido-bettsun-3kw-48v","status":"publish","type":"product","link":"https:\/\/bettsun.com\/pt\/produtos\/inversor-solar-hibrido-bettsun-3kw-48v\/","title":{"rendered":"Inversor solar h\u00edbrido de 3KW 48V da Bettsun"},"content":{"rendered":"<p>O inversor solar h\u00edbrido de 3KW 48V da Bettsun apresenta uma faixa de entrada fotovoltaica de at\u00e9 450Vdc, um sistema de bateria de 48V compat\u00edvel com v\u00e1rios tipos de bateria, um \u00fanico MPPT com efici\u00eancia de 99,9% e suporta tens\u00f5es de sa\u00edda de 208, 220, 230 e 240Vac. Ele fornece uma corrente m\u00e1xima de 22A.<\/p>","protected":false},"excerpt":{"rendered":"<h3 data-start=\"604\" data-end=\"627\"><strong data-start=\"608\" data-end=\"625\">Principais recursos:<\/strong><\/h3>\n<ul>\n<li data-start=\"628\" data-end=\"916\"><strong>Faixa de tens\u00e3o de entrada PV:<\/strong> At\u00e9 450 Vcc para compatibilidade com pain\u00e9is solares flex\u00edveis.<\/li>\n<li data-start=\"628\" data-end=\"916\"><strong>Sistema de bateria:<\/strong> 48V, compat\u00edvel com v\u00e1rios tipos de bateria.<\/li>\n<li data-start=\"628\" data-end=\"916\"><strong>MPPT \u00fanico:<\/strong> Efici\u00eancia de 99,9% com uma corrente m\u00e1xima de 22A.<\/li>\n<li data-start=\"628\" data-end=\"916\"><strong>V\u00e1rias tens\u00f5es de sa\u00edda:<\/strong> Suporta 208, 220, 230 e 240Vac para aplica\u00e7\u00f5es vers\u00e1teis.<\/li>\n<\/ul>","protected":false},"featured_media":2991,"comment_status":"open","ping_status":"closed","template":"","meta":{"_acf_changed":false},"product_brand":[],"product_cat":[66,65],"product_tag":[],"class_list":{"0":"post-3152","1":"product","2":"type-product","3":"status-publish","4":"has-post-thumbnail","6":"product_cat-hybrid-inverter","7":"product_cat-inverter","9":"first","10":"instock","11":"shipping-taxable","12":"purchasable","13":"product-type-simple"},"acf":[],"_links":{"self":[{"href":"https:\/\/bettsun.com\/pt\/wp-json\/wp\/v2\/product\/3152","targetHints":{"allow":["GET"]}}],"collection":[{"href":"https:\/\/bettsun.com\/pt\/wp-json\/wp\/v2\/product"}],"about":[{"href":"https:\/\/bettsun.com\/pt\/wp-json\/wp\/v2\/types\/product"}],"replies":[{"embeddable":true,"href":"https:\/\/bettsun.com\/pt\/wp-json\/wp\/v2\/comments?post=3152"}],"version-history":[{"count":3,"href":"https:\/\/bettsun.com\/pt\/wp-json\/wp\/v2\/product\/3152\/revisions"}],"predecessor-version":[{"id":8280,"href":"https:\/\/bettsun.com\/pt\/wp-json\/wp\/v2\/product\/3152\/revisions\/8280"}],"wp:featuredmedia":[{"embeddable":true,"href":"https:\/\/bettsun.com\/pt\/wp-json\/wp\/v2\/media\/2991"}],"wp:attachment":[{"href":"https:\/\/bettsun.com\/pt\/wp-json\/wp\/v2\/media?parent=3152"}],"wp:term":[{"taxonomy":"product_brand","embeddable":true,"href":"https:\/\/bettsun.com\/pt\/wp-json\/wp\/v2\/product_brand?post=3152"},{"taxonomy":"product_cat","embeddable":true,"href":"https:\/\/bettsun.com\/pt\/wp-json\/wp\/v2\/product_cat?post=3152"},{"taxonomy":"product_tag","embeddable":true,"href":"https:\/\/bettsun.com\/pt\/wp-json\/wp\/v2\/product_tag?post=3152"}],"curies":[{"name":"wp","href":"https:\/\/api.w.org\/{rel}","templated":true}]}}