{"id":3157,"date":"2024-09-24T07:39:49","date_gmt":"2024-09-24T07:39:49","guid":{"rendered":"https:\/\/bettsun.com\/?post_type=product&#038;p=3157"},"modified":"2025-02-17T21:28:31","modified_gmt":"2025-02-17T21:28:31","slug":"inversor-solar-hibrido-bettsun-5kw-48v","status":"publish","type":"product","link":"https:\/\/bettsun.com\/pt\/produtos\/inversor-solar-hibrido-bettsun-5kw-48v\/","title":{"rendered":"Inversor solar h\u00edbrido de 5KW 48V da Bettsun"},"content":{"rendered":"<p>O inversor solar h\u00edbrido de 5KW 48V da Bettsun apresenta uma faixa de entrada fotovoltaica de 110-450Vdc, um sistema de bateria de 48V compat\u00edvel com baterias de \u00edons de l\u00edtio e de carbono, um \u00fanico MPPT com efici\u00eancia de 95,1% e suporta tens\u00f5es de sa\u00edda de 208Vac, 230Vac e 240Vac. Ele fornece uma pot\u00eancia de entrada m\u00e1xima de 5000W.<\/p>","protected":false},"excerpt":{"rendered":"<h3 data-start=\"608\" data-end=\"631\"><strong data-start=\"612\" data-end=\"629\">Principais recursos:<\/strong><\/h3>\n<ul>\n<li data-start=\"632\" data-end=\"915\"><strong>Faixa de tens\u00e3o de entrada PV:<\/strong> 110-450Vdc para ampla compatibilidade com pain\u00e9is solares.<\/li>\n<li data-start=\"632\" data-end=\"915\"><strong>Sistema de bateria:<\/strong> 48V, compat\u00edvel com baterias de \u00edons de l\u00edtio e Pb.<\/li>\n<li data-start=\"632\" data-end=\"915\"><strong>MPPT \u00fanico:<\/strong> Efici\u00eancia de 95.1% com uma pot\u00eancia de entrada m\u00e1xima de 5000W.<\/li>\n<li data-start=\"632\" data-end=\"915\"><strong>V\u00e1rias tens\u00f5es de sa\u00edda:<\/strong> Suporta 208Vac, 230Vac e 240Vac para uso vers\u00e1til.<\/li>\n<\/ul>","protected":false},"featured_media":3553,"comment_status":"open","ping_status":"closed","template":"","meta":{"_acf_changed":false},"product_brand":[],"product_cat":[66,65],"product_tag":[],"class_list":{"0":"post-3157","1":"product","2":"type-product","3":"status-publish","4":"has-post-thumbnail","6":"product_cat-hybrid-inverter","7":"product_cat-inverter","9":"first","10":"instock","11":"shipping-taxable","12":"purchasable","13":"product-type-simple"},"acf":[],"_links":{"self":[{"href":"https:\/\/bettsun.com\/pt\/wp-json\/wp\/v2\/product\/3157","targetHints":{"allow":["GET"]}}],"collection":[{"href":"https:\/\/bettsun.com\/pt\/wp-json\/wp\/v2\/product"}],"about":[{"href":"https:\/\/bettsun.com\/pt\/wp-json\/wp\/v2\/types\/product"}],"replies":[{"embeddable":true,"href":"https:\/\/bettsun.com\/pt\/wp-json\/wp\/v2\/comments?post=3157"}],"version-history":[{"count":3,"href":"https:\/\/bettsun.com\/pt\/wp-json\/wp\/v2\/product\/3157\/revisions"}],"predecessor-version":[{"id":8276,"href":"https:\/\/bettsun.com\/pt\/wp-json\/wp\/v2\/product\/3157\/revisions\/8276"}],"wp:featuredmedia":[{"embeddable":true,"href":"https:\/\/bettsun.com\/pt\/wp-json\/wp\/v2\/media\/3553"}],"wp:attachment":[{"href":"https:\/\/bettsun.com\/pt\/wp-json\/wp\/v2\/media?parent=3157"}],"wp:term":[{"taxonomy":"product_brand","embeddable":true,"href":"https:\/\/bettsun.com\/pt\/wp-json\/wp\/v2\/product_brand?post=3157"},{"taxonomy":"product_cat","embeddable":true,"href":"https:\/\/bettsun.com\/pt\/wp-json\/wp\/v2\/product_cat?post=3157"},{"taxonomy":"product_tag","embeddable":true,"href":"https:\/\/bettsun.com\/pt\/wp-json\/wp\/v2\/product_tag?post=3157"}],"curies":[{"name":"wp","href":"https:\/\/api.w.org\/{rel}","templated":true}]}}