{"id":3242,"date":"2024-09-24T15:04:38","date_gmt":"2024-09-24T15:04:38","guid":{"rendered":"https:\/\/bettsun.com\/?post_type=product&#038;p=3242"},"modified":"2025-02-17T21:23:32","modified_gmt":"2025-02-17T21:23:32","slug":"inversor-solar-hibrido-bettsun-7kw-48v-com-mppt-duplo","status":"publish","type":"product","link":"https:\/\/bettsun.com\/pt\/produtos\/inversor-solar-hibrido-bettsun-7kw-48v-com-mppt-duplo\/","title":{"rendered":"Inversor solar h\u00edbrido de 7KW 48V da Bettsun com MPPT duplo"},"content":{"rendered":"<p>O inversor solar h\u00edbrido de 7KW 48V da Bettsun apresenta uma faixa de entrada fotovoltaica de 110-450Vdc, um sistema de bateria de 48V compat\u00edvel com baterias de chumbo-\u00e1cido e \u00edon-l\u00edtio, um \u00fanico MPPT com efici\u00eancia de 97,5% e suporta tens\u00f5es de sa\u00edda de 208Vac, 230Vac e 240Vac. Oferece uma pot\u00eancia m\u00e1xima de entrada de 6000W.<\/p>","protected":false},"excerpt":{"rendered":"<h3 data-start=\"637\" data-end=\"660\"><strong data-start=\"641\" data-end=\"658\">Principais recursos:<\/strong><\/h3>\n<ul>\n<li data-start=\"661\" data-end=\"956\"><strong>Faixa de tens\u00e3o de entrada PV:<\/strong> 110-450Vdc para ampla compatibilidade com pain\u00e9is solares.<\/li>\n<li data-start=\"661\" data-end=\"956\"><strong>Sistema de bateria:<\/strong> 48V, compat\u00edvel com baterias de chumbo-\u00e1cido e de \u00edons de l\u00edtio.<\/li>\n<li data-start=\"661\" data-end=\"956\"><strong>MPPT \u00fanico:<\/strong> Efici\u00eancia de 97,5% com uma pot\u00eancia de entrada m\u00e1xima de 6000W.<\/li>\n<li data-start=\"661\" data-end=\"956\"><strong>V\u00e1rias tens\u00f5es de sa\u00edda:<\/strong> Suporta 208Vac, 230Vac e 240Vac para uso vers\u00e1til.<\/li>\n<\/ul>","protected":false},"featured_media":3553,"comment_status":"open","ping_status":"closed","template":"","meta":{"_acf_changed":false},"product_brand":[],"product_cat":[66,65],"product_tag":[],"class_list":{"0":"post-3242","1":"product","2":"type-product","3":"status-publish","4":"has-post-thumbnail","6":"product_cat-hybrid-inverter","7":"product_cat-inverter","9":"first","10":"instock","11":"shipping-taxable","12":"purchasable","13":"product-type-simple"},"acf":[],"_links":{"self":[{"href":"https:\/\/bettsun.com\/pt\/wp-json\/wp\/v2\/product\/3242","targetHints":{"allow":["GET"]}}],"collection":[{"href":"https:\/\/bettsun.com\/pt\/wp-json\/wp\/v2\/product"}],"about":[{"href":"https:\/\/bettsun.com\/pt\/wp-json\/wp\/v2\/types\/product"}],"replies":[{"embeddable":true,"href":"https:\/\/bettsun.com\/pt\/wp-json\/wp\/v2\/comments?post=3242"}],"version-history":[{"count":3,"href":"https:\/\/bettsun.com\/pt\/wp-json\/wp\/v2\/product\/3242\/revisions"}],"predecessor-version":[{"id":8273,"href":"https:\/\/bettsun.com\/pt\/wp-json\/wp\/v2\/product\/3242\/revisions\/8273"}],"wp:featuredmedia":[{"embeddable":true,"href":"https:\/\/bettsun.com\/pt\/wp-json\/wp\/v2\/media\/3553"}],"wp:attachment":[{"href":"https:\/\/bettsun.com\/pt\/wp-json\/wp\/v2\/media?parent=3242"}],"wp:term":[{"taxonomy":"product_brand","embeddable":true,"href":"https:\/\/bettsun.com\/pt\/wp-json\/wp\/v2\/product_brand?post=3242"},{"taxonomy":"product_cat","embeddable":true,"href":"https:\/\/bettsun.com\/pt\/wp-json\/wp\/v2\/product_cat?post=3242"},{"taxonomy":"product_tag","embeddable":true,"href":"https:\/\/bettsun.com\/pt\/wp-json\/wp\/v2\/product_tag?post=3242"}],"curies":[{"name":"wp","href":"https:\/\/api.w.org\/{rel}","templated":true}]}}