{"id":3249,"date":"2024-09-24T15:17:36","date_gmt":"2024-09-24T15:17:36","guid":{"rendered":"https:\/\/bettsun.com\/?post_type=product&#038;p=3249"},"modified":"2025-02-17T21:12:34","modified_gmt":"2025-02-17T21:12:34","slug":"kit-solar","status":"publish","type":"product","link":"https:\/\/bettsun.com\/pt\/produtos\/kit-solar\/","title":{"rendered":"Kit solar"},"content":{"rendered":"<p>seu <strong data-start=\"104\" data-end=\"117\">Kit solar<\/strong> apresenta uma faixa de entrada fotovoltaica de 110-450 VCC, um sistema de bateria de 48 V compat\u00edvel com baterias de chumbo-\u00e1cido e \u00edon-l\u00edtio, MPPT duplo para efici\u00eancia de 97,5% e tens\u00f5es de sa\u00edda de 208 VCA, 230 VCA e 240 VCA. Ele tamb\u00e9m inclui sensores CT e um interruptor antibloqueio para seguran\u00e7a da rede.<\/p>","protected":false},"excerpt":{"rendered":"<h3 data-start=\"598\" data-end=\"621\"><strong data-start=\"602\" data-end=\"619\">Principais recursos:<\/strong><\/h3>\n<p data-start=\"622\" data-end=\"985\"><strong>Faixa de tens\u00e3o de entrada PV:<\/strong> 110-450Vdc para compatibilidade com pain\u00e9is flex\u00edveis.<br data-start=\"690\" data-end=\"693\" \/><strong>Sistema de bateria:<\/strong> 48V, compat\u00edvel com baterias de chumbo-\u00e1cido e de \u00edons de l\u00edtio.<br data-start=\"771\" data-end=\"774\" \/><strong>MPPT duplo:<\/strong> Efici\u00eancia de 97,5% com uma pot\u00eancia de entrada m\u00e1xima de 12000W.<br data-start=\"832\" data-end=\"835\" \/><strong>V\u00e1rias tens\u00f5es de sa\u00edda:<\/strong> 208Vac, 230Vac e 240Vac para aplica\u00e7\u00f5es vers\u00e1teis.<br data-start=\"915\" data-end=\"918\" \/><strong>Seguran\u00e7a da rede:<\/strong> Sensores de CT e chave antibloqueio para integra\u00e7\u00e3o segura.<\/p>","protected":false},"featured_media":2991,"comment_status":"open","ping_status":"closed","template":"","meta":{"_acf_changed":false},"product_brand":[],"product_cat":[90,89],"product_tag":[],"class_list":{"0":"post-3249","1":"product","2":"type-product","3":"status-publish","4":"has-post-thumbnail","6":"product_cat-rv-solutions","7":"product_cat-solutions","9":"first","10":"instock","11":"shipping-taxable","12":"purchasable","13":"product-type-simple"},"acf":[],"_links":{"self":[{"href":"https:\/\/bettsun.com\/pt\/wp-json\/wp\/v2\/product\/3249","targetHints":{"allow":["GET"]}}],"collection":[{"href":"https:\/\/bettsun.com\/pt\/wp-json\/wp\/v2\/product"}],"about":[{"href":"https:\/\/bettsun.com\/pt\/wp-json\/wp\/v2\/types\/product"}],"replies":[{"embeddable":true,"href":"https:\/\/bettsun.com\/pt\/wp-json\/wp\/v2\/comments?post=3249"}],"version-history":[{"count":2,"href":"https:\/\/bettsun.com\/pt\/wp-json\/wp\/v2\/product\/3249\/revisions"}],"predecessor-version":[{"id":8267,"href":"https:\/\/bettsun.com\/pt\/wp-json\/wp\/v2\/product\/3249\/revisions\/8267"}],"wp:featuredmedia":[{"embeddable":true,"href":"https:\/\/bettsun.com\/pt\/wp-json\/wp\/v2\/media\/2991"}],"wp:attachment":[{"href":"https:\/\/bettsun.com\/pt\/wp-json\/wp\/v2\/media?parent=3249"}],"wp:term":[{"taxonomy":"product_brand","embeddable":true,"href":"https:\/\/bettsun.com\/pt\/wp-json\/wp\/v2\/product_brand?post=3249"},{"taxonomy":"product_cat","embeddable":true,"href":"https:\/\/bettsun.com\/pt\/wp-json\/wp\/v2\/product_cat?post=3249"},{"taxonomy":"product_tag","embeddable":true,"href":"https:\/\/bettsun.com\/pt\/wp-json\/wp\/v2\/product_tag?post=3249"}],"curies":[{"name":"wp","href":"https:\/\/api.w.org\/{rel}","templated":true}]}}