{"id":3257,"date":"2024-09-24T15:45:05","date_gmt":"2024-09-24T15:45:05","guid":{"rendered":"https:\/\/bettsun.com\/?post_type=product&#038;p=3257"},"modified":"2025-02-17T21:04:17","modified_gmt":"2025-02-17T21:04:17","slug":"controlador-de-carga-solar-bettsun-m120a-mppt","status":"publish","type":"product","link":"https:\/\/bettsun.com\/pt\/produtos\/controlador-de-carga-solar-bettsun-m120a-mppt\/","title":{"rendered":"Controlador de carga solar BettSun M120A MPPT"},"content":{"rendered":"<p>O controlador de carga solar MPPT M120A da Bettsun apresenta DSP de alto desempenho para controle otimizado, detec\u00e7\u00e3o autom\u00e1tica da tens\u00e3o da bateria, LOCK de tens\u00e3o para opera\u00e7\u00e3o est\u00e1vel e monitoramento remoto via aplicativo m\u00f3vel.<\/p>","protected":false},"excerpt":{"rendered":"<h3 data-start=\"554\" data-end=\"577\"><strong data-start=\"558\" data-end=\"575\">Principais recursos:<\/strong><\/h3>\n<ul>\n<li data-start=\"578\" data-end=\"889\"><strong>DSP de alto desempenho:<\/strong> Controle otimizado para m\u00e1xima efici\u00eancia solar.<\/li>\n<li data-start=\"578\" data-end=\"889\"><strong>Detec\u00e7\u00e3o autom\u00e1tica de tens\u00e3o da bateria:<\/strong> Garante a compatibilidade com diferentes tipos de bateria.<\/li>\n<li data-start=\"578\" data-end=\"889\"><strong>Bloqueio de tens\u00e3o:<\/strong> Proporciona opera\u00e7\u00e3o est\u00e1vel ao evitar flutua\u00e7\u00f5es de tens\u00e3o.<\/li>\n<li data-start=\"578\" data-end=\"889\"><strong>Monitoramento remoto:<\/strong> Monitore e controle via aplicativo m\u00f3vel para maior conveni\u00eancia.<\/li>\n<\/ul>","protected":false},"featured_media":3217,"comment_status":"open","ping_status":"closed","template":"","meta":{"_acf_changed":false},"product_brand":[],"product_cat":[69,77,78,72],"product_tag":[],"class_list":{"0":"post-3257","1":"product","2":"type-product","3":"status-publish","4":"has-post-thumbnail","6":"product_cat-charger","7":"product_cat-controller","8":"product_cat-mppt-solar-controller","9":"product_cat-solar-charger","11":"first","12":"instock","13":"shipping-taxable","14":"purchasable","15":"product-type-simple"},"acf":[],"_links":{"self":[{"href":"https:\/\/bettsun.com\/pt\/wp-json\/wp\/v2\/product\/3257","targetHints":{"allow":["GET"]}}],"collection":[{"href":"https:\/\/bettsun.com\/pt\/wp-json\/wp\/v2\/product"}],"about":[{"href":"https:\/\/bettsun.com\/pt\/wp-json\/wp\/v2\/types\/product"}],"replies":[{"embeddable":true,"href":"https:\/\/bettsun.com\/pt\/wp-json\/wp\/v2\/comments?post=3257"}],"version-history":[{"count":2,"href":"https:\/\/bettsun.com\/pt\/wp-json\/wp\/v2\/product\/3257\/revisions"}],"predecessor-version":[{"id":8264,"href":"https:\/\/bettsun.com\/pt\/wp-json\/wp\/v2\/product\/3257\/revisions\/8264"}],"wp:featuredmedia":[{"embeddable":true,"href":"https:\/\/bettsun.com\/pt\/wp-json\/wp\/v2\/media\/3217"}],"wp:attachment":[{"href":"https:\/\/bettsun.com\/pt\/wp-json\/wp\/v2\/media?parent=3257"}],"wp:term":[{"taxonomy":"product_brand","embeddable":true,"href":"https:\/\/bettsun.com\/pt\/wp-json\/wp\/v2\/product_brand?post=3257"},{"taxonomy":"product_cat","embeddable":true,"href":"https:\/\/bettsun.com\/pt\/wp-json\/wp\/v2\/product_cat?post=3257"},{"taxonomy":"product_tag","embeddable":true,"href":"https:\/\/bettsun.com\/pt\/wp-json\/wp\/v2\/product_tag?post=3257"}],"curies":[{"name":"wp","href":"https:\/\/api.w.org\/{rel}","templated":true}]}}