{"id":3500,"date":"2024-09-26T02:15:06","date_gmt":"2024-09-26T02:15:06","guid":{"rendered":"https:\/\/bettsun.com\/?post_type=product&#038;p=3500"},"modified":"2025-02-17T20:36:55","modified_gmt":"2025-02-17T20:36:55","slug":"inversor-bifasico-bettsun-4kw-48v","status":"publish","type":"product","link":"https:\/\/bettsun.com\/pt\/produtos\/inversor-bifasico-bettsun-4kw-48v\/","title":{"rendered":"Inversor bif\u00e1sico Bettsun 4KW 48V"},"content":{"rendered":"<p>O inversor 4KW 48V Split-Phase da Bettsun apresenta tecnologia inteligente de fase dividida 120V\/240V, MPPT duplo para utiliza\u00e7\u00e3o solar m\u00e1xima e suporta todos os tipos de bateria. Ele tem uma alta tens\u00e3o de entrada fotovoltaica de at\u00e9 450 Vcc.<\/p>","protected":false},"excerpt":{"rendered":"<h3 data-start=\"542\" data-end=\"565\"><strong data-start=\"546\" data-end=\"563\">Principais recursos:<\/strong><\/h3>\n<ul>\n<li data-start=\"566\" data-end=\"902\"><strong>Tecnologia 120V\/240V Split-Phase:<\/strong> Garante a distribui\u00e7\u00e3o eficiente de energia para um desempenho ideal.<\/li>\n<li data-start=\"566\" data-end=\"902\"><strong>Compat\u00edvel com todos os tipos de bateria:<\/strong> Vers\u00e1til e funciona com v\u00e1rias tecnologias de bateria.<\/li>\n<li data-start=\"566\" data-end=\"902\"><strong>MPPT duplo:<\/strong> Maximiza a convers\u00e3o de energia solar para maior efici\u00eancia.<\/li>\n<li data-start=\"566\" data-end=\"902\"><strong>Alta tens\u00e3o de entrada PV:<\/strong> Suporta at\u00e9 450Vdc para melhor compatibilidade com o painel.<\/li>\n<\/ul>","protected":false},"featured_media":3215,"comment_status":"open","ping_status":"closed","template":"","meta":{"_acf_changed":false},"product_brand":[],"product_cat":[65,102],"product_tag":[],"class_list":{"0":"post-3500","1":"product","2":"type-product","3":"status-publish","4":"has-post-thumbnail","6":"product_cat-inverter","7":"product_cat-split-phase-inverter","9":"first","10":"instock","11":"shipping-taxable","12":"purchasable","13":"product-type-simple"},"acf":[],"_links":{"self":[{"href":"https:\/\/bettsun.com\/pt\/wp-json\/wp\/v2\/product\/3500","targetHints":{"allow":["GET"]}}],"collection":[{"href":"https:\/\/bettsun.com\/pt\/wp-json\/wp\/v2\/product"}],"about":[{"href":"https:\/\/bettsun.com\/pt\/wp-json\/wp\/v2\/types\/product"}],"replies":[{"embeddable":true,"href":"https:\/\/bettsun.com\/pt\/wp-json\/wp\/v2\/comments?post=3500"}],"version-history":[{"count":3,"href":"https:\/\/bettsun.com\/pt\/wp-json\/wp\/v2\/product\/3500\/revisions"}],"predecessor-version":[{"id":8260,"href":"https:\/\/bettsun.com\/pt\/wp-json\/wp\/v2\/product\/3500\/revisions\/8260"}],"wp:featuredmedia":[{"embeddable":true,"href":"https:\/\/bettsun.com\/pt\/wp-json\/wp\/v2\/media\/3215"}],"wp:attachment":[{"href":"https:\/\/bettsun.com\/pt\/wp-json\/wp\/v2\/media?parent=3500"}],"wp:term":[{"taxonomy":"product_brand","embeddable":true,"href":"https:\/\/bettsun.com\/pt\/wp-json\/wp\/v2\/product_brand?post=3500"},{"taxonomy":"product_cat","embeddable":true,"href":"https:\/\/bettsun.com\/pt\/wp-json\/wp\/v2\/product_cat?post=3500"},{"taxonomy":"product_tag","embeddable":true,"href":"https:\/\/bettsun.com\/pt\/wp-json\/wp\/v2\/product_tag?post=3500"}],"curies":[{"name":"wp","href":"https:\/\/api.w.org\/{rel}","templated":true}]}}