{"id":3504,"date":"2024-09-26T02:24:04","date_gmt":"2024-09-26T02:24:04","guid":{"rendered":"https:\/\/bettsun.com\/?post_type=product&#038;p=3504"},"modified":"2025-02-17T20:34:08","modified_gmt":"2025-02-17T20:34:08","slug":"inversor-bifasico-bettsun-5kw-48v","status":"publish","type":"product","link":"https:\/\/bettsun.com\/pt\/produtos\/inversor-bifasico-bettsun-5kw-48v\/","title":{"rendered":"Inversor bif\u00e1sico de 5KW 48V da Bettsun"},"content":{"rendered":"<p>O inversor de fase dividida de 5KW 48V da Bettsun apresenta tecnologia de fase dividida inteligente de 120V\/240V, MPPT duplo para utiliza\u00e7\u00e3o solar m\u00e1xima e suporta todos os tipos de bateria. Ele tamb\u00e9m tem uma alta tens\u00e3o de entrada fotovoltaica de at\u00e9 450 Vcc.<\/p>","protected":false},"excerpt":{"rendered":"<h3 data-start=\"547\" data-end=\"570\"><strong data-start=\"551\" data-end=\"568\">Principais recursos:<\/strong><\/h3>\n<ul>\n<li data-start=\"571\" data-end=\"904\"><strong>Tecnologia 120V\/240V Split-Phase:<\/strong> Distribui\u00e7\u00e3o eficiente de energia para um desempenho confi\u00e1vel.<\/li>\n<li data-start=\"571\" data-end=\"904\"><strong>Compat\u00edvel com todos os tipos de bateria:<\/strong> Flex\u00edvel e funciona com v\u00e1rias tecnologias de bateria.<\/li>\n<li data-start=\"571\" data-end=\"904\"><strong>MPPT duplo:<\/strong> Maximiza o uso da energia solar para uma efici\u00eancia ideal.<\/li>\n<li data-start=\"571\" data-end=\"904\"><strong>Alta tens\u00e3o de entrada PV:<\/strong> Suporta at\u00e9 450Vdc para maior compatibilidade com pain\u00e9is solares.<\/li>\n<\/ul>","protected":false},"featured_media":3215,"comment_status":"open","ping_status":"closed","template":"","meta":{"_acf_changed":false},"product_brand":[],"product_cat":[65,102],"product_tag":[],"class_list":{"0":"post-3504","1":"product","2":"type-product","3":"status-publish","4":"has-post-thumbnail","6":"product_cat-inverter","7":"product_cat-split-phase-inverter","9":"first","10":"instock","11":"shipping-taxable","12":"purchasable","13":"product-type-simple"},"acf":[],"_links":{"self":[{"href":"https:\/\/bettsun.com\/pt\/wp-json\/wp\/v2\/product\/3504","targetHints":{"allow":["GET"]}}],"collection":[{"href":"https:\/\/bettsun.com\/pt\/wp-json\/wp\/v2\/product"}],"about":[{"href":"https:\/\/bettsun.com\/pt\/wp-json\/wp\/v2\/types\/product"}],"replies":[{"embeddable":true,"href":"https:\/\/bettsun.com\/pt\/wp-json\/wp\/v2\/comments?post=3504"}],"version-history":[{"count":3,"href":"https:\/\/bettsun.com\/pt\/wp-json\/wp\/v2\/product\/3504\/revisions"}],"predecessor-version":[{"id":8258,"href":"https:\/\/bettsun.com\/pt\/wp-json\/wp\/v2\/product\/3504\/revisions\/8258"}],"wp:featuredmedia":[{"embeddable":true,"href":"https:\/\/bettsun.com\/pt\/wp-json\/wp\/v2\/media\/3215"}],"wp:attachment":[{"href":"https:\/\/bettsun.com\/pt\/wp-json\/wp\/v2\/media?parent=3504"}],"wp:term":[{"taxonomy":"product_brand","embeddable":true,"href":"https:\/\/bettsun.com\/pt\/wp-json\/wp\/v2\/product_brand?post=3504"},{"taxonomy":"product_cat","embeddable":true,"href":"https:\/\/bettsun.com\/pt\/wp-json\/wp\/v2\/product_cat?post=3504"},{"taxonomy":"product_tag","embeddable":true,"href":"https:\/\/bettsun.com\/pt\/wp-json\/wp\/v2\/product_tag?post=3504"}],"curies":[{"name":"wp","href":"https:\/\/api.w.org\/{rel}","templated":true}]}}