{"id":3546,"date":"2024-09-28T03:28:13","date_gmt":"2024-09-28T03:28:13","guid":{"rendered":"https:\/\/bettsun.com\/?post_type=product&#038;p=3546"},"modified":"2025-02-17T20:06:57","modified_gmt":"2025-02-17T20:06:57","slug":"conversor-solar-dc-dc-step-down-para-aparelhos-de-12v-dc","status":"publish","type":"product","link":"https:\/\/bettsun.com\/pt\/produtos\/conversor-solar-dc-dc-step-down-para-aparelhos-de-12v-dc\/","title":{"rendered":"Conversor solar CC-CC abaixador para aparelhos de 12V CC"},"content":{"rendered":"<p>O conversor solar CC-CC fornece at\u00e9 80 A com uma sa\u00edda est\u00e1vel de 13,5 V para aparelhos de 12 V. Gabinete IP68 totalmente vedado, com certifica\u00e7\u00e3o CE e ROHS para maior durabilidade.<\/p>","protected":false},"excerpt":{"rendered":"<p><strong>Principais recursos:<\/strong><\/p>\n<ul>\n<li><strong>Conversor solar CC-CC:<\/strong> Fornece uma sa\u00edda est\u00e1vel de 13,5 V para aparelhos de 12 V.<\/li>\n<li><strong>Seguran\u00e7a certificada:<\/strong> Certifica\u00e7\u00e3o CE e ROHS para uma opera\u00e7\u00e3o segura e eficiente.<\/li>\n<li><strong>Gabinete dur\u00e1vel:<\/strong> Design totalmente vedado com classifica\u00e7\u00e3o IP68 para prote\u00e7\u00e3o contra \u00e1gua e poeira.<\/li>\n<li><strong>Alta corrente de sa\u00edda:<\/strong> Fornece at\u00e9 80 A para aplica\u00e7\u00f5es de alta pot\u00eancia.<\/li>\n<\/ul>","protected":false},"featured_media":3550,"comment_status":"open","ping_status":"closed","template":"","meta":{"_acf_changed":false},"product_brand":[],"product_cat":[73,76],"product_tag":[],"class_list":{"0":"post-3546","1":"product","2":"type-product","3":"status-publish","4":"has-post-thumbnail","6":"product_cat-converter","7":"product_cat-solar-converter","9":"first","10":"instock","11":"shipping-taxable","12":"purchasable","13":"product-type-simple"},"acf":[],"_links":{"self":[{"href":"https:\/\/bettsun.com\/pt\/wp-json\/wp\/v2\/product\/3546","targetHints":{"allow":["GET"]}}],"collection":[{"href":"https:\/\/bettsun.com\/pt\/wp-json\/wp\/v2\/product"}],"about":[{"href":"https:\/\/bettsun.com\/pt\/wp-json\/wp\/v2\/types\/product"}],"replies":[{"embeddable":true,"href":"https:\/\/bettsun.com\/pt\/wp-json\/wp\/v2\/comments?post=3546"}],"version-history":[{"count":3,"href":"https:\/\/bettsun.com\/pt\/wp-json\/wp\/v2\/product\/3546\/revisions"}],"predecessor-version":[{"id":8247,"href":"https:\/\/bettsun.com\/pt\/wp-json\/wp\/v2\/product\/3546\/revisions\/8247"}],"wp:featuredmedia":[{"embeddable":true,"href":"https:\/\/bettsun.com\/pt\/wp-json\/wp\/v2\/media\/3550"}],"wp:attachment":[{"href":"https:\/\/bettsun.com\/pt\/wp-json\/wp\/v2\/media?parent=3546"}],"wp:term":[{"taxonomy":"product_brand","embeddable":true,"href":"https:\/\/bettsun.com\/pt\/wp-json\/wp\/v2\/product_brand?post=3546"},{"taxonomy":"product_cat","embeddable":true,"href":"https:\/\/bettsun.com\/pt\/wp-json\/wp\/v2\/product_cat?post=3546"},{"taxonomy":"product_tag","embeddable":true,"href":"https:\/\/bettsun.com\/pt\/wp-json\/wp\/v2\/product_tag?post=3546"}],"curies":[{"name":"wp","href":"https:\/\/api.w.org\/{rel}","templated":true}]}}