{"id":3552,"date":"2024-09-28T03:36:00","date_gmt":"2024-09-28T03:36:00","guid":{"rendered":"https:\/\/bettsun.com\/?post_type=product&#038;p=3552"},"modified":"2025-02-17T20:03:46","modified_gmt":"2025-02-17T20:03:46","slug":"conversor-solar-dc-dc-step-down-para-aparelhos-de-24v-dc","status":"publish","type":"product","link":"https:\/\/bettsun.com\/pt\/produtos\/conversor-solar-dc-dc-step-down-para-aparelhos-de-24v-dc\/","title":{"rendered":"Conversor solar CC-CC abaixador para aparelhos de 24V CC"},"content":{"rendered":"<p>O conversor solar CC-CC abaixador fornece at\u00e9 100A com uma sa\u00edda est\u00e1vel de 27V para aparelhos de 24V. Gabinete IP68 totalmente vedado, com certifica\u00e7\u00e3o CE e ROHS para maior durabilidade.<\/p>","protected":false},"excerpt":{"rendered":"<h3 data-start=\"479\" data-end=\"502\"><strong data-start=\"483\" data-end=\"500\">Principais recursos:<\/strong><\/h3>\n<ul>\n<li><strong>Conversor solar CC-CC abaixador:<\/strong> Fornece uma sa\u00edda est\u00e1vel de 27 V para aparelhos de 24 V.<\/li>\n<li><strong>Seguran\u00e7a certificada:<\/strong> Certifica\u00e7\u00e3o CE e ROHS para uma opera\u00e7\u00e3o segura e eficiente.<\/li>\n<li><strong>Gabinete dur\u00e1vel:<\/strong> Design totalmente vedado com classifica\u00e7\u00e3o IP68 para prote\u00e7\u00e3o contra \u00e1gua e poeira.<\/li>\n<li><strong>Alta corrente de sa\u00edda:<\/strong> Fornece at\u00e9 100 A para aplica\u00e7\u00f5es de alta pot\u00eancia.<\/li>\n<\/ul>","protected":false},"featured_media":3550,"comment_status":"open","ping_status":"closed","template":"","meta":{"_acf_changed":false},"product_brand":[],"product_cat":[73,76],"product_tag":[],"class_list":{"0":"post-3552","1":"product","2":"type-product","3":"status-publish","4":"has-post-thumbnail","6":"product_cat-converter","7":"product_cat-solar-converter","9":"first","10":"instock","11":"shipping-taxable","12":"purchasable","13":"product-type-simple"},"acf":[],"_links":{"self":[{"href":"https:\/\/bettsun.com\/pt\/wp-json\/wp\/v2\/product\/3552","targetHints":{"allow":["GET"]}}],"collection":[{"href":"https:\/\/bettsun.com\/pt\/wp-json\/wp\/v2\/product"}],"about":[{"href":"https:\/\/bettsun.com\/pt\/wp-json\/wp\/v2\/types\/product"}],"replies":[{"embeddable":true,"href":"https:\/\/bettsun.com\/pt\/wp-json\/wp\/v2\/comments?post=3552"}],"version-history":[{"count":3,"href":"https:\/\/bettsun.com\/pt\/wp-json\/wp\/v2\/product\/3552\/revisions"}],"predecessor-version":[{"id":8246,"href":"https:\/\/bettsun.com\/pt\/wp-json\/wp\/v2\/product\/3552\/revisions\/8246"}],"wp:featuredmedia":[{"embeddable":true,"href":"https:\/\/bettsun.com\/pt\/wp-json\/wp\/v2\/media\/3550"}],"wp:attachment":[{"href":"https:\/\/bettsun.com\/pt\/wp-json\/wp\/v2\/media?parent=3552"}],"wp:term":[{"taxonomy":"product_brand","embeddable":true,"href":"https:\/\/bettsun.com\/pt\/wp-json\/wp\/v2\/product_brand?post=3552"},{"taxonomy":"product_cat","embeddable":true,"href":"https:\/\/bettsun.com\/pt\/wp-json\/wp\/v2\/product_cat?post=3552"},{"taxonomy":"product_tag","embeddable":true,"href":"https:\/\/bettsun.com\/pt\/wp-json\/wp\/v2\/product_tag?post=3552"}],"curies":[{"name":"wp","href":"https:\/\/api.w.org\/{rel}","templated":true}]}}