{"id":3580,"date":"2024-09-28T09:22:37","date_gmt":"2024-09-28T09:22:37","guid":{"rendered":"https:\/\/bettsun.com\/?post_type=product&#038;p=3580"},"modified":"2025-02-17T19:59:36","modified_gmt":"2025-02-17T19:59:36","slug":"carregador-dc-inteligente-bidirecional-bettsun-3kw-rv","status":"publish","type":"product","link":"https:\/\/bettsun.com\/pt\/produtos\/carregador-dc-inteligente-bidirecional-bettsun-3kw-rv\/","title":{"rendered":"Carregador CC-CC inteligente bidirecional de 3KW para ve\u00edculos recreativos da Bettsun"},"content":{"rendered":"<p>O eficiente carregador 3KW RV DC-DC suporta carregamento bidirecional, garantindo uma convers\u00e3o de energia est\u00e1vel. Esse confi\u00e1vel carregador CC-CC para ve\u00edculos recreativos de 3KW \u00e9 ideal para ve\u00edculos recreativos e sistemas de energia fora da rede.<\/p>","protected":false},"excerpt":{"rendered":"<p data-start=\"125\" data-end=\"144\"><strong data-start=\"125\" data-end=\"142\">Principais recursos:<\/strong><\/p>\n<ul data-start=\"145\" data-end=\"541\">\n<li data-start=\"145\" data-end=\"205\"><strong data-start=\"147\" data-end=\"173\">Carregamento bidirecional<\/strong> para uma transfer\u00eancia de energia eficiente.<\/li>\n<li data-start=\"206\" data-end=\"277\"><strong data-start=\"208\" data-end=\"231\">Suporta de 12V a 48V<\/strong> carga de condu\u00e7\u00e3o para compatibilidade vers\u00e1til.<\/li>\n<li data-start=\"278\" data-end=\"330\"><strong data-start=\"280\" data-end=\"294\">Sa\u00edda de 3KW<\/strong> garante uma convers\u00e3o est\u00e1vel de energia.<\/li>\n<li data-start=\"331\" data-end=\"386\"><strong data-start=\"333\" data-end=\"352\">Prote\u00e7\u00e3o IP68<\/strong> contra poeira, \u00e1gua e choques.<\/li>\n<li data-start=\"387\" data-end=\"459\"><strong data-start=\"389\" data-end=\"416\">Compacto e leve<\/strong>O sistema de controle de qualidade de imagem, pesa apenas 2,4 kg para facilitar o transporte.<\/li>\n<li data-start=\"460\" data-end=\"541\"><strong data-start=\"462\" data-end=\"485\">Prote\u00e7\u00e3o avan\u00e7ada<\/strong> contra sobretens\u00e3o, superaquecimento e curtos-circuitos.<\/li>\n<\/ul>","protected":false},"featured_media":3575,"comment_status":"open","ping_status":"closed","template":"","meta":{"_acf_changed":false},"product_brand":[],"product_cat":[69,73,70],"product_tag":[],"class_list":{"0":"post-3580","1":"product","2":"type-product","3":"status-publish","4":"has-post-thumbnail","6":"product_cat-charger","7":"product_cat-converter","8":"product_cat-rv-dc-charger","10":"first","11":"instock","12":"shipping-taxable","13":"purchasable","14":"product-type-simple"},"acf":[],"_links":{"self":[{"href":"https:\/\/bettsun.com\/pt\/wp-json\/wp\/v2\/product\/3580","targetHints":{"allow":["GET"]}}],"collection":[{"href":"https:\/\/bettsun.com\/pt\/wp-json\/wp\/v2\/product"}],"about":[{"href":"https:\/\/bettsun.com\/pt\/wp-json\/wp\/v2\/types\/product"}],"replies":[{"embeddable":true,"href":"https:\/\/bettsun.com\/pt\/wp-json\/wp\/v2\/comments?post=3580"}],"version-history":[{"count":3,"href":"https:\/\/bettsun.com\/pt\/wp-json\/wp\/v2\/product\/3580\/revisions"}],"predecessor-version":[{"id":8227,"href":"https:\/\/bettsun.com\/pt\/wp-json\/wp\/v2\/product\/3580\/revisions\/8227"}],"wp:featuredmedia":[{"embeddable":true,"href":"https:\/\/bettsun.com\/pt\/wp-json\/wp\/v2\/media\/3575"}],"wp:attachment":[{"href":"https:\/\/bettsun.com\/pt\/wp-json\/wp\/v2\/media?parent=3580"}],"wp:term":[{"taxonomy":"product_brand","embeddable":true,"href":"https:\/\/bettsun.com\/pt\/wp-json\/wp\/v2\/product_brand?post=3580"},{"taxonomy":"product_cat","embeddable":true,"href":"https:\/\/bettsun.com\/pt\/wp-json\/wp\/v2\/product_cat?post=3580"},{"taxonomy":"product_tag","embeddable":true,"href":"https:\/\/bettsun.com\/pt\/wp-json\/wp\/v2\/product_tag?post=3580"}],"curies":[{"name":"wp","href":"https:\/\/api.w.org\/{rel}","templated":true}]}}