{"id":2004,"date":"2024-09-10T23:36:44","date_gmt":"2024-09-10T23:36:44","guid":{"rendered":"https:\/\/bettsun.com\/?page_id=2004"},"modified":"2024-09-10T23:42:40","modified_gmt":"2024-09-10T23:42:40","slug":"gizlilik-politikasi","status":"publish","type":"page","link":"https:\/\/bettsun.com\/tr\/gizlilik-politikasi\/","title":{"rendered":"Gizlilik Politikas\u0131"},"content":{"rendered":"<div data-elementor-type=\"wp-page\" data-elementor-id=\"2004\" class=\"elementor elementor-2004\" data-elementor-post-type=\"page\">\n\t\t\t\t<div class=\"elementor-element elementor-element-095c320 e-flex e-con-boxed e-con e-parent\" data-id=\"095c320\" data-element_type=\"container\" data-e-type=\"container\" data-settings=\"{&quot;background_background&quot;:&quot;classic&quot;}\">\n\t\t\t\t\t<div class=\"e-con-inner\">\n\t\t\t\t<div class=\"elementor-element elementor-element-d099dc0 elementor-widget elementor-widget-woocommerce-breadcrumb\" data-id=\"d099dc0\" data-element_type=\"widget\" data-e-type=\"widget\" data-widget_type=\"woocommerce-breadcrumb.default\">\n\t\t\t\t<div class=\"elementor-widget-container\">\n\t\t\t\t\t<nav class=\"woocommerce-breadcrumb\" aria-label=\"Breadcrumb\" data-no-translation=\"\" data-trp-gettext=\"\">Ev<\/nav>\t\t\t\t<\/div>\n\t\t\t\t<\/div>\n\t\t\t\t<div class=\"elementor-element elementor-element-b779177 elementor-widget elementor-widget-heading\" data-id=\"b779177\" data-element_type=\"widget\" data-e-type=\"widget\" data-widget_type=\"heading.default\">\n\t\t\t\t<div class=\"elementor-widget-container\">\n\t\t\t\t\t<h2 class=\"elementor-heading-title elementor-size-default\">Gizlilik Politikas\u0131<\/h2>\t\t\t\t<\/div>\n\t\t\t\t<\/div>\n\t\t\t\t\t<\/div>\n\t\t\t\t<\/div>\n\t\t<div class=\"elementor-element elementor-element-341e52cf e-flex e-con-boxed e-con e-parent\" data-id=\"341e52cf\" data-element_type=\"container\" data-e-type=\"container\">\n\t\t\t\t\t<div class=\"e-con-inner\">\n\t\t\t\t<div class=\"elementor-element elementor-element-14fd42aa elementor-widget elementor-widget-text-editor\" data-id=\"14fd42aa\" data-element_type=\"widget\" data-e-type=\"widget\" data-widget_type=\"text-editor.default\">\n\t\t\t\t<div class=\"elementor-widget-container\">\n\t\t\t\t\t\t\t\t\t\n<p><strong>Ge\u00e7erlilik Tarihi: Bug\u00fcn\u00fcn Tarihi<\/strong><\/p>\n\n\n\n<p>BettSun'a ho\u015f geldiniz! Gizlili\u011finizi korumay\u0131 taahh\u00fct ediyoruz. Bu Gizlilik Politikas\u0131, \u015fu adreste bulunan BettSun web sitesinin kullan\u0131c\u0131lar\u0131ndan elde edilen bilgileri nas\u0131l toplad\u0131\u011f\u0131m\u0131z\u0131, kulland\u0131\u011f\u0131m\u0131z\u0131, korudu\u011fumuzu ve if\u015fa etti\u011fimizi \u00f6zetlemektedir <a href=\"https:\/\/bettsun.com\/tr\/\">www.bettsun.com<\/a>.<\/p>\n\n\n\n<p><strong>1. Bilgi Toplama<\/strong> Sitemize kaydoldu\u011funuzda, sipari\u015f verdi\u011finizde, b\u00fcltenimize abone oldu\u011funuzda, bir ankete yan\u0131t verdi\u011finizde, bir form doldurdu\u011funuzda veya bizimle ileti\u015fim kurdu\u011funuzda do\u011frudan bize sa\u011flad\u0131\u011f\u0131n\u0131z bilgileri toplar\u0131z. Bu bilgiler ad\u0131n\u0131z\u0131, e-posta adresinizi, posta adresinizi, telefon numaran\u0131z\u0131 ve finansal bilgilerinizi i\u00e7erebilir.<\/p>\n\n\n\n<p><strong>2. Bilgi Kullan\u0131m\u0131<\/strong> Sizden toplad\u0131\u011f\u0131m\u0131z bilgiler a\u015fa\u011f\u0131daki yollardan birinde kullan\u0131labilir:<\/p>\n\n\n\n<ul class=\"wp-block-list\">\n<li>Deneyiminizi ki\u015fiselle\u015ftirmek i\u00e7in<\/li>\n\n\n\n<li>Web sitemizi geli\u015ftirmek i\u00e7in<\/li>\n\n\n\n<li>\u0130\u015flemleri ger\u00e7ekle\u015ftirmek i\u00e7in<\/li>\n\n\n\n<li>Sipari\u015finiz veya di\u011fer \u00fcr\u00fcn ve hizmetlerle ilgili periyodik e-postalar g\u00f6ndermek i\u00e7in<\/li>\n<\/ul>\n\n\n\n<p><strong>3. Bilgi Koruma<\/strong> Bir sipari\u015f verdi\u011finizde veya ki\u015fisel bilgilerinizi girdi\u011finizde, g\u00f6nderdi\u011finizde veya bunlara eri\u015fti\u011finizde ki\u015fisel bilgilerinizin g\u00fcvenli\u011fini korumak i\u00e7in \u00e7e\u015fitli g\u00fcvenlik \u00f6nlemleri uyguluyoruz.<\/p>\n\n\n\n<p><strong>4. Bilgi A\u00e7\u0131klamas\u0131<\/strong> Ki\u015fisel olarak tan\u0131mlanabilir bilgilerinizi satmay\u0131z, takas etmeyiz veya ba\u015fka bir \u015fekilde d\u0131\u015f taraflara aktarmay\u0131z. Bu, web sitemizi i\u015fletmemize, i\u015fimizi y\u00fcr\u00fctmemize veya size hizmet etmemize yard\u0131mc\u0131 olan g\u00fcvenilir \u00fc\u00e7\u00fcnc\u00fc taraflar\u0131 i\u00e7ermez, bu taraflar bu bilgileri gizli tutmay\u0131 kabul ettikleri s\u00fcrece.<\/p>\n\n\n\n<p><strong>5. \u00dc\u00e7\u00fcnc\u00fc Taraf Ba\u011flant\u0131lar\u0131<\/strong> Zaman zaman, kendi takdirimize ba\u011fl\u0131 olarak, web sitemize \u00fc\u00e7\u00fcnc\u00fc taraf \u00fcr\u00fcnleri veya hizmetleri dahil edebilir veya sunabiliriz. Bu \u00fc\u00e7\u00fcnc\u00fc taraf sitelerinin ayr\u0131 ve ba\u011f\u0131ms\u0131z gizlilik politikalar\u0131 vard\u0131r. Bu nedenle, bu ba\u011flant\u0131l\u0131 sitelerin i\u00e7eri\u011fi ve faaliyetleri i\u00e7in hi\u00e7bir sorumlulu\u011fumuz veya y\u00fck\u00fcml\u00fcl\u00fc\u011f\u00fcm\u00fcz yoktur.<\/p>\n\n\n\n<p><strong>6. \u00c7erezler<\/strong> Web sitemiz kullan\u0131c\u0131 deneyimini geli\u015ftirmek i\u00e7in \"\u00e7erezler\" kullanabilir. Bilgisayar\u0131n\u0131z\u0131n her \u00e7erez g\u00f6nderildi\u011finde sizi uyarmas\u0131n\u0131 se\u00e7ebilir veya taray\u0131c\u0131 ayarlar\u0131n\u0131zdan t\u00fcm \u00e7erezleri kapatmay\u0131 se\u00e7ebilirsiniz.<\/p>\n\n\n\n<p><strong>7. R\u0131za<\/strong> Sitemizi kullanarak, web sitemizin gizlilik politikas\u0131n\u0131 kabul etmi\u015f olursunuz.<\/p>\n\n\n\n<p><strong>8. Gizlilik Politikam\u0131zdaki De\u011fi\u015fiklikler<\/strong> Gizlilik politikam\u0131z\u0131 de\u011fi\u015ftirmeye karar verirsek, bu de\u011fi\u015fiklikleri bu sayfada yay\u0131nlayaca\u011f\u0131z ve\/veya yukar\u0131daki Gizlilik Politikas\u0131 de\u011fi\u015fiklik tarihini g\u00fcncelleyece\u011fiz.<\/p>\n\n\n\n<p><strong>9. Bize Ula\u015f\u0131n<\/strong> Bu gizlilik politikas\u0131 ile ilgili herhangi bir sorunuz varsa, a\u015fa\u011f\u0131daki bilgileri kullanarak bizimle ileti\u015fime ge\u00e7ebilirsiniz:<\/p>\n\n\n\n<ul class=\"wp-block-list\">\n<li>E-posta: <a>contact@bettsun.com<\/a><\/li>\n\n\n\n<li>Telefon +123 456 7890<\/li>\n\n\n\n<li>Adres 123 Energy Drive, \u0130novasyon Park\u0131<\/li>\n<\/ul>\n\t\t\t\t\t\t\t\t<\/div>\n\t\t\t\t<\/div>\n\t\t\t\t\t<\/div>\n\t\t\t\t<\/div>\n\t\t\t\t<\/div>","protected":false},"excerpt":{"rendered":"<p>Privacy Policy Effective Date: Today&#8217;s Date Welcome to BettSun! We are committed to protecting your privacy. This Privacy Policy outlines how we collect, use, protect, and disclose information obtained from users of the BettSun website located at www.bettsun.com. 1. Information Collection We collect information that you provide directly to us when you register on our [&hellip;]<\/p>\n","protected":false},"author":2,"featured_media":0,"parent":0,"menu_order":0,"comment_status":"closed","ping_status":"closed","template":"","meta":{"_acf_changed":false,"footnotes":""},"class_list":["post-2004","page","type-page","status-publish","hentry"],"acf":[],"_links":{"self":[{"href":"https:\/\/bettsun.com\/tr\/wp-json\/wp\/v2\/pages\/2004","targetHints":{"allow":["GET"]}}],"collection":[{"href":"https:\/\/bettsun.com\/tr\/wp-json\/wp\/v2\/pages"}],"about":[{"href":"https:\/\/bettsun.com\/tr\/wp-json\/wp\/v2\/types\/page"}],"author":[{"embeddable":true,"href":"https:\/\/bettsun.com\/tr\/wp-json\/wp\/v2\/users\/2"}],"replies":[{"embeddable":true,"href":"https:\/\/bettsun.com\/tr\/wp-json\/wp\/v2\/comments?post=2004"}],"version-history":[{"count":0,"href":"https:\/\/bettsun.com\/tr\/wp-json\/wp\/v2\/pages\/2004\/revisions"}],"wp:attachment":[{"href":"https:\/\/bettsun.com\/tr\/wp-json\/wp\/v2\/media?parent=2004"}],"curies":[{"name":"wp","href":"https:\/\/api.w.org\/{rel}","templated":true}]}}