{"id":2007,"date":"2024-09-10T23:40:38","date_gmt":"2024-09-10T23:40:38","guid":{"rendered":"https:\/\/bettsun.com\/?page_id=2007"},"modified":"2024-09-10T23:44:31","modified_gmt":"2024-09-10T23:44:31","slug":"sartlar-kosullar","status":"publish","type":"page","link":"https:\/\/bettsun.com\/tr\/sartlar-kosullar\/","title":{"rendered":"\u015eartlar ve Ko\u015fullar"},"content":{"rendered":"<div data-elementor-type=\"wp-page\" data-elementor-id=\"2007\" class=\"elementor elementor-2007\" data-elementor-post-type=\"page\">\n\t\t\t\t<div class=\"elementor-element elementor-element-af56cb6 e-flex e-con-boxed e-con e-parent\" data-id=\"af56cb6\" data-element_type=\"container\" data-e-type=\"container\" data-settings=\"{&quot;background_background&quot;:&quot;classic&quot;}\">\n\t\t\t\t\t<div class=\"e-con-inner\">\n\t\t\t\t<div class=\"elementor-element elementor-element-1da980f elementor-widget elementor-widget-woocommerce-breadcrumb\" data-id=\"1da980f\" data-element_type=\"widget\" data-e-type=\"widget\" data-widget_type=\"woocommerce-breadcrumb.default\">\n\t\t\t\t<div class=\"elementor-widget-container\">\n\t\t\t\t\t<nav class=\"woocommerce-breadcrumb\" aria-label=\"Breadcrumb\" data-no-translation=\"\" data-trp-gettext=\"\">Ev<\/nav>\t\t\t\t<\/div>\n\t\t\t\t<\/div>\n\t\t\t\t<div class=\"elementor-element elementor-element-186b415 elementor-widget elementor-widget-heading\" data-id=\"186b415\" data-element_type=\"widget\" data-e-type=\"widget\" data-widget_type=\"heading.default\">\n\t\t\t\t<div class=\"elementor-widget-container\">\n\t\t\t\t\t<h2 class=\"elementor-heading-title elementor-size-default\">\u015eartlar ve Ko\u015fullar<\/h2>\t\t\t\t<\/div>\n\t\t\t\t<\/div>\n\t\t\t\t\t<\/div>\n\t\t\t\t<\/div>\n\t\t<div class=\"elementor-element elementor-element-1b130f16 e-flex e-con-boxed e-con e-parent\" data-id=\"1b130f16\" data-element_type=\"container\" data-e-type=\"container\">\n\t\t\t\t\t<div class=\"e-con-inner\">\n\t\t\t\t<div class=\"elementor-element elementor-element-6758dfdb elementor-widget elementor-widget-text-editor\" data-id=\"6758dfdb\" data-element_type=\"widget\" data-e-type=\"widget\" data-widget_type=\"text-editor.default\">\n\t\t\t\t<div class=\"elementor-widget-container\">\n\t\t\t\t\t\t\t\t\t\n<p><strong>BettSun'a ho\u015f geldiniz!<\/strong><\/p>\n\n\n\n<p>Bu h\u00fck\u00fcm ve ko\u015fullar, BettSun'un \u015fu adreste bulunan Web Sitesinin kullan\u0131m\u0131na ili\u015fkin kural ve d\u00fczenlemeleri ana hatlar\u0131yla belirtir <a href=\"https:\/\/bettsun.com\/tr\/\">www.bettsun.com<\/a>.<\/p>\n\n\n\n<p>Bu web sitesine eri\u015ferek bu h\u00fck\u00fcm ve ko\u015fullar\u0131 kabul etti\u011finizi varsay\u0131yoruz. Bu sayfada belirtilen t\u00fcm h\u00fck\u00fcm ve ko\u015fullar\u0131 kabul etmiyorsan\u0131z BettSun'u kullanmaya devam etmeyin.<\/p>\n\n\n\n<p><strong>1. Lisans<\/strong> Aksi belirtilmedik\u00e7e, BettSun ve\/veya lisans verenleri, BettSun'daki t\u00fcm materyallerin fikri m\u00fclkiyet haklar\u0131na sahiptir. T\u00fcm fikri m\u00fclkiyet haklar\u0131 sakl\u0131d\u0131r. Bu h\u00fck\u00fcm ve ko\u015fullarda belirtilen k\u0131s\u0131tlamalara tabi olarak kendi ki\u015fisel kullan\u0131m\u0131n\u0131z i\u00e7in BettSun'dan eri\u015febilirsiniz.<\/p>\n\n\n\n<p><strong>2. Yapmamal\u0131s\u0131n\u0131z:<\/strong><\/p>\n\n\n\n<ul class=\"wp-block-list\">\n<li>BettSun'daki materyalleri yeniden yay\u0131nlay\u0131n<\/li>\n\n\n\n<li>BettSun'dan materyal satmak, kiralamak veya alt lisans vermek<\/li>\n\n\n\n<li>BettSun'dan materyal \u00e7o\u011faltmak, kopyalamak veya kopyalamak<\/li>\n\n\n\n<li>BettSun'daki i\u00e7eri\u011fi yeniden da\u011f\u0131t\u0131n<\/li>\n<\/ul>\n\n\n\n<p><strong>3. Kullan\u0131c\u0131 Yorumlar\u0131<\/strong><\/p>\n\n\n\n<ul class=\"wp-block-list\">\n<li>\u0130\u015fbu S\u00f6zle\u015fme, i\u015fbu S\u00f6zle\u015fme tarihinde ba\u015flayacakt\u0131r.<\/li>\n\n\n\n<li>Bu web sitesinin belirli b\u00f6l\u00fcmleri, kullan\u0131c\u0131lara g\u00f6r\u00fc\u015f ve bilgi payla\u015fma ve de\u011fi\u015f toku\u015f etme f\u0131rsat\u0131 sunmaktad\u0131r. BettSun, web sitesinde bulunmadan \u00f6nce Yorumlar\u0131 filtrelemez, d\u00fczenlemez, yay\u0131nlamaz veya g\u00f6zden ge\u00e7irmez. Yorumlar, BettSun'un, temsilcilerinin veya ba\u011fl\u0131 kurulu\u015flar\u0131n\u0131n g\u00f6r\u00fc\u015f ve d\u00fc\u015f\u00fcncelerini yans\u0131tmaz. Yorumlar, g\u00f6r\u00fc\u015f ve d\u00fc\u015f\u00fcncelerini yay\u0131nlayan ki\u015finin g\u00f6r\u00fc\u015f ve d\u00fc\u015f\u00fcncelerini yans\u0131t\u0131r. Y\u00fcr\u00fcrl\u00fckteki yasalar\u0131n izin verdi\u011fi \u00f6l\u00e7\u00fcde, BettSun, Yorumlardan veya Yorumlar\u0131n bu web sitesinde herhangi bir \u015fekilde kullan\u0131lmas\u0131 ve\/veya yay\u0131nlanmas\u0131 ve\/veya g\u00f6r\u00fcnmesi sonucunda ortaya \u00e7\u0131kan ve\/veya maruz kal\u0131nan herhangi bir y\u00fck\u00fcml\u00fcl\u00fck, zarar veya masraftan sorumlu olmayacakt\u0131r.<\/li>\n<\/ul>\n\n\n\n<p><strong>4. \u0130\u00e7eri\u011fimize K\u00f6pr\u00fc Olu\u015fturma<\/strong><\/p>\n\n\n\n<ul class=\"wp-block-list\">\n<li>Kurulu\u015flar ana sayfam\u0131za, yay\u0131nlara veya di\u011fer Web sitesi bilgilerine, ba\u011flant\u0131 verildi\u011fi s\u00fcrece ba\u011flant\u0131 verebilirler: (a) herhangi bir \u015fekilde aldat\u0131c\u0131 olmad\u0131\u011f\u0131; (b) ba\u011flant\u0131 veren taraf\u0131n ve \u00fcr\u00fcnlerinin ve\/veya hizmetlerinin sponsorlu\u011funu, onay\u0131n\u0131 veya onay\u0131n\u0131 yanl\u0131\u015f bir \u015fekilde ima etmedi\u011fi; ve (c) ba\u011flant\u0131 veren taraf\u0131n sitesinin ba\u011flam\u0131na uydu\u011fu s\u00fcrece.<\/li>\n<\/ul>\n\n\n\n<p><strong>5. \u0130\u00e7erik Sorumlulu\u011fu<\/strong> Web sitenizde yer alan hi\u00e7bir i\u00e7erikten sorumlu tutulamay\u0131z. Web sitenizde ortaya \u00e7\u0131kan t\u00fcm iddialara kar\u015f\u0131 bizi korumay\u0131 ve savunmay\u0131 kabul edersiniz. Herhangi bir Web Sitesinde hakaret, m\u00fcstehcenlik veya su\u00e7 olarak yorumlanabilecek veya herhangi bir \u00fc\u00e7\u00fcnc\u00fc taraf hakk\u0131n\u0131 ihlal eden, ba\u015fka \u015fekilde ihlal eden veya ihlal edilmesini veya ba\u015fka \u015fekilde ihlal edilmesini savunan hi\u00e7bir ba\u011flant\u0131 (ba\u011flant\u0131lar) g\u00f6r\u00fcnmemelidir.<\/p>\n\n\n\n<p><strong>6. Haklar\u0131n Sakl\u0131 Tutulmas\u0131<\/strong> Web sitemize olan t\u00fcm ba\u011flant\u0131lar\u0131 veya belirli bir ba\u011flant\u0131y\u0131 kald\u0131rman\u0131z\u0131 talep etme hakk\u0131m\u0131z\u0131 sakl\u0131 tutar\u0131z. Talep \u00fczerine web sitemize olan t\u00fcm ba\u011flant\u0131lar\u0131 derhal kald\u0131rmay\u0131 kabul edersiniz. Ayr\u0131ca, bu h\u00fck\u00fcm ve ko\u015fullar\u0131 ve ba\u011flant\u0131 politikas\u0131n\u0131 herhangi bir zamanda de\u011fi\u015ftirme hakk\u0131m\u0131z\u0131 sakl\u0131 tutar\u0131z. Web sitemize s\u00fcrekli olarak ba\u011flant\u0131 vererek, bu ba\u011flant\u0131 h\u00fck\u00fcm ve ko\u015fullar\u0131na ba\u011fl\u0131 kalmay\u0131 ve bunlara uymay\u0131 kabul etmi\u015f olursunuz.<\/p>\n\n\n\n<p><strong>7. Web sitemizden ba\u011flant\u0131lar\u0131n kald\u0131r\u0131lmas\u0131<\/strong> Web sitemizde herhangi bir nedenle rahats\u0131z edici bir ba\u011flant\u0131 bulursan\u0131z, bizimle her an ileti\u015fime ge\u00e7ebilir ve bilgi verebilirsiniz. Ba\u011flant\u0131lar\u0131 kald\u0131rma taleplerini de\u011ferlendirece\u011fiz, ancak bunu yapmak veya size do\u011frudan yan\u0131t vermek zorunda de\u011filiz.<\/p>\n\n\n\n<p><strong>8. Sorumluluk Reddi<\/strong><\/p>\n\n\n\n<ul class=\"wp-block-list\">\n<li>Bu web sitesindeki bilgiler \"oldu\u011fu gibi\", t\u00fcm hatalar\u0131yla birlikte sa\u011flanmaktad\u0131r ve BettSun, bu web sitesi veya bu web sitesinde yer alan materyallerle ilgili herhangi bir a\u00e7\u0131k veya z\u0131mni beyan veya garanti vermez. Ayr\u0131ca, bu web sitesinde yer alan hi\u00e7bir \u015fey size dan\u0131\u015fmanl\u0131k veya tavsiye sa\u011flad\u0131\u011f\u0131 \u015feklinde yorumlanamaz.<\/li>\n<\/ul>\n\n\n\n<p><strong>Bize Ula\u015f\u0131n<\/strong> Bu H\u00fck\u00fcm ve Ko\u015fullar hakk\u0131nda herhangi bir sorunuz varsa, bizimle \u015fu adresten ileti\u015fime ge\u00e7ebilirsiniz:<\/p>\n\n\n\n<ul class=\"wp-block-list\">\n<li>E-posta: <a>contact@bettsun.com<\/a><\/li>\n\n\n\n<li>Telefon +123 456 7890<\/li>\n\n\n\n<li>Adres 123 Energy Drive, \u0130novasyon Park\u0131<\/li>\n<\/ul>\n\t\t\t\t\t\t\t\t<\/div>\n\t\t\t\t<\/div>\n\t\t\t\t\t<\/div>\n\t\t\t\t<\/div>\n\t\t\t\t<\/div>","protected":false},"excerpt":{"rendered":"<p>Terms &#038; Conditions Welcome to BettSun! These terms and conditions outline the rules and regulations for the use of BettSun&#8217;s Website, located at www.bettsun.com. By accessing this website we assume you accept these terms and conditions. Do not continue to use BettSun if you do not agree to take all of the terms and conditions [&hellip;]<\/p>\n","protected":false},"author":2,"featured_media":0,"parent":0,"menu_order":0,"comment_status":"closed","ping_status":"closed","template":"","meta":{"_acf_changed":false,"footnotes":""},"class_list":["post-2007","page","type-page","status-publish","hentry"],"acf":[],"_links":{"self":[{"href":"https:\/\/bettsun.com\/tr\/wp-json\/wp\/v2\/pages\/2007","targetHints":{"allow":["GET"]}}],"collection":[{"href":"https:\/\/bettsun.com\/tr\/wp-json\/wp\/v2\/pages"}],"about":[{"href":"https:\/\/bettsun.com\/tr\/wp-json\/wp\/v2\/types\/page"}],"author":[{"embeddable":true,"href":"https:\/\/bettsun.com\/tr\/wp-json\/wp\/v2\/users\/2"}],"replies":[{"embeddable":true,"href":"https:\/\/bettsun.com\/tr\/wp-json\/wp\/v2\/comments?post=2007"}],"version-history":[{"count":0,"href":"https:\/\/bettsun.com\/tr\/wp-json\/wp\/v2\/pages\/2007\/revisions"}],"wp:attachment":[{"href":"https:\/\/bettsun.com\/tr\/wp-json\/wp\/v2\/media?parent=2007"}],"curies":[{"name":"wp","href":"https:\/\/api.w.org\/{rel}","templated":true}]}}