{"id":3133,"date":"2024-09-24T06:24:48","date_gmt":"2024-09-24T06:24:48","guid":{"rendered":"https:\/\/bettsun.com\/?post_type=product&#038;p=3133"},"modified":"2025-02-17T21:36:12","modified_gmt":"2025-02-17T21:36:12","slug":"bettsun-3kw-24v-hi\u0307bri\u0307t-gunes-i\u0307nvertoru","status":"publish","type":"product","link":"https:\/\/bettsun.com\/tr\/urunler\/bettsun-3kw-24v-hi\u0307bri\u0307t-gunes-i\u0307nvertoru\/","title":{"rendered":"Bettsun 3KW 24V Hibrit Solar \u0130nvert\u00f6r"},"content":{"rendered":"<p>Bettsun 3KW 24V Hibrit Solar \u0130nvert\u00f6r, 450Vdc'ye kadar bir PV giri\u015f aral\u0131\u011f\u0131na, \u00e7e\u015fitli pil t\u00fcrleriyle uyumlu 24V pil sistemine, 99.9% verimlili\u011fe sahip tek bir MPPT'ye sahiptir ve 208, 220, 230 ve 240Vac \u00e7\u0131k\u0131\u015f voltajlar\u0131n\u0131 destekler. Maksimum 22A ak\u0131m sa\u011flar.<\/p>","protected":false},"excerpt":{"rendered":"<h3 data-start=\"601\" data-end=\"624\"><strong data-start=\"605\" data-end=\"622\">Temel \u00d6zellikler:<\/strong><\/h3>\n<ul>\n<li data-start=\"625\" data-end=\"913\"><strong>PV Giri\u015f Voltaj Aral\u0131\u011f\u0131:<\/strong> Esnek g\u00fcne\u015f paneli uyumlulu\u011fu i\u00e7in 450Vdc'ye kadar.<\/li>\n<li data-start=\"625\" data-end=\"913\"><strong>Ak\u00fc Sistemi:<\/strong> 24V, \u00e7e\u015fitli ak\u00fc tipleri ile uyumludur.<\/li>\n<li data-start=\"625\" data-end=\"913\"><strong>Tek MPPT:<\/strong> 22A maksimum ak\u0131m ile 99,9% verimlilik.<\/li>\n<li data-start=\"625\" data-end=\"913\"><strong>\u00c7oklu \u00c7\u0131k\u0131\u015f Voltajlar\u0131:<\/strong> \u00c7ok y\u00f6nl\u00fc uygulamalar i\u00e7in 208, 220, 230 ve 240Vac destekler.<\/li>\n<\/ul>","protected":false},"featured_media":2991,"comment_status":"open","ping_status":"closed","template":"","meta":{"_acf_changed":false},"product_brand":[],"product_cat":[66,65],"product_tag":[],"class_list":{"0":"post-3133","1":"product","2":"type-product","3":"status-publish","4":"has-post-thumbnail","6":"product_cat-hybrid-inverter","7":"product_cat-inverter","9":"first","10":"instock","11":"shipping-taxable","12":"purchasable","13":"product-type-simple"},"acf":[],"_links":{"self":[{"href":"https:\/\/bettsun.com\/tr\/wp-json\/wp\/v2\/product\/3133","targetHints":{"allow":["GET"]}}],"collection":[{"href":"https:\/\/bettsun.com\/tr\/wp-json\/wp\/v2\/product"}],"about":[{"href":"https:\/\/bettsun.com\/tr\/wp-json\/wp\/v2\/types\/product"}],"replies":[{"embeddable":true,"href":"https:\/\/bettsun.com\/tr\/wp-json\/wp\/v2\/comments?post=3133"}],"version-history":[{"count":3,"href":"https:\/\/bettsun.com\/tr\/wp-json\/wp\/v2\/product\/3133\/revisions"}],"predecessor-version":[{"id":8281,"href":"https:\/\/bettsun.com\/tr\/wp-json\/wp\/v2\/product\/3133\/revisions\/8281"}],"wp:featuredmedia":[{"embeddable":true,"href":"https:\/\/bettsun.com\/tr\/wp-json\/wp\/v2\/media\/2991"}],"wp:attachment":[{"href":"https:\/\/bettsun.com\/tr\/wp-json\/wp\/v2\/media?parent=3133"}],"wp:term":[{"taxonomy":"product_brand","embeddable":true,"href":"https:\/\/bettsun.com\/tr\/wp-json\/wp\/v2\/product_brand?post=3133"},{"taxonomy":"product_cat","embeddable":true,"href":"https:\/\/bettsun.com\/tr\/wp-json\/wp\/v2\/product_cat?post=3133"},{"taxonomy":"product_tag","embeddable":true,"href":"https:\/\/bettsun.com\/tr\/wp-json\/wp\/v2\/product_tag?post=3133"}],"curies":[{"name":"wp","href":"https:\/\/api.w.org\/{rel}","templated":true}]}}