{"id":3155,"date":"2024-09-24T07:26:07","date_gmt":"2024-09-24T07:26:07","guid":{"rendered":"https:\/\/bettsun.com\/?post_type=product&#038;p=3155"},"modified":"2025-02-17T21:30:53","modified_gmt":"2025-02-17T21:30:53","slug":"bettsun-4kw-48v-hibrit-gunes-invertoru","status":"publish","type":"product","link":"https:\/\/bettsun.com\/tr\/urunler\/bettsun-4kw-48v-hibrit-gunes-invertoru\/","title":{"rendered":"Bettsun 4KW 48V Hibrit Solar \u0130nvert\u00f6r"},"content":{"rendered":"<p>Bettsun 4KW 48V Hibrit Solar \u0130nvert\u00f6r, 110-450Vdc PV giri\u015f aral\u0131\u011f\u0131na, Pb ve Li-ion pillerle uyumlu 48V pil sistemine, 95.1% verimlili\u011fe sahip tek bir MPPT'ye sahiptir ve 208Vac, 230Vac ve 240Vac \u00e7\u0131k\u0131\u015f voltajlar\u0131n\u0131 destekler. Maksimum 4000W giri\u015f g\u00fcc\u00fc sa\u011flar.<\/p>","protected":false},"excerpt":{"rendered":"<h3 data-start=\"608\" data-end=\"631\"><strong data-start=\"612\" data-end=\"629\">Temel \u00d6zellikler:<\/strong><\/h3>\n<ul>\n<li data-start=\"632\" data-end=\"915\"><strong>PV Giri\u015f Voltaj Aral\u0131\u011f\u0131:<\/strong> Geni\u015f g\u00fcne\u015f paneli uyumlulu\u011fu i\u00e7in 110-450Vdc.<\/li>\n<li data-start=\"632\" data-end=\"915\"><strong>Ak\u00fc Sistemi:<\/strong> 48V, Pb ve Li-ion ak\u00fclerle uyumludur.<\/li>\n<li data-start=\"632\" data-end=\"915\"><strong>Tek MPPT:<\/strong> Maksimum 4000W giri\u015f g\u00fcc\u00fc ile 95.1% verimlilik.<\/li>\n<li data-start=\"632\" data-end=\"915\"><strong>\u00c7oklu \u00c7\u0131k\u0131\u015f Voltajlar\u0131:<\/strong> \u00c7ok y\u00f6nl\u00fc kullan\u0131m i\u00e7in 208Vac, 230Vac ve 240Vac destekler.<\/li>\n<\/ul>","protected":false},"featured_media":2991,"comment_status":"open","ping_status":"closed","template":"","meta":{"_acf_changed":false},"product_brand":[],"product_cat":[66,65],"product_tag":[],"class_list":{"0":"post-3155","1":"product","2":"type-product","3":"status-publish","4":"has-post-thumbnail","6":"product_cat-hybrid-inverter","7":"product_cat-inverter","9":"first","10":"instock","11":"shipping-taxable","12":"purchasable","13":"product-type-simple"},"acf":[],"_links":{"self":[{"href":"https:\/\/bettsun.com\/tr\/wp-json\/wp\/v2\/product\/3155","targetHints":{"allow":["GET"]}}],"collection":[{"href":"https:\/\/bettsun.com\/tr\/wp-json\/wp\/v2\/product"}],"about":[{"href":"https:\/\/bettsun.com\/tr\/wp-json\/wp\/v2\/types\/product"}],"replies":[{"embeddable":true,"href":"https:\/\/bettsun.com\/tr\/wp-json\/wp\/v2\/comments?post=3155"}],"version-history":[{"count":7,"href":"https:\/\/bettsun.com\/tr\/wp-json\/wp\/v2\/product\/3155\/revisions"}],"predecessor-version":[{"id":8278,"href":"https:\/\/bettsun.com\/tr\/wp-json\/wp\/v2\/product\/3155\/revisions\/8278"}],"wp:featuredmedia":[{"embeddable":true,"href":"https:\/\/bettsun.com\/tr\/wp-json\/wp\/v2\/media\/2991"}],"wp:attachment":[{"href":"https:\/\/bettsun.com\/tr\/wp-json\/wp\/v2\/media?parent=3155"}],"wp:term":[{"taxonomy":"product_brand","embeddable":true,"href":"https:\/\/bettsun.com\/tr\/wp-json\/wp\/v2\/product_brand?post=3155"},{"taxonomy":"product_cat","embeddable":true,"href":"https:\/\/bettsun.com\/tr\/wp-json\/wp\/v2\/product_cat?post=3155"},{"taxonomy":"product_tag","embeddable":true,"href":"https:\/\/bettsun.com\/tr\/wp-json\/wp\/v2\/product_tag?post=3155"}],"curies":[{"name":"wp","href":"https:\/\/api.w.org\/{rel}","templated":true}]}}