{"id":3160,"date":"2024-09-24T07:47:22","date_gmt":"2024-09-24T07:47:22","guid":{"rendered":"https:\/\/bettsun.com\/?post_type=product&#038;p=3160"},"modified":"2025-02-17T21:25:48","modified_gmt":"2025-02-17T21:25:48","slug":"bettsun-6kw-48v-hibrit-gunes-invertoru","status":"publish","type":"product","link":"https:\/\/bettsun.com\/tr\/urunler\/bettsun-6kw-48v-hibrit-gunes-invertoru\/","title":{"rendered":"Bettsun 6KW 48V Hibrit Solar \u0130nvert\u00f6r"},"content":{"rendered":"<p>Bettsun 6KW 48V Hibrit Solar \u0130nvert\u00f6r, 110-450Vdc PV giri\u015f aral\u0131\u011f\u0131na, kur\u015fun-asit ve lityum-iyon pillerle uyumlu 48V pil sistemine, 97.5% verimlili\u011fe sahip tek bir MPPT'ye sahiptir ve 208Vac, 230Vac ve 240Vac \u00e7\u0131k\u0131\u015f voltajlar\u0131n\u0131 destekler. Maksimum 6000W giri\u015f g\u00fcc\u00fc sa\u011flar.<\/p>","protected":false},"excerpt":{"rendered":"<h3 data-start=\"623\" data-end=\"646\"><strong data-start=\"627\" data-end=\"644\">Temel \u00d6zellikler:<\/strong><\/h3>\n<ul>\n<li data-start=\"647\" data-end=\"942\"><strong>PV Giri\u015f Voltaj Aral\u0131\u011f\u0131:<\/strong> Geni\u015f g\u00fcne\u015f paneli uyumlulu\u011fu i\u00e7in 110-450Vdc.<\/li>\n<li data-start=\"647\" data-end=\"942\"><strong>Ak\u00fc Sistemi<\/strong>: 48V, kur\u015fun-asit ve lityum-iyon ak\u00fclerle uyumludur.<\/li>\n<li data-start=\"647\" data-end=\"942\"><strong>Tek MPPT:<\/strong> 6000W maksimum giri\u015f g\u00fcc\u00fc ile 97,5% verimlilik.<\/li>\n<li data-start=\"647\" data-end=\"942\"><strong>\u00c7oklu \u00c7\u0131k\u0131\u015f Voltajlar\u0131:<\/strong> \u00c7ok y\u00f6nl\u00fc kullan\u0131m i\u00e7in 208Vac, 230Vac ve 240Vac destekler.<\/li>\n<\/ul>","protected":false},"featured_media":3553,"comment_status":"open","ping_status":"closed","template":"","meta":{"_acf_changed":false},"product_brand":[],"product_cat":[66,65],"product_tag":[],"class_list":{"0":"post-3160","1":"product","2":"type-product","3":"status-publish","4":"has-post-thumbnail","6":"product_cat-hybrid-inverter","7":"product_cat-inverter","9":"first","10":"instock","11":"shipping-taxable","12":"purchasable","13":"product-type-simple"},"acf":[],"_links":{"self":[{"href":"https:\/\/bettsun.com\/tr\/wp-json\/wp\/v2\/product\/3160","targetHints":{"allow":["GET"]}}],"collection":[{"href":"https:\/\/bettsun.com\/tr\/wp-json\/wp\/v2\/product"}],"about":[{"href":"https:\/\/bettsun.com\/tr\/wp-json\/wp\/v2\/types\/product"}],"replies":[{"embeddable":true,"href":"https:\/\/bettsun.com\/tr\/wp-json\/wp\/v2\/comments?post=3160"}],"version-history":[{"count":3,"href":"https:\/\/bettsun.com\/tr\/wp-json\/wp\/v2\/product\/3160\/revisions"}],"predecessor-version":[{"id":8274,"href":"https:\/\/bettsun.com\/tr\/wp-json\/wp\/v2\/product\/3160\/revisions\/8274"}],"wp:featuredmedia":[{"embeddable":true,"href":"https:\/\/bettsun.com\/tr\/wp-json\/wp\/v2\/media\/3553"}],"wp:attachment":[{"href":"https:\/\/bettsun.com\/tr\/wp-json\/wp\/v2\/media?parent=3160"}],"wp:term":[{"taxonomy":"product_brand","embeddable":true,"href":"https:\/\/bettsun.com\/tr\/wp-json\/wp\/v2\/product_brand?post=3160"},{"taxonomy":"product_cat","embeddable":true,"href":"https:\/\/bettsun.com\/tr\/wp-json\/wp\/v2\/product_cat?post=3160"},{"taxonomy":"product_tag","embeddable":true,"href":"https:\/\/bettsun.com\/tr\/wp-json\/wp\/v2\/product_tag?post=3160"}],"curies":[{"name":"wp","href":"https:\/\/api.w.org\/{rel}","templated":true}]}}