{"id":3242,"date":"2024-09-24T15:04:38","date_gmt":"2024-09-24T15:04:38","guid":{"rendered":"https:\/\/bettsun.com\/?post_type=product&#038;p=3242"},"modified":"2025-02-17T21:23:32","modified_gmt":"2025-02-17T21:23:32","slug":"bettsun-7kw-48v-ci\u0307ft-mpptli\u0307-hi\u0307bri\u0307t-solar-i\u0307nverter","status":"publish","type":"product","link":"https:\/\/bettsun.com\/tr\/urunler\/bettsun-7kw-48v-ci\u0307ft-mpptli\u0307-hi\u0307bri\u0307t-solar-i\u0307nverter\/","title":{"rendered":"\u00c7ift MPPT ile Bettsun 7KW 48V Hibrit Solar \u0130nvert\u00f6r"},"content":{"rendered":"<p>Bettsun 7KW 48V Hibrit Solar \u0130nvert\u00f6r, 110-450Vdc PV giri\u015f aral\u0131\u011f\u0131na, kur\u015fun-asit ve lityum-iyon pillerle uyumlu 48V pil sistemine, 97.5% verimlili\u011fe sahip tek bir MPPT'ye sahiptir ve 208Vac, 230Vac ve 240Vac \u00e7\u0131k\u0131\u015f voltajlar\u0131n\u0131 destekler. Maksimum 6000W giri\u015f g\u00fcc\u00fc sa\u011flar.<\/p>","protected":false},"excerpt":{"rendered":"<h3 data-start=\"637\" data-end=\"660\"><strong data-start=\"641\" data-end=\"658\">Temel \u00d6zellikler:<\/strong><\/h3>\n<ul>\n<li data-start=\"661\" data-end=\"956\"><strong>PV Giri\u015f Voltaj Aral\u0131\u011f\u0131:<\/strong> Geni\u015f g\u00fcne\u015f paneli uyumlulu\u011fu i\u00e7in 110-450Vdc.<\/li>\n<li data-start=\"661\" data-end=\"956\"><strong>Ak\u00fc Sistemi:<\/strong> 48V, kur\u015fun-asit ve lityum-iyon ak\u00fclerle uyumludur.<\/li>\n<li data-start=\"661\" data-end=\"956\"><strong>Tek MPPT:<\/strong> 6000W maksimum giri\u015f g\u00fcc\u00fc ile 97,5% verimlilik.<\/li>\n<li data-start=\"661\" data-end=\"956\"><strong>\u00c7oklu \u00c7\u0131k\u0131\u015f Voltajlar\u0131:<\/strong> \u00c7ok y\u00f6nl\u00fc kullan\u0131m i\u00e7in 208Vac, 230Vac ve 240Vac destekler.<\/li>\n<\/ul>","protected":false},"featured_media":3553,"comment_status":"open","ping_status":"closed","template":"","meta":{"_acf_changed":false},"product_brand":[],"product_cat":[66,65],"product_tag":[],"class_list":{"0":"post-3242","1":"product","2":"type-product","3":"status-publish","4":"has-post-thumbnail","6":"product_cat-hybrid-inverter","7":"product_cat-inverter","9":"first","10":"instock","11":"shipping-taxable","12":"purchasable","13":"product-type-simple"},"acf":[],"_links":{"self":[{"href":"https:\/\/bettsun.com\/tr\/wp-json\/wp\/v2\/product\/3242","targetHints":{"allow":["GET"]}}],"collection":[{"href":"https:\/\/bettsun.com\/tr\/wp-json\/wp\/v2\/product"}],"about":[{"href":"https:\/\/bettsun.com\/tr\/wp-json\/wp\/v2\/types\/product"}],"replies":[{"embeddable":true,"href":"https:\/\/bettsun.com\/tr\/wp-json\/wp\/v2\/comments?post=3242"}],"version-history":[{"count":3,"href":"https:\/\/bettsun.com\/tr\/wp-json\/wp\/v2\/product\/3242\/revisions"}],"predecessor-version":[{"id":8273,"href":"https:\/\/bettsun.com\/tr\/wp-json\/wp\/v2\/product\/3242\/revisions\/8273"}],"wp:featuredmedia":[{"embeddable":true,"href":"https:\/\/bettsun.com\/tr\/wp-json\/wp\/v2\/media\/3553"}],"wp:attachment":[{"href":"https:\/\/bettsun.com\/tr\/wp-json\/wp\/v2\/media?parent=3242"}],"wp:term":[{"taxonomy":"product_brand","embeddable":true,"href":"https:\/\/bettsun.com\/tr\/wp-json\/wp\/v2\/product_brand?post=3242"},{"taxonomy":"product_cat","embeddable":true,"href":"https:\/\/bettsun.com\/tr\/wp-json\/wp\/v2\/product_cat?post=3242"},{"taxonomy":"product_tag","embeddable":true,"href":"https:\/\/bettsun.com\/tr\/wp-json\/wp\/v2\/product_tag?post=3242"}],"curies":[{"name":"wp","href":"https:\/\/api.w.org\/{rel}","templated":true}]}}