{"id":3246,"date":"2024-09-24T15:15:55","date_gmt":"2024-09-24T15:15:55","guid":{"rendered":"https:\/\/bettsun.com\/?post_type=product&#038;p=3246"},"modified":"2025-02-17T21:17:00","modified_gmt":"2025-02-17T21:17:00","slug":"bettsun-10kw-48v-ci\u0307ft-mpptli\u0307-hi\u0307bri\u0307t-solar-i\u0307nverter","status":"publish","type":"product","link":"https:\/\/bettsun.com\/tr\/urunler\/bettsun-10kw-48v-ci\u0307ft-mpptli\u0307-hi\u0307bri\u0307t-solar-i\u0307nverter\/","title":{"rendered":"Bettsun 10KW 48V \u00c7ift MPPT'li Hibrit Solar \u0130nvert\u00f6r"},"content":{"rendered":"<p>Bettsun 10KW 48V Hibrit Solar \u0130nvert\u00f6r, 110-450Vdc PV giri\u015f aral\u0131\u011f\u0131, kur\u015fun asit ve lityum iyon pillerle uyumlu 48V pil sistemi, 97.5% verimlilik i\u00e7in \u00e7ift MPPT ve 208Vac, 230Vac ve 240Vac \u00e7\u0131k\u0131\u015f voltajlar\u0131na sahiptir. Ayr\u0131ca geli\u015fmi\u015f \u015febeke g\u00fcvenli\u011fi i\u00e7in CT sens\u00f6rleri ve bir anti-blok anahtar\u0131 i\u00e7erir.<\/p>","protected":false},"excerpt":{"rendered":"<h3 data-start=\"656\" data-end=\"679\"><strong data-start=\"660\" data-end=\"677\">Temel \u00d6zellikler:<\/strong><\/h3>\n<ul>\n<li data-start=\"680\" data-end=\"1057\"><strong>PV Giri\u015f Voltaj Aral\u0131\u011f\u0131:<\/strong> Geni\u015f g\u00fcne\u015f paneli uyumlulu\u011fu i\u00e7in 110-450Vdc.<\/li>\n<li data-start=\"680\" data-end=\"1057\"><strong>Ak\u00fc Sistemi:<\/strong> 48V, kur\u015fun-asit ve lityum-iyon ak\u00fclerle \u00e7al\u0131\u015f\u0131r.<\/li>\n<li data-start=\"680\" data-end=\"1057\"><strong>\u00c7ift MPPT:<\/strong> 10000W maksimum giri\u015f g\u00fcc\u00fc ile 97,5% verimlilik.<\/li>\n<li data-start=\"680\" data-end=\"1057\"><strong>\u00c7oklu \u00c7\u0131k\u0131\u015f Voltajlar\u0131:<\/strong> \u00c7ok y\u00f6nl\u00fc kullan\u0131m i\u00e7in 208Vac, 230Vac ve 240Vac destekler.<\/li>\n<li data-start=\"680\" data-end=\"1057\"><strong>\u015eebeke G\u00fcvenli\u011fi:<\/strong> G\u00fcvenli \u015febeke entegrasyonu i\u00e7in CT sens\u00f6rleri ve anti blokaj anahtar\u0131 ile donat\u0131lm\u0131\u015ft\u0131r.<\/li>\n<\/ul>","protected":false},"featured_media":2991,"comment_status":"open","ping_status":"closed","template":"","meta":{"_acf_changed":false},"product_brand":[],"product_cat":[66,65],"product_tag":[],"class_list":{"0":"post-3246","1":"product","2":"type-product","3":"status-publish","4":"has-post-thumbnail","6":"product_cat-hybrid-inverter","7":"product_cat-inverter","9":"first","10":"instock","11":"shipping-taxable","12":"purchasable","13":"product-type-simple"},"acf":[],"_links":{"self":[{"href":"https:\/\/bettsun.com\/tr\/wp-json\/wp\/v2\/product\/3246","targetHints":{"allow":["GET"]}}],"collection":[{"href":"https:\/\/bettsun.com\/tr\/wp-json\/wp\/v2\/product"}],"about":[{"href":"https:\/\/bettsun.com\/tr\/wp-json\/wp\/v2\/types\/product"}],"replies":[{"embeddable":true,"href":"https:\/\/bettsun.com\/tr\/wp-json\/wp\/v2\/comments?post=3246"}],"version-history":[{"count":6,"href":"https:\/\/bettsun.com\/tr\/wp-json\/wp\/v2\/product\/3246\/revisions"}],"predecessor-version":[{"id":8269,"href":"https:\/\/bettsun.com\/tr\/wp-json\/wp\/v2\/product\/3246\/revisions\/8269"}],"wp:featuredmedia":[{"embeddable":true,"href":"https:\/\/bettsun.com\/tr\/wp-json\/wp\/v2\/media\/2991"}],"wp:attachment":[{"href":"https:\/\/bettsun.com\/tr\/wp-json\/wp\/v2\/media?parent=3246"}],"wp:term":[{"taxonomy":"product_brand","embeddable":true,"href":"https:\/\/bettsun.com\/tr\/wp-json\/wp\/v2\/product_brand?post=3246"},{"taxonomy":"product_cat","embeddable":true,"href":"https:\/\/bettsun.com\/tr\/wp-json\/wp\/v2\/product_cat?post=3246"},{"taxonomy":"product_tag","embeddable":true,"href":"https:\/\/bettsun.com\/tr\/wp-json\/wp\/v2\/product_tag?post=3246"}],"curies":[{"name":"wp","href":"https:\/\/api.w.org\/{rel}","templated":true}]}}