{"id":3249,"date":"2024-09-24T15:17:36","date_gmt":"2024-09-24T15:17:36","guid":{"rendered":"https:\/\/bettsun.com\/?post_type=product&#038;p=3249"},"modified":"2025-02-17T21:12:34","modified_gmt":"2025-02-17T21:12:34","slug":"gunes-kiti","status":"publish","type":"product","link":"https:\/\/bettsun.com\/tr\/urunler\/gunes-kiti\/","title":{"rendered":"G\u00fcne\u015f enerjisi kiti"},"content":{"rendered":"<p>onun <strong data-start=\"104\" data-end=\"117\">G\u00fcne\u015f Kiti<\/strong> 110-450Vdc PV giri\u015f aral\u0131\u011f\u0131, kur\u015fun-asit ve lityum-iyon ak\u00fclerle uyumlu 48V ak\u00fc sistemi, 97,5% verimlilik i\u00e7in \u00e7ift MPPT ve 208Vac, 230Vac ve 240Vac \u00e7\u0131k\u0131\u015f voltajlar\u0131na sahiptir. Ayr\u0131ca CT sens\u00f6rleri ve \u015febeke g\u00fcvenli\u011fi i\u00e7in bir anti-blok anahtar\u0131 i\u00e7erir.<\/p>","protected":false},"excerpt":{"rendered":"<h3 data-start=\"598\" data-end=\"621\"><strong data-start=\"602\" data-end=\"619\">Temel \u00d6zellikler:<\/strong><\/h3>\n<p data-start=\"622\" data-end=\"985\"><strong>PV Giri\u015f Voltaj Aral\u0131\u011f\u0131:<\/strong> Esnek panel uyumlulu\u011fu i\u00e7in 110-450Vdc.<br data-start=\"690\" data-end=\"693\" \/><strong>Ak\u00fc Sistemi:<\/strong> 48V, hem kur\u015fun-asit hem de lityum-iyon ak\u00fclerle uyumludur.<br data-start=\"771\" data-end=\"774\" \/><strong>\u00c7ift MPPT:<\/strong> 12000W maksimum giri\u015f g\u00fcc\u00fc ile 97,5% verimlilik.<br data-start=\"832\" data-end=\"835\" \/><strong>\u00c7oklu \u00c7\u0131k\u0131\u015f Voltajlar\u0131:<\/strong> \u00c7ok y\u00f6nl\u00fc uygulamalar i\u00e7in 208Vac, 230Vac ve 240Vac.<br data-start=\"915\" data-end=\"918\" \/><strong>\u015eebeke G\u00fcvenli\u011fi:<\/strong> G\u00fcvenli entegrasyon i\u00e7in CT sens\u00f6rleri ve anti blokaj anahtar\u0131.<\/p>","protected":false},"featured_media":2991,"comment_status":"open","ping_status":"closed","template":"","meta":{"_acf_changed":false},"product_brand":[],"product_cat":[90,89],"product_tag":[],"class_list":{"0":"post-3249","1":"product","2":"type-product","3":"status-publish","4":"has-post-thumbnail","6":"product_cat-rv-solutions","7":"product_cat-solutions","9":"first","10":"instock","11":"shipping-taxable","12":"purchasable","13":"product-type-simple"},"acf":[],"_links":{"self":[{"href":"https:\/\/bettsun.com\/tr\/wp-json\/wp\/v2\/product\/3249","targetHints":{"allow":["GET"]}}],"collection":[{"href":"https:\/\/bettsun.com\/tr\/wp-json\/wp\/v2\/product"}],"about":[{"href":"https:\/\/bettsun.com\/tr\/wp-json\/wp\/v2\/types\/product"}],"replies":[{"embeddable":true,"href":"https:\/\/bettsun.com\/tr\/wp-json\/wp\/v2\/comments?post=3249"}],"version-history":[{"count":2,"href":"https:\/\/bettsun.com\/tr\/wp-json\/wp\/v2\/product\/3249\/revisions"}],"predecessor-version":[{"id":8267,"href":"https:\/\/bettsun.com\/tr\/wp-json\/wp\/v2\/product\/3249\/revisions\/8267"}],"wp:featuredmedia":[{"embeddable":true,"href":"https:\/\/bettsun.com\/tr\/wp-json\/wp\/v2\/media\/2991"}],"wp:attachment":[{"href":"https:\/\/bettsun.com\/tr\/wp-json\/wp\/v2\/media?parent=3249"}],"wp:term":[{"taxonomy":"product_brand","embeddable":true,"href":"https:\/\/bettsun.com\/tr\/wp-json\/wp\/v2\/product_brand?post=3249"},{"taxonomy":"product_cat","embeddable":true,"href":"https:\/\/bettsun.com\/tr\/wp-json\/wp\/v2\/product_cat?post=3249"},{"taxonomy":"product_tag","embeddable":true,"href":"https:\/\/bettsun.com\/tr\/wp-json\/wp\/v2\/product_tag?post=3249"}],"curies":[{"name":"wp","href":"https:\/\/api.w.org\/{rel}","templated":true}]}}