{"id":3252,"date":"2024-09-24T15:37:43","date_gmt":"2024-09-24T15:37:43","guid":{"rendered":"https:\/\/bettsun.com\/?post_type=product&#038;p=3252"},"modified":"2025-02-17T21:08:05","modified_gmt":"2025-02-17T21:08:05","slug":"bettsun-m100a-mppt-solar-sarj-kontroloru","status":"publish","type":"product","link":"https:\/\/bettsun.com\/tr\/urunler\/bettsun-m100a-mppt-solar-sarj-kontroloru\/","title":{"rendered":"BettSun M100A MPPT Solar \u015earj Kontrol Cihaz\u0131"},"content":{"rendered":"<p>Bettsun M100A MPPT Solar \u015earj Kontrol Cihaz\u0131, optimize edilmi\u015f kontrol i\u00e7in y\u00fcksek performansl\u0131 DSP, otomatik ak\u00fc voltaj\u0131 alg\u0131lama, kararl\u0131 \u00e7al\u0131\u015fma i\u00e7in voltaj K\u0130L\u0130D\u0130 ve bir mobil uygulama arac\u0131l\u0131\u011f\u0131yla uzaktan izleme sunar.<\/p>","protected":false},"excerpt":{"rendered":"<h3 data-start=\"546\" data-end=\"569\"><strong data-start=\"550\" data-end=\"567\">Temel \u00d6zellikler:<\/strong><\/h3>\n<ul>\n<li data-start=\"570\" data-end=\"858\"><strong>Y\u00fcksek performansl\u0131 DSP:<\/strong> Maksimum enerji verimlili\u011fi i\u00e7in optimize edilmi\u015f kontrol.<\/li>\n<li data-start=\"570\" data-end=\"858\"><strong>Otomatik Ak\u00fc Voltaj\u0131 Alg\u0131lama:<\/strong> \u00c7e\u015fitli ak\u00fc tipleri ile sorunsuz uyumluluk.<\/li>\n<li data-start=\"570\" data-end=\"858\"><strong>Voltaj K\u0130L\u0130D\u0130:<\/strong> \u0130stikrarl\u0131 ve g\u00fcvenilir \u00e7al\u0131\u015fma sa\u011flar.<\/li>\n<li data-start=\"570\" data-end=\"858\"><strong>Uzaktan \u0130zleme:<\/strong> Ger\u00e7ek zamanl\u0131 kontrol i\u00e7in kullan\u0131\u015fl\u0131 mobil uygulama eri\u015fimi.<\/li>\n<\/ul>","protected":false},"featured_media":3217,"comment_status":"open","ping_status":"closed","template":"","meta":{"_acf_changed":false},"product_brand":[],"product_cat":[69,77,78,72],"product_tag":[],"class_list":{"0":"post-3252","1":"product","2":"type-product","3":"status-publish","4":"has-post-thumbnail","6":"product_cat-charger","7":"product_cat-controller","8":"product_cat-mppt-solar-controller","9":"product_cat-solar-charger","11":"first","12":"instock","13":"shipping-taxable","14":"purchasable","15":"product-type-simple"},"acf":[],"_links":{"self":[{"href":"https:\/\/bettsun.com\/tr\/wp-json\/wp\/v2\/product\/3252","targetHints":{"allow":["GET"]}}],"collection":[{"href":"https:\/\/bettsun.com\/tr\/wp-json\/wp\/v2\/product"}],"about":[{"href":"https:\/\/bettsun.com\/tr\/wp-json\/wp\/v2\/types\/product"}],"replies":[{"embeddable":true,"href":"https:\/\/bettsun.com\/tr\/wp-json\/wp\/v2\/comments?post=3252"}],"version-history":[{"count":2,"href":"https:\/\/bettsun.com\/tr\/wp-json\/wp\/v2\/product\/3252\/revisions"}],"predecessor-version":[{"id":8266,"href":"https:\/\/bettsun.com\/tr\/wp-json\/wp\/v2\/product\/3252\/revisions\/8266"}],"wp:featuredmedia":[{"embeddable":true,"href":"https:\/\/bettsun.com\/tr\/wp-json\/wp\/v2\/media\/3217"}],"wp:attachment":[{"href":"https:\/\/bettsun.com\/tr\/wp-json\/wp\/v2\/media?parent=3252"}],"wp:term":[{"taxonomy":"product_brand","embeddable":true,"href":"https:\/\/bettsun.com\/tr\/wp-json\/wp\/v2\/product_brand?post=3252"},{"taxonomy":"product_cat","embeddable":true,"href":"https:\/\/bettsun.com\/tr\/wp-json\/wp\/v2\/product_cat?post=3252"},{"taxonomy":"product_tag","embeddable":true,"href":"https:\/\/bettsun.com\/tr\/wp-json\/wp\/v2\/product_tag?post=3252"}],"curies":[{"name":"wp","href":"https:\/\/api.w.org\/{rel}","templated":true}]}}