{"id":3257,"date":"2024-09-24T15:45:05","date_gmt":"2024-09-24T15:45:05","guid":{"rendered":"https:\/\/bettsun.com\/?post_type=product&#038;p=3257"},"modified":"2025-02-17T21:04:17","modified_gmt":"2025-02-17T21:04:17","slug":"bettsun-m120a-mppt-solar-sarj-kontroloru","status":"publish","type":"product","link":"https:\/\/bettsun.com\/tr\/urunler\/bettsun-m120a-mppt-solar-sarj-kontroloru\/","title":{"rendered":"BettSun M120A MPPT Solar \u015earj Kontrol Cihaz\u0131"},"content":{"rendered":"<p>Bettsun M120A MPPT Solar \u015earj Kontrol Cihaz\u0131, optimize edilmi\u015f kontrol i\u00e7in y\u00fcksek performansl\u0131 DSP, otomatik ak\u00fc voltaj\u0131 alg\u0131lama, kararl\u0131 \u00e7al\u0131\u015fma i\u00e7in voltaj K\u0130L\u0130D\u0130 ve mobil uygulama arac\u0131l\u0131\u011f\u0131yla uzaktan izleme \u00f6zelliklerine sahiptir.<\/p>","protected":false},"excerpt":{"rendered":"<h3 data-start=\"554\" data-end=\"577\"><strong data-start=\"558\" data-end=\"575\">Temel \u00d6zellikler:<\/strong><\/h3>\n<ul>\n<li data-start=\"578\" data-end=\"889\"><strong>Y\u00fcksek performansl\u0131 DSP:<\/strong> Maksimum g\u00fcne\u015f verimlili\u011fi i\u00e7in optimize edilmi\u015f kontrol.<\/li>\n<li data-start=\"578\" data-end=\"889\"><strong>Otomatik Ak\u00fc Voltaj\u0131 Alg\u0131lama:<\/strong> Farkl\u0131 ak\u00fc tipleri ile uyumluluk sa\u011flar.<\/li>\n<li data-start=\"578\" data-end=\"889\"><strong>Voltaj K\u0130L\u0130D\u0130:<\/strong> Voltaj dalgalanmalar\u0131n\u0131 \u00f6nleyerek kararl\u0131 \u00e7al\u0131\u015fma sa\u011flar.<\/li>\n<li data-start=\"578\" data-end=\"889\"><strong>Uzaktan \u0130zleme:<\/strong> Kolayl\u0131k i\u00e7in mobil uygulama \u00fczerinden izleyin ve kontrol edin.<\/li>\n<\/ul>","protected":false},"featured_media":3217,"comment_status":"open","ping_status":"closed","template":"","meta":{"_acf_changed":false},"product_brand":[],"product_cat":[69,77,78,72],"product_tag":[],"class_list":{"0":"post-3257","1":"product","2":"type-product","3":"status-publish","4":"has-post-thumbnail","6":"product_cat-charger","7":"product_cat-controller","8":"product_cat-mppt-solar-controller","9":"product_cat-solar-charger","11":"first","12":"instock","13":"shipping-taxable","14":"purchasable","15":"product-type-simple"},"acf":[],"_links":{"self":[{"href":"https:\/\/bettsun.com\/tr\/wp-json\/wp\/v2\/product\/3257","targetHints":{"allow":["GET"]}}],"collection":[{"href":"https:\/\/bettsun.com\/tr\/wp-json\/wp\/v2\/product"}],"about":[{"href":"https:\/\/bettsun.com\/tr\/wp-json\/wp\/v2\/types\/product"}],"replies":[{"embeddable":true,"href":"https:\/\/bettsun.com\/tr\/wp-json\/wp\/v2\/comments?post=3257"}],"version-history":[{"count":2,"href":"https:\/\/bettsun.com\/tr\/wp-json\/wp\/v2\/product\/3257\/revisions"}],"predecessor-version":[{"id":8264,"href":"https:\/\/bettsun.com\/tr\/wp-json\/wp\/v2\/product\/3257\/revisions\/8264"}],"wp:featuredmedia":[{"embeddable":true,"href":"https:\/\/bettsun.com\/tr\/wp-json\/wp\/v2\/media\/3217"}],"wp:attachment":[{"href":"https:\/\/bettsun.com\/tr\/wp-json\/wp\/v2\/media?parent=3257"}],"wp:term":[{"taxonomy":"product_brand","embeddable":true,"href":"https:\/\/bettsun.com\/tr\/wp-json\/wp\/v2\/product_brand?post=3257"},{"taxonomy":"product_cat","embeddable":true,"href":"https:\/\/bettsun.com\/tr\/wp-json\/wp\/v2\/product_cat?post=3257"},{"taxonomy":"product_tag","embeddable":true,"href":"https:\/\/bettsun.com\/tr\/wp-json\/wp\/v2\/product_tag?post=3257"}],"curies":[{"name":"wp","href":"https:\/\/api.w.org\/{rel}","templated":true}]}}