{"id":3385,"date":"2024-09-24T22:50:18","date_gmt":"2024-09-24T22:50:18","guid":{"rendered":"https:\/\/bettsun.com\/?post_type=product&#038;p=3385"},"modified":"2025-02-17T20:59:45","modified_gmt":"2025-02-17T20:59:45","slug":"bettsun-12kw-48v-ci\u0307ft-mpptli\u0307-hi\u0307bri\u0307t-solar-i\u0307nverter","status":"publish","type":"product","link":"https:\/\/bettsun.com\/tr\/urunler\/bettsun-12kw-48v-ci\u0307ft-mpptli\u0307-hi\u0307bri\u0307t-solar-i\u0307nverter\/","title":{"rendered":"Bettsun 12KW 48V \u00c7ift MPPT'li Hibrit Solar \u0130nvert\u00f6r"},"content":{"rendered":"<p>Bettsun 12KW 48V Hibrit Solar \u0130nvert\u00f6r, 110-450Vdc PV giri\u015f aral\u0131\u011f\u0131 ile 97.5% verimlilik i\u00e7in \u00e7ift MPPT \u00f6zelli\u011fine sahiptir. Kur\u015fun-asit ve lityum-iyon ak\u00fclerle uyumlu 48V ak\u00fc sistemlerini destekler ve 208Vac, 230Vac ve 240Vac \u00e7\u0131k\u0131\u015f voltajlar\u0131 sunar. \u015eebeke g\u00fcvenli\u011fi i\u00e7in CT sens\u00f6rleri ve blokaj \u00f6nleyici anahtar ile donat\u0131lm\u0131\u015ft\u0131r.<\/p>","protected":false},"excerpt":{"rendered":"<h3 data-start=\"680\" data-end=\"703\"><strong data-start=\"684\" data-end=\"701\">Temel \u00d6zellikler:<\/strong><\/h3>\n<ul>\n<li data-start=\"704\" data-end=\"1074\"><strong>PV Giri\u015f Voltaj Aral\u0131\u011f\u0131:<\/strong> \u00c7ok y\u00f6nl\u00fc panel uyumlulu\u011fu i\u00e7in 110-450Vdc.<\/li>\n<li data-start=\"704\" data-end=\"1074\"><strong>Ak\u00fc Sistemi:<\/strong> 48V, kur\u015fun-asit ve lityum-iyon ak\u00fclerle \u00e7al\u0131\u015f\u0131r.<\/li>\n<li data-start=\"704\" data-end=\"1074\"><strong>\u00c7ift MPPT:<\/strong> 97,5% verimlilik ve 12.000W maksimum giri\u015f g\u00fcc\u00fc.<\/li>\n<li data-start=\"704\" data-end=\"1074\"><strong>\u00c7oklu \u00c7\u0131k\u0131\u015f Voltajlar\u0131:<\/strong> Esnek kullan\u0131m i\u00e7in 208Vac, 230Vac ve 240Vac destekler.<\/li>\n<li data-start=\"704\" data-end=\"1074\"><strong>\u015eebeke G\u00fcvenli\u011fi:<\/strong> G\u00fcvenli entegrasyon i\u00e7in CT sens\u00f6rleri ve anti blokaj anahtar\u0131 ile donat\u0131lm\u0131\u015ft\u0131r.<\/li>\n<\/ul>","protected":false},"featured_media":2991,"comment_status":"closed","ping_status":"closed","template":"","meta":{"_acf_changed":false},"product_brand":[],"product_cat":[66,65],"product_tag":[],"class_list":{"0":"post-3385","1":"product","2":"type-product","3":"status-publish","4":"has-post-thumbnail","6":"product_cat-hybrid-inverter","7":"product_cat-inverter","9":"first","10":"instock","11":"sold-individually","12":"shipping-taxable","13":"purchasable","14":"product-type-simple"},"acf":[],"_links":{"self":[{"href":"https:\/\/bettsun.com\/tr\/wp-json\/wp\/v2\/product\/3385","targetHints":{"allow":["GET"]}}],"collection":[{"href":"https:\/\/bettsun.com\/tr\/wp-json\/wp\/v2\/product"}],"about":[{"href":"https:\/\/bettsun.com\/tr\/wp-json\/wp\/v2\/types\/product"}],"replies":[{"embeddable":true,"href":"https:\/\/bettsun.com\/tr\/wp-json\/wp\/v2\/comments?post=3385"}],"version-history":[{"count":5,"href":"https:\/\/bettsun.com\/tr\/wp-json\/wp\/v2\/product\/3385\/revisions"}],"predecessor-version":[{"id":8262,"href":"https:\/\/bettsun.com\/tr\/wp-json\/wp\/v2\/product\/3385\/revisions\/8262"}],"wp:featuredmedia":[{"embeddable":true,"href":"https:\/\/bettsun.com\/tr\/wp-json\/wp\/v2\/media\/2991"}],"wp:attachment":[{"href":"https:\/\/bettsun.com\/tr\/wp-json\/wp\/v2\/media?parent=3385"}],"wp:term":[{"taxonomy":"product_brand","embeddable":true,"href":"https:\/\/bettsun.com\/tr\/wp-json\/wp\/v2\/product_brand?post=3385"},{"taxonomy":"product_cat","embeddable":true,"href":"https:\/\/bettsun.com\/tr\/wp-json\/wp\/v2\/product_cat?post=3385"},{"taxonomy":"product_tag","embeddable":true,"href":"https:\/\/bettsun.com\/tr\/wp-json\/wp\/v2\/product_tag?post=3385"}],"curies":[{"name":"wp","href":"https:\/\/api.w.org\/{rel}","templated":true}]}}