{"id":3500,"date":"2024-09-26T02:15:06","date_gmt":"2024-09-26T02:15:06","guid":{"rendered":"https:\/\/bettsun.com\/?post_type=product&#038;p=3500"},"modified":"2025-02-17T20:36:55","modified_gmt":"2025-02-17T20:36:55","slug":"bettsun-4kw-48v-ayrik-faz-invertor","status":"publish","type":"product","link":"https:\/\/bettsun.com\/tr\/urunler\/bettsun-4kw-48v-ayrik-faz-invertor\/","title":{"rendered":"Bettsun 4KW 48V Split-Phase \u0130nvert\u00f6r"},"content":{"rendered":"<p>Bettsun 4KW 48V Split-Phase Inverter, 120V\/240V ak\u0131ll\u0131 b\u00f6l\u00fcnm\u00fc\u015f faz teknolojisine, maksimum g\u00fcne\u015f enerjisi kullan\u0131m\u0131 i\u00e7in \u00e7ift MPPT'ye sahiptir ve t\u00fcm ak\u00fc tiplerini destekler. 450Vdc'ye kadar y\u00fcksek PV giri\u015f voltaj\u0131na sahiptir.<\/p>","protected":false},"excerpt":{"rendered":"<h3 data-start=\"542\" data-end=\"565\"><strong data-start=\"546\" data-end=\"563\">Temel \u00d6zellikler:<\/strong><\/h3>\n<ul>\n<li data-start=\"566\" data-end=\"902\"><strong>120V\/240V Split-Faz Teknolojisi:<\/strong> Optimum performans i\u00e7in verimli g\u00fc\u00e7 da\u011f\u0131t\u0131m\u0131 sa\u011flar.<\/li>\n<li data-start=\"566\" data-end=\"902\"><strong>T\u00fcm Pil Tipleri ile Uyumludur:<\/strong> \u00c7ok y\u00f6nl\u00fcd\u00fcr ve \u00e7e\u015fitli ak\u00fc teknolojileriyle \u00e7al\u0131\u015f\u0131r.<\/li>\n<li data-start=\"566\" data-end=\"902\"><strong>\u00c7ift MPPT:<\/strong> Daha y\u00fcksek verimlilik i\u00e7in g\u00fcne\u015f enerjisi d\u00f6n\u00fc\u015f\u00fcm\u00fcn\u00fc en \u00fcst d\u00fczeye \u00e7\u0131kar\u0131r.<\/li>\n<li data-start=\"566\" data-end=\"902\"><strong>Y\u00fcksek PV Giri\u015f Gerilimi:<\/strong> Daha iyi panel uyumlulu\u011fu i\u00e7in 450Vdc'ye kadar destekler.<\/li>\n<\/ul>","protected":false},"featured_media":3215,"comment_status":"open","ping_status":"closed","template":"","meta":{"_acf_changed":false},"product_brand":[],"product_cat":[65,102],"product_tag":[],"class_list":{"0":"post-3500","1":"product","2":"type-product","3":"status-publish","4":"has-post-thumbnail","6":"product_cat-inverter","7":"product_cat-split-phase-inverter","9":"first","10":"instock","11":"shipping-taxable","12":"purchasable","13":"product-type-simple"},"acf":[],"_links":{"self":[{"href":"https:\/\/bettsun.com\/tr\/wp-json\/wp\/v2\/product\/3500","targetHints":{"allow":["GET"]}}],"collection":[{"href":"https:\/\/bettsun.com\/tr\/wp-json\/wp\/v2\/product"}],"about":[{"href":"https:\/\/bettsun.com\/tr\/wp-json\/wp\/v2\/types\/product"}],"replies":[{"embeddable":true,"href":"https:\/\/bettsun.com\/tr\/wp-json\/wp\/v2\/comments?post=3500"}],"version-history":[{"count":3,"href":"https:\/\/bettsun.com\/tr\/wp-json\/wp\/v2\/product\/3500\/revisions"}],"predecessor-version":[{"id":8260,"href":"https:\/\/bettsun.com\/tr\/wp-json\/wp\/v2\/product\/3500\/revisions\/8260"}],"wp:featuredmedia":[{"embeddable":true,"href":"https:\/\/bettsun.com\/tr\/wp-json\/wp\/v2\/media\/3215"}],"wp:attachment":[{"href":"https:\/\/bettsun.com\/tr\/wp-json\/wp\/v2\/media?parent=3500"}],"wp:term":[{"taxonomy":"product_brand","embeddable":true,"href":"https:\/\/bettsun.com\/tr\/wp-json\/wp\/v2\/product_brand?post=3500"},{"taxonomy":"product_cat","embeddable":true,"href":"https:\/\/bettsun.com\/tr\/wp-json\/wp\/v2\/product_cat?post=3500"},{"taxonomy":"product_tag","embeddable":true,"href":"https:\/\/bettsun.com\/tr\/wp-json\/wp\/v2\/product_tag?post=3500"}],"curies":[{"name":"wp","href":"https:\/\/api.w.org\/{rel}","templated":true}]}}