{"id":3504,"date":"2024-09-26T02:24:04","date_gmt":"2024-09-26T02:24:04","guid":{"rendered":"https:\/\/bettsun.com\/?post_type=product&#038;p=3504"},"modified":"2025-02-17T20:34:08","modified_gmt":"2025-02-17T20:34:08","slug":"bettsun-5kw-48v-ayrik-faz-invertor","status":"publish","type":"product","link":"https:\/\/bettsun.com\/tr\/urunler\/bettsun-5kw-48v-ayrik-faz-invertor\/","title":{"rendered":"Bettsun 5KW 48V Split-Faz \u0130nvert\u00f6r"},"content":{"rendered":"<p>Bettsun 5KW 48V Split-Phase Inverter, 120V\/240V ak\u0131ll\u0131 b\u00f6l\u00fcnm\u00fc\u015f faz teknolojisine, maksimum g\u00fcne\u015f enerjisi kullan\u0131m\u0131 i\u00e7in \u00e7ift MPPT'ye sahiptir ve t\u00fcm pil t\u00fcrlerini destekler. Ayr\u0131ca 450Vdc'ye kadar y\u00fcksek bir PV giri\u015f voltaj\u0131na sahiptir.<\/p>","protected":false},"excerpt":{"rendered":"<h3 data-start=\"547\" data-end=\"570\"><strong data-start=\"551\" data-end=\"568\">Temel \u00d6zellikler:<\/strong><\/h3>\n<ul>\n<li data-start=\"571\" data-end=\"904\"><strong>120V\/240V Split-Faz Teknolojisi:<\/strong> G\u00fcvenilir performans i\u00e7in verimli g\u00fc\u00e7 da\u011f\u0131t\u0131m\u0131.<\/li>\n<li data-start=\"571\" data-end=\"904\"><strong>T\u00fcm Pil Tipleri ile Uyumludur:<\/strong> Esnektir ve \u00e7e\u015fitli batarya teknolojileriyle \u00e7al\u0131\u015f\u0131r.<\/li>\n<li data-start=\"571\" data-end=\"904\"><strong>\u00c7ift MPPT:<\/strong> Optimum verimlilik i\u00e7in g\u00fcne\u015f enerjisi kullan\u0131m\u0131n\u0131 en \u00fcst d\u00fczeye \u00e7\u0131kar\u0131r.<\/li>\n<li data-start=\"571\" data-end=\"904\"><strong>Y\u00fcksek PV Giri\u015f Gerilimi:<\/strong> Daha geni\u015f g\u00fcne\u015f paneli uyumlulu\u011fu i\u00e7in 450Vdc'ye kadar destekler.<\/li>\n<\/ul>","protected":false},"featured_media":3215,"comment_status":"open","ping_status":"closed","template":"","meta":{"_acf_changed":false},"product_brand":[],"product_cat":[65,102],"product_tag":[],"class_list":{"0":"post-3504","1":"product","2":"type-product","3":"status-publish","4":"has-post-thumbnail","6":"product_cat-inverter","7":"product_cat-split-phase-inverter","9":"first","10":"instock","11":"shipping-taxable","12":"purchasable","13":"product-type-simple"},"acf":[],"_links":{"self":[{"href":"https:\/\/bettsun.com\/tr\/wp-json\/wp\/v2\/product\/3504","targetHints":{"allow":["GET"]}}],"collection":[{"href":"https:\/\/bettsun.com\/tr\/wp-json\/wp\/v2\/product"}],"about":[{"href":"https:\/\/bettsun.com\/tr\/wp-json\/wp\/v2\/types\/product"}],"replies":[{"embeddable":true,"href":"https:\/\/bettsun.com\/tr\/wp-json\/wp\/v2\/comments?post=3504"}],"version-history":[{"count":3,"href":"https:\/\/bettsun.com\/tr\/wp-json\/wp\/v2\/product\/3504\/revisions"}],"predecessor-version":[{"id":8258,"href":"https:\/\/bettsun.com\/tr\/wp-json\/wp\/v2\/product\/3504\/revisions\/8258"}],"wp:featuredmedia":[{"embeddable":true,"href":"https:\/\/bettsun.com\/tr\/wp-json\/wp\/v2\/media\/3215"}],"wp:attachment":[{"href":"https:\/\/bettsun.com\/tr\/wp-json\/wp\/v2\/media?parent=3504"}],"wp:term":[{"taxonomy":"product_brand","embeddable":true,"href":"https:\/\/bettsun.com\/tr\/wp-json\/wp\/v2\/product_brand?post=3504"},{"taxonomy":"product_cat","embeddable":true,"href":"https:\/\/bettsun.com\/tr\/wp-json\/wp\/v2\/product_cat?post=3504"},{"taxonomy":"product_tag","embeddable":true,"href":"https:\/\/bettsun.com\/tr\/wp-json\/wp\/v2\/product_tag?post=3504"}],"curies":[{"name":"wp","href":"https:\/\/api.w.org\/{rel}","templated":true}]}}