{"id":3506,"date":"2024-09-26T02:26:47","date_gmt":"2024-09-26T02:26:47","guid":{"rendered":"https:\/\/bettsun.com\/?post_type=product&#038;p=3506"},"modified":"2025-02-17T20:30:41","modified_gmt":"2025-02-17T20:30:41","slug":"bettsun-6kw-48v-ayrik-faz-invertor","status":"publish","type":"product","link":"https:\/\/bettsun.com\/tr\/urunler\/bettsun-6kw-48v-ayrik-faz-invertor\/","title":{"rendered":"Bettsun 6KW 48V Split-Faz \u0130nvert\u00f6r"},"content":{"rendered":"<p>Bettsun 6KW 48V Split-Phase Inverter, 120V \/ 240V ak\u0131ll\u0131 b\u00f6l\u00fcnm\u00fc\u015f faz teknolojisine, maksimum g\u00fcne\u015f enerjisi kullan\u0131m\u0131 i\u00e7in \u00e7ift MPPT'ye sahiptir ve t\u00fcm pil t\u00fcrlerini destekler. Ayr\u0131ca 450Vdc'ye kadar y\u00fcksek bir PV giri\u015f voltaj\u0131 sunar<\/p>","protected":false},"excerpt":{"rendered":"<h3 data-start=\"550\" data-end=\"573\"><strong data-start=\"554\" data-end=\"571\">Temel \u00d6zellikler:<\/strong><\/h3>\n<ul>\n<li data-start=\"574\" data-end=\"912\"><strong>120V\/240V Split-Faz Teknolojisi:<\/strong> Verimli g\u00fc\u00e7 da\u011f\u0131t\u0131m\u0131 i\u00e7in ak\u0131ll\u0131 tasar\u0131m.<\/li>\n<li data-start=\"574\" data-end=\"912\"><strong>T\u00fcm Pil Tipleri ile Uyumludur:<\/strong> Esneklik i\u00e7in \u00e7e\u015fitli batarya teknolojileri ile \u00e7al\u0131\u015f\u0131r.<\/li>\n<li data-start=\"574\" data-end=\"912\"><strong>\u00c7ift MPPT:<\/strong> Daha y\u00fcksek verimlilik i\u00e7in g\u00fcne\u015f enerjisi kullan\u0131m\u0131n\u0131 en \u00fcst d\u00fczeye \u00e7\u0131kar\u0131r.<\/li>\n<li data-start=\"574\" data-end=\"912\"><strong>Y\u00fcksek PV Giri\u015f Gerilimi:<\/strong> Daha iyi g\u00fcne\u015f paneli uyumlulu\u011fu i\u00e7in 450Vdc'ye kadar destekler.<\/li>\n<\/ul>","protected":false},"featured_media":3215,"comment_status":"open","ping_status":"closed","template":"","meta":{"_acf_changed":false},"product_brand":[],"product_cat":[65,102],"product_tag":[],"class_list":{"0":"post-3506","1":"product","2":"type-product","3":"status-publish","4":"has-post-thumbnail","6":"product_cat-inverter","7":"product_cat-split-phase-inverter","9":"first","10":"instock","11":"shipping-taxable","12":"purchasable","13":"product-type-simple"},"acf":[],"_links":{"self":[{"href":"https:\/\/bettsun.com\/tr\/wp-json\/wp\/v2\/product\/3506","targetHints":{"allow":["GET"]}}],"collection":[{"href":"https:\/\/bettsun.com\/tr\/wp-json\/wp\/v2\/product"}],"about":[{"href":"https:\/\/bettsun.com\/tr\/wp-json\/wp\/v2\/types\/product"}],"replies":[{"embeddable":true,"href":"https:\/\/bettsun.com\/tr\/wp-json\/wp\/v2\/comments?post=3506"}],"version-history":[{"count":3,"href":"https:\/\/bettsun.com\/tr\/wp-json\/wp\/v2\/product\/3506\/revisions"}],"predecessor-version":[{"id":8256,"href":"https:\/\/bettsun.com\/tr\/wp-json\/wp\/v2\/product\/3506\/revisions\/8256"}],"wp:featuredmedia":[{"embeddable":true,"href":"https:\/\/bettsun.com\/tr\/wp-json\/wp\/v2\/media\/3215"}],"wp:attachment":[{"href":"https:\/\/bettsun.com\/tr\/wp-json\/wp\/v2\/media?parent=3506"}],"wp:term":[{"taxonomy":"product_brand","embeddable":true,"href":"https:\/\/bettsun.com\/tr\/wp-json\/wp\/v2\/product_brand?post=3506"},{"taxonomy":"product_cat","embeddable":true,"href":"https:\/\/bettsun.com\/tr\/wp-json\/wp\/v2\/product_cat?post=3506"},{"taxonomy":"product_tag","embeddable":true,"href":"https:\/\/bettsun.com\/tr\/wp-json\/wp\/v2\/product_tag?post=3506"}],"curies":[{"name":"wp","href":"https:\/\/api.w.org\/{rel}","templated":true}]}}