{"id":3508,"date":"2024-09-26T02:41:05","date_gmt":"2024-09-26T02:41:05","guid":{"rendered":"https:\/\/bettsun.com\/?post_type=product&#038;p=3508"},"modified":"2025-02-17T20:26:49","modified_gmt":"2025-02-17T20:26:49","slug":"bettsun-8kw-uc-fazli-invertor","status":"publish","type":"product","link":"https:\/\/bettsun.com\/tr\/urunler\/bettsun-8kw-uc-fazli-invertor\/","title":{"rendered":"Bettsun 8KW \u00dc\u00e7 Fazl\u0131 \u0130nvert\u00f6r"},"content":{"rendered":"<p>Bettsun 8KW \u00dc\u00e7 Fazl\u0131 \u0130nvert\u00f6r, 99,9% verimlilik, 120V \/ 240V ak\u0131ll\u0131 \u00fc\u00e7 fazl\u0131 teknoloji ve harici bir CT sens\u00f6r\u00fc ile anti-refl\u00fc i\u015flevi sunan \u00e7ift MPPT kontrol\u00f6rleri ile birlikte gelir.<\/p>","protected":false},"excerpt":{"rendered":"<h3 data-start=\"528\" data-end=\"551\"><strong data-start=\"532\" data-end=\"549\">Temel \u00d6zellikler:<\/strong><\/h3>\n<ul>\n<li data-start=\"552\" data-end=\"976\"><strong>\u00c7ift MPPT G\u00fcne\u015f Kontrol\u00f6rleri:<\/strong> Maksimum enerji d\u00f6n\u00fc\u015f\u00fcm\u00fc i\u00e7in 99,9% verimlilik.<\/li>\n<li data-start=\"552\" data-end=\"976\"><strong>\u00dc\u00e7 Fazl\u0131 Teknoloji:<\/strong> Optimum g\u00fc\u00e7 da\u011f\u0131t\u0131m\u0131 i\u00e7in 120V\/240V ak\u0131ll\u0131 sistem.<\/li>\n<li data-start=\"552\" data-end=\"976\"><strong>Anti-Refl\u00fc \u0130\u015flevselli\u011fi:<\/strong> Geli\u015fmi\u015f g\u00fcvenlik ve \u015febeke kararl\u0131l\u0131\u011f\u0131 i\u00e7in harici CT sens\u00f6r\u00fc ile.<\/li>\n<li data-start=\"552\" data-end=\"976\"><strong>Y\u00fcksek G\u00fc\u00e7 \u00c7\u0131k\u0131\u015f\u0131:<\/strong> Orta ve b\u00fcy\u00fck \u00f6l\u00e7ekli g\u00fcne\u015f enerjisi sistemleri i\u00e7in uygun 8KW kapasite.<\/li>\n<li data-start=\"552\" data-end=\"976\"><strong>Dayan\u0131kl\u0131 Tasar\u0131m:<\/strong> Zorlu ko\u015fullara dayanacak ve uzun s\u00fcreli performans sa\u011flayacak \u015fekilde \u00fcretilmi\u015ftir.<\/li>\n<\/ul>","protected":false},"featured_media":3215,"comment_status":"open","ping_status":"closed","template":"","meta":{"_acf_changed":false},"product_brand":[],"product_cat":[65],"product_tag":[],"class_list":{"0":"post-3508","1":"product","2":"type-product","3":"status-publish","4":"has-post-thumbnail","6":"product_cat-inverter","8":"first","9":"instock","10":"shipping-taxable","11":"purchasable","12":"product-type-simple"},"acf":[],"_links":{"self":[{"href":"https:\/\/bettsun.com\/tr\/wp-json\/wp\/v2\/product\/3508","targetHints":{"allow":["GET"]}}],"collection":[{"href":"https:\/\/bettsun.com\/tr\/wp-json\/wp\/v2\/product"}],"about":[{"href":"https:\/\/bettsun.com\/tr\/wp-json\/wp\/v2\/types\/product"}],"replies":[{"embeddable":true,"href":"https:\/\/bettsun.com\/tr\/wp-json\/wp\/v2\/comments?post=3508"}],"version-history":[{"count":3,"href":"https:\/\/bettsun.com\/tr\/wp-json\/wp\/v2\/product\/3508\/revisions"}],"predecessor-version":[{"id":8254,"href":"https:\/\/bettsun.com\/tr\/wp-json\/wp\/v2\/product\/3508\/revisions\/8254"}],"wp:featuredmedia":[{"embeddable":true,"href":"https:\/\/bettsun.com\/tr\/wp-json\/wp\/v2\/media\/3215"}],"wp:attachment":[{"href":"https:\/\/bettsun.com\/tr\/wp-json\/wp\/v2\/media?parent=3508"}],"wp:term":[{"taxonomy":"product_brand","embeddable":true,"href":"https:\/\/bettsun.com\/tr\/wp-json\/wp\/v2\/product_brand?post=3508"},{"taxonomy":"product_cat","embeddable":true,"href":"https:\/\/bettsun.com\/tr\/wp-json\/wp\/v2\/product_cat?post=3508"},{"taxonomy":"product_tag","embeddable":true,"href":"https:\/\/bettsun.com\/tr\/wp-json\/wp\/v2\/product_tag?post=3508"}],"curies":[{"name":"wp","href":"https:\/\/api.w.org\/{rel}","templated":true}]}}