{"id":3510,"date":"2024-09-26T02:41:25","date_gmt":"2024-09-26T02:41:25","guid":{"rendered":"https:\/\/bettsun.com\/?post_type=product&#038;p=3510"},"modified":"2025-02-17T20:23:48","modified_gmt":"2025-02-17T20:23:48","slug":"bettsun-10kw-uc-fazli-invertor","status":"publish","type":"product","link":"https:\/\/bettsun.com\/tr\/urunler\/bettsun-10kw-uc-fazli-invertor\/","title":{"rendered":"Bettsun 10KW \u00dc\u00e7 Fazl\u0131 \u0130nvert\u00f6r"},"content":{"rendered":"<p>Bettsun 10KW \u00dc\u00e7 Fazl\u0131 \u0130nvert\u00f6r, 99.9% verimlili\u011fe sahip \u00e7ift MPPT g\u00fcne\u015f kontrol cihaz\u0131na sahiptir. Y\u00fcksek performans ve g\u00fcvenlik sa\u011flayan harici bir CT sens\u00f6r\u00fc ile 120V \/ 240V ak\u0131ll\u0131 \u00fc\u00e7 fazl\u0131 teknoloji ve anti-refl\u00fc i\u015flevi sunar.<\/p>","protected":false},"excerpt":{"rendered":"<h3 data-start=\"590\" data-end=\"613\"><strong data-start=\"594\" data-end=\"611\">Temel \u00d6zellikler:<\/strong><\/h3>\n<ul>\n<li data-start=\"614\" data-end=\"1014\"><strong>\u00c7ift MPPT G\u00fcne\u015f Kontrol\u00f6rleri:<\/strong> Maksimum enerji d\u00f6n\u00fc\u015f\u00fcm\u00fc i\u00e7in 99,9% verimlilik sa\u011flar.<\/li>\n<li data-start=\"614\" data-end=\"1014\"><strong>\u00dc\u00e7 Fazl\u0131 Teknoloji:<\/strong> G\u00fcvenilir \u00e7al\u0131\u015fma i\u00e7in 120V\/240V ak\u0131ll\u0131 sistem.<\/li>\n<li data-start=\"614\" data-end=\"1014\"><strong>Anti-Refl\u00fc \u0130\u015flevselli\u011fi:<\/strong> Geli\u015fmi\u015f g\u00fcvenlik ve \u015febeke kararl\u0131l\u0131\u011f\u0131 i\u00e7in harici CT sens\u00f6r\u00fc.<\/li>\n<li data-start=\"614\" data-end=\"1014\"><strong>Y\u00fcksek G\u00fc\u00e7 \u00c7\u0131k\u0131\u015f\u0131:<\/strong> B\u00fcy\u00fck \u00f6l\u00e7ekli g\u00fcne\u015f enerjisi ihtiya\u00e7lar\u0131 i\u00e7in 10KW kapasite.<\/li>\n<li data-start=\"614\" data-end=\"1014\"><strong>Dayan\u0131kl\u0131 Tasar\u0131m:<\/strong> Zorlu ortamlara dayanacak ve uzun \u00f6m\u00fcrl\u00fcl\u00fck sa\u011flayacak \u015fekilde \u00fcretilmi\u015ftir.<\/li>\n<\/ul>","protected":false},"featured_media":3215,"comment_status":"open","ping_status":"closed","template":"","meta":{"_acf_changed":false},"product_brand":[],"product_cat":[65],"product_tag":[],"class_list":{"0":"post-3510","1":"product","2":"type-product","3":"status-publish","4":"has-post-thumbnail","6":"product_cat-inverter","8":"first","9":"instock","10":"shipping-taxable","11":"purchasable","12":"product-type-simple"},"acf":[],"_links":{"self":[{"href":"https:\/\/bettsun.com\/tr\/wp-json\/wp\/v2\/product\/3510","targetHints":{"allow":["GET"]}}],"collection":[{"href":"https:\/\/bettsun.com\/tr\/wp-json\/wp\/v2\/product"}],"about":[{"href":"https:\/\/bettsun.com\/tr\/wp-json\/wp\/v2\/types\/product"}],"replies":[{"embeddable":true,"href":"https:\/\/bettsun.com\/tr\/wp-json\/wp\/v2\/comments?post=3510"}],"version-history":[{"count":3,"href":"https:\/\/bettsun.com\/tr\/wp-json\/wp\/v2\/product\/3510\/revisions"}],"predecessor-version":[{"id":8252,"href":"https:\/\/bettsun.com\/tr\/wp-json\/wp\/v2\/product\/3510\/revisions\/8252"}],"wp:featuredmedia":[{"embeddable":true,"href":"https:\/\/bettsun.com\/tr\/wp-json\/wp\/v2\/media\/3215"}],"wp:attachment":[{"href":"https:\/\/bettsun.com\/tr\/wp-json\/wp\/v2\/media?parent=3510"}],"wp:term":[{"taxonomy":"product_brand","embeddable":true,"href":"https:\/\/bettsun.com\/tr\/wp-json\/wp\/v2\/product_brand?post=3510"},{"taxonomy":"product_cat","embeddable":true,"href":"https:\/\/bettsun.com\/tr\/wp-json\/wp\/v2\/product_cat?post=3510"},{"taxonomy":"product_tag","embeddable":true,"href":"https:\/\/bettsun.com\/tr\/wp-json\/wp\/v2\/product_tag?post=3510"}],"curies":[{"name":"wp","href":"https:\/\/api.w.org\/{rel}","templated":true}]}}