{"id":3512,"date":"2024-09-26T02:43:32","date_gmt":"2024-09-26T02:43:32","guid":{"rendered":"https:\/\/bettsun.com\/?post_type=product&#038;p=3512"},"modified":"2025-02-17T20:20:41","modified_gmt":"2025-02-17T20:20:41","slug":"bettsun-12kw-uc-fazli-invertor","status":"publish","type":"product","link":"https:\/\/bettsun.com\/tr\/urunler\/bettsun-12kw-uc-fazli-invertor\/","title":{"rendered":"Bettsun 12KW \u00dc\u00e7 Fazl\u0131 \u0130nvert\u00f6r"},"content":{"rendered":"<p>99.9% verimlilik i\u00e7in \u00e7ift MPPT kontrol\u00f6rl\u00fc Bettsun 12KW \u0130nvert\u00f6r. 120V \/ 240V ak\u0131ll\u0131 \u00fc\u00e7 fazl\u0131 teknoloji ve anti-refl\u00fc i\u015flevselli\u011fine sahiptir.<\/p>","protected":false},"excerpt":{"rendered":"<h3 data-start=\"481\" data-end=\"504\"><strong data-start=\"485\" data-end=\"502\">Temel \u00d6zellikler:<\/strong><\/h3>\n<ul>\n<li data-start=\"505\" data-end=\"759\"><strong>\u00c7ift MPPT G\u00fcne\u015f Kontrol\u00f6rleri:<\/strong> Maksimum enerji d\u00f6n\u00fc\u015f\u00fcm\u00fc i\u00e7in 99,9% verimlilik.<\/li>\n<li data-start=\"505\" data-end=\"759\"><strong>\u00dc\u00e7 Fazl\u0131 Teknoloji:<\/strong> Verimli g\u00fc\u00e7 kullan\u0131m\u0131 i\u00e7in 120V\/240V ak\u0131ll\u0131 \u00e7al\u0131\u015fma.<\/li>\n<li data-start=\"505\" data-end=\"759\"><strong>Anti-Refl\u00fc \u0130\u015flevselli\u011fi:<\/strong> Geli\u015fmi\u015f g\u00fcvenlik ve \u015febeke kararl\u0131l\u0131\u011f\u0131 i\u00e7in harici CT sens\u00f6r\u00fc ile.<\/li>\n<\/ul>","protected":false},"featured_media":3215,"comment_status":"open","ping_status":"closed","template":"","meta":{"_acf_changed":false},"product_brand":[],"product_cat":[65],"product_tag":[],"class_list":{"0":"post-3512","1":"product","2":"type-product","3":"status-publish","4":"has-post-thumbnail","6":"product_cat-inverter","8":"first","9":"instock","10":"shipping-taxable","11":"purchasable","12":"product-type-simple"},"acf":[],"_links":{"self":[{"href":"https:\/\/bettsun.com\/tr\/wp-json\/wp\/v2\/product\/3512","targetHints":{"allow":["GET"]}}],"collection":[{"href":"https:\/\/bettsun.com\/tr\/wp-json\/wp\/v2\/product"}],"about":[{"href":"https:\/\/bettsun.com\/tr\/wp-json\/wp\/v2\/types\/product"}],"replies":[{"embeddable":true,"href":"https:\/\/bettsun.com\/tr\/wp-json\/wp\/v2\/comments?post=3512"}],"version-history":[{"count":3,"href":"https:\/\/bettsun.com\/tr\/wp-json\/wp\/v2\/product\/3512\/revisions"}],"predecessor-version":[{"id":8250,"href":"https:\/\/bettsun.com\/tr\/wp-json\/wp\/v2\/product\/3512\/revisions\/8250"}],"wp:featuredmedia":[{"embeddable":true,"href":"https:\/\/bettsun.com\/tr\/wp-json\/wp\/v2\/media\/3215"}],"wp:attachment":[{"href":"https:\/\/bettsun.com\/tr\/wp-json\/wp\/v2\/media?parent=3512"}],"wp:term":[{"taxonomy":"product_brand","embeddable":true,"href":"https:\/\/bettsun.com\/tr\/wp-json\/wp\/v2\/product_brand?post=3512"},{"taxonomy":"product_cat","embeddable":true,"href":"https:\/\/bettsun.com\/tr\/wp-json\/wp\/v2\/product_cat?post=3512"},{"taxonomy":"product_tag","embeddable":true,"href":"https:\/\/bettsun.com\/tr\/wp-json\/wp\/v2\/product_tag?post=3512"}],"curies":[{"name":"wp","href":"https:\/\/api.w.org\/{rel}","templated":true}]}}