{"id":3515,"date":"2024-09-26T09:16:22","date_gmt":"2024-09-26T09:16:22","guid":{"rendered":"https:\/\/bettsun.com\/?post_type=product&#038;p=3515"},"modified":"2025-02-17T20:06:02","modified_gmt":"2025-02-17T20:06:02","slug":"120v-220v-ac-48v-30a-ac-dc-kursun-asit-lityum-aku-sarj-cihazi-izole","status":"publish","type":"product","link":"https:\/\/bettsun.com\/tr\/urunler\/120v-220v-ac-48v-30a-ac-dc-kursun-asit-lityum-aku-sarj-cihazi-izole\/","title":{"rendered":"120V\/220V AC - 48V 30A AC-DC Kur\u015fun-Asit Lityum Ak\u00fc \u015earj Cihaz\u0131 \u0130zole"},"content":{"rendered":"<p>AC - 48V Ak\u00fc \u015earj Cihaz\u0131, 80-260V giri\u015f ve 95% enerji verimlili\u011fi ile 30A'ya kadar g\u00fc\u00e7 sa\u011flar. IP68 su ge\u00e7irmezlik derecesi ile kur\u015fun-asit ve lityum ak\u00fcler i\u00e7in idealdir.<\/p>","protected":false},"excerpt":{"rendered":"<p><strong>Temel \u00d6zellikler:<\/strong><\/p>\n<ul>\n<li><strong>AC - 48V Ak\u00fc \u015earj Cihaz\u0131:<\/strong> Kur\u015fun-asit ve lityum ak\u00fcleri destekler.<\/li>\n<li><strong>Y\u00fcksek \u00c7\u0131k\u0131\u015f Ak\u0131m\u0131:<\/strong> H\u0131zl\u0131 \u015farj i\u00e7in 30A'ya kadar g\u00fc\u00e7 sa\u011flar.<\/li>\n<li><strong>Geni\u015f AC Giri\u015fi:<\/strong> \u00c7ok y\u00f6nl\u00fc kullan\u0131m i\u00e7in 80-260V ile uyumludur.<\/li>\n<li><strong>Enerji Tasarruflu:<\/strong> Daha az g\u00fc\u00e7 kayb\u0131 i\u00e7in 95%'ye kadar verimlilik sa\u011flar.<\/li>\n<li><strong>Su Ge\u00e7irmez Tasar\u0131m:<\/strong> Zorlu ortamlarda dayan\u0131kl\u0131l\u0131k i\u00e7in IP68 sertifikal\u0131.<\/li>\n<\/ul>","protected":false},"featured_media":2905,"comment_status":"open","ping_status":"closed","template":"","meta":{"_acf_changed":false},"product_brand":[],"product_cat":[69],"product_tag":[],"class_list":{"0":"post-3515","1":"product","2":"type-product","3":"status-publish","4":"has-post-thumbnail","6":"product_cat-charger","8":"first","9":"instock","10":"shipping-taxable","11":"purchasable","12":"product-type-simple"},"acf":[],"_links":{"self":[{"href":"https:\/\/bettsun.com\/tr\/wp-json\/wp\/v2\/product\/3515","targetHints":{"allow":["GET"]}}],"collection":[{"href":"https:\/\/bettsun.com\/tr\/wp-json\/wp\/v2\/product"}],"about":[{"href":"https:\/\/bettsun.com\/tr\/wp-json\/wp\/v2\/types\/product"}],"replies":[{"embeddable":true,"href":"https:\/\/bettsun.com\/tr\/wp-json\/wp\/v2\/comments?post=3515"}],"version-history":[{"count":4,"href":"https:\/\/bettsun.com\/tr\/wp-json\/wp\/v2\/product\/3515\/revisions"}],"predecessor-version":[{"id":8248,"href":"https:\/\/bettsun.com\/tr\/wp-json\/wp\/v2\/product\/3515\/revisions\/8248"}],"wp:featuredmedia":[{"embeddable":true,"href":"https:\/\/bettsun.com\/tr\/wp-json\/wp\/v2\/media\/2905"}],"wp:attachment":[{"href":"https:\/\/bettsun.com\/tr\/wp-json\/wp\/v2\/media?parent=3515"}],"wp:term":[{"taxonomy":"product_brand","embeddable":true,"href":"https:\/\/bettsun.com\/tr\/wp-json\/wp\/v2\/product_brand?post=3515"},{"taxonomy":"product_cat","embeddable":true,"href":"https:\/\/bettsun.com\/tr\/wp-json\/wp\/v2\/product_cat?post=3515"},{"taxonomy":"product_tag","embeddable":true,"href":"https:\/\/bettsun.com\/tr\/wp-json\/wp\/v2\/product_tag?post=3515"}],"curies":[{"name":"wp","href":"https:\/\/api.w.org\/{rel}","templated":true}]}}