{"id":3546,"date":"2024-09-28T03:28:13","date_gmt":"2024-09-28T03:28:13","guid":{"rendered":"https:\/\/bettsun.com\/?post_type=product&#038;p=3546"},"modified":"2025-02-17T20:06:57","modified_gmt":"2025-02-17T20:06:57","slug":"12v-dc-aletler-icin-solar-dc-dc-dusurucu-donusturucu","status":"publish","type":"product","link":"https:\/\/bettsun.com\/tr\/urunler\/12v-dc-aletler-icin-solar-dc-dc-dusurucu-donusturucu\/","title":{"rendered":"12V DC Aletler i\u00e7in Solar DC-DC Step Down D\u00f6n\u00fc\u015ft\u00fcr\u00fcc\u00fc"},"content":{"rendered":"<p>Solar DC-DC D\u00f6n\u00fc\u015ft\u00fcr\u00fcc\u00fc, 12V cihazlar i\u00e7in sabit 13,5V \u00e7\u0131k\u0131\u015f ile 80A'ya kadar g\u00fc\u00e7 sa\u011flar. Tamamen kapal\u0131 IP68 muhafaza, dayan\u0131kl\u0131l\u0131k i\u00e7in CE ve ROHS sertifikal\u0131.<\/p>","protected":false},"excerpt":{"rendered":"<p><strong>Temel \u00d6zellikler:<\/strong><\/p>\n<ul>\n<li><strong>Solar DC-DC D\u00f6n\u00fc\u015ft\u00fcr\u00fcc\u00fc:<\/strong> 12V cihazlar i\u00e7in sabit bir 13,5V \u00e7\u0131k\u0131\u015f sa\u011flar.<\/li>\n<li><strong>Sertifikal\u0131 G\u00fcvenlik:<\/strong> G\u00fcvenli ve verimli \u00e7al\u0131\u015fma i\u00e7in CE ve ROHS sertifikal\u0131.<\/li>\n<li><strong>Dayan\u0131kl\u0131 Muhafaza:<\/strong> Su ve toz korumas\u0131 i\u00e7in tamamen kapal\u0131 IP68 s\u0131n\u0131f\u0131 tasar\u0131m.<\/li>\n<li><strong>Y\u00fcksek \u00c7\u0131k\u0131\u015f Ak\u0131m\u0131:<\/strong> Y\u00fcksek g\u00fc\u00e7l\u00fc uygulamalar i\u00e7in 80A'e kadar g\u00fc\u00e7 sa\u011flar.<\/li>\n<\/ul>","protected":false},"featured_media":3550,"comment_status":"open","ping_status":"closed","template":"","meta":{"_acf_changed":false},"product_brand":[],"product_cat":[73,76],"product_tag":[],"class_list":{"0":"post-3546","1":"product","2":"type-product","3":"status-publish","4":"has-post-thumbnail","6":"product_cat-converter","7":"product_cat-solar-converter","9":"first","10":"instock","11":"shipping-taxable","12":"purchasable","13":"product-type-simple"},"acf":[],"_links":{"self":[{"href":"https:\/\/bettsun.com\/tr\/wp-json\/wp\/v2\/product\/3546","targetHints":{"allow":["GET"]}}],"collection":[{"href":"https:\/\/bettsun.com\/tr\/wp-json\/wp\/v2\/product"}],"about":[{"href":"https:\/\/bettsun.com\/tr\/wp-json\/wp\/v2\/types\/product"}],"replies":[{"embeddable":true,"href":"https:\/\/bettsun.com\/tr\/wp-json\/wp\/v2\/comments?post=3546"}],"version-history":[{"count":3,"href":"https:\/\/bettsun.com\/tr\/wp-json\/wp\/v2\/product\/3546\/revisions"}],"predecessor-version":[{"id":8247,"href":"https:\/\/bettsun.com\/tr\/wp-json\/wp\/v2\/product\/3546\/revisions\/8247"}],"wp:featuredmedia":[{"embeddable":true,"href":"https:\/\/bettsun.com\/tr\/wp-json\/wp\/v2\/media\/3550"}],"wp:attachment":[{"href":"https:\/\/bettsun.com\/tr\/wp-json\/wp\/v2\/media?parent=3546"}],"wp:term":[{"taxonomy":"product_brand","embeddable":true,"href":"https:\/\/bettsun.com\/tr\/wp-json\/wp\/v2\/product_brand?post=3546"},{"taxonomy":"product_cat","embeddable":true,"href":"https:\/\/bettsun.com\/tr\/wp-json\/wp\/v2\/product_cat?post=3546"},{"taxonomy":"product_tag","embeddable":true,"href":"https:\/\/bettsun.com\/tr\/wp-json\/wp\/v2\/product_tag?post=3546"}],"curies":[{"name":"wp","href":"https:\/\/api.w.org\/{rel}","templated":true}]}}