{"id":3558,"date":"2024-09-28T03:45:15","date_gmt":"2024-09-28T03:45:15","guid":{"rendered":"https:\/\/bettsun.com\/?post_type=product&#038;p=3558"},"modified":"2025-02-17T20:01:43","modified_gmt":"2025-02-17T20:01:43","slug":"12v-aletler-icin-rv-100a-dc-dc-donusturucu","status":"publish","type":"product","link":"https:\/\/bettsun.com\/tr\/urunler\/12v-aletler-icin-rv-100a-dc-dc-donusturucu\/","title":{"rendered":"12V Aletler i\u00e7in RV 100A DC-DC D\u00f6n\u00fc\u015ft\u00fcr\u00fcc\u00fc"},"content":{"rendered":"<p><strong data-start=\"153\" data-end=\"175\">RV DC-DC D\u00f6n\u00fc\u015ft\u00fcr\u00fcc\u00fc<\/strong> 100A'e kadar ak\u0131m ile istikrarl\u0131 13,5V \u00e7\u0131k\u0131\u015f sa\u011flar. Tamamen kapal\u0131 IP68 muhafaza, dayan\u0131kl\u0131l\u0131k ve performans i\u00e7in CE ve ROHS sertifikal\u0131d\u0131r.<\/p>","protected":false},"excerpt":{"rendered":"<p><strong data-start=\"441\" data-end=\"458\">Temel \u00d6zellikler:<\/strong><\/p>\n<ul>\n<li><strong>Sertifikal\u0131 G\u00fcvenlik:<\/strong> G\u00fcvenilir ve emniyetli \u00e7al\u0131\u015fma i\u00e7in CE ve ROHS sertifikal\u0131.<\/li>\n<li><strong>Dayan\u0131kl\u0131 Muhafaza:<\/strong> Toz ve su korumas\u0131 i\u00e7in tamamen kapal\u0131 IP68 s\u0131n\u0131f\u0131 tasar\u0131m.<\/li>\n<li><strong>Y\u00fcksek \u00c7\u0131k\u0131\u015f Ak\u0131m\u0131:<\/strong> 12V cihazlar i\u00e7in 100A'e kadar g\u00fc\u00e7 sa\u011flayabilir.<\/li>\n<li><strong>Kararl\u0131 Gerilim Kayna\u011f\u0131:<\/strong> Verimli performans i\u00e7in tutarl\u0131 bir 13,5V \u00e7\u0131k\u0131\u015f sa\u011flar.<\/li>\n<\/ul>","protected":false},"featured_media":3559,"comment_status":"open","ping_status":"closed","template":"","meta":{"_acf_changed":false},"product_brand":[],"product_cat":[77,73,74],"product_tag":[],"class_list":{"0":"post-3558","1":"product","2":"type-product","3":"status-publish","4":"has-post-thumbnail","6":"product_cat-controller","7":"product_cat-converter","8":"product_cat-rv-converter","10":"first","11":"instock","12":"shipping-taxable","13":"purchasable","14":"product-type-simple"},"acf":[],"_links":{"self":[{"href":"https:\/\/bettsun.com\/tr\/wp-json\/wp\/v2\/product\/3558","targetHints":{"allow":["GET"]}}],"collection":[{"href":"https:\/\/bettsun.com\/tr\/wp-json\/wp\/v2\/product"}],"about":[{"href":"https:\/\/bettsun.com\/tr\/wp-json\/wp\/v2\/types\/product"}],"replies":[{"embeddable":true,"href":"https:\/\/bettsun.com\/tr\/wp-json\/wp\/v2\/comments?post=3558"}],"version-history":[{"count":4,"href":"https:\/\/bettsun.com\/tr\/wp-json\/wp\/v2\/product\/3558\/revisions"}],"predecessor-version":[{"id":8245,"href":"https:\/\/bettsun.com\/tr\/wp-json\/wp\/v2\/product\/3558\/revisions\/8245"}],"wp:featuredmedia":[{"embeddable":true,"href":"https:\/\/bettsun.com\/tr\/wp-json\/wp\/v2\/media\/3559"}],"wp:attachment":[{"href":"https:\/\/bettsun.com\/tr\/wp-json\/wp\/v2\/media?parent=3558"}],"wp:term":[{"taxonomy":"product_brand","embeddable":true,"href":"https:\/\/bettsun.com\/tr\/wp-json\/wp\/v2\/product_brand?post=3558"},{"taxonomy":"product_cat","embeddable":true,"href":"https:\/\/bettsun.com\/tr\/wp-json\/wp\/v2\/product_cat?post=3558"},{"taxonomy":"product_tag","embeddable":true,"href":"https:\/\/bettsun.com\/tr\/wp-json\/wp\/v2\/product_tag?post=3558"}],"curies":[{"name":"wp","href":"https:\/\/api.w.org\/{rel}","templated":true}]}}