{"id":3574,"date":"2024-09-28T09:02:11","date_gmt":"2024-09-28T09:02:11","guid":{"rendered":"https:\/\/bettsun.com\/?post_type=product&#038;p=3574"},"modified":"2025-02-17T17:48:22","modified_gmt":"2025-02-17T17:48:22","slug":"bettsun-1kw-rv-ci\u0307ft-yonlu-akilli-dc-dc-sarj-ci\u0307hazi","status":"publish","type":"product","link":"https:\/\/bettsun.com\/tr\/urunler\/bettsun-1kw-rv-ci\u0307ft-yonlu-akilli-dc-dc-sarj-ci\u0307hazi\/","title":{"rendered":"Bettsun 1KW RV \u00c7ift Y\u00f6nl\u00fc Ak\u0131ll\u0131 DC-DC \u015earj Cihaz\u0131"},"content":{"rendered":"<p>G\u00fc\u00e7l\u00fc 1KW RV DC-DC \u015earj Cihaz\u0131, \u00e7ift y\u00f6nl\u00fc \u015farj\u0131, 12V-48V giri\u015fi ve 60A h\u0131zl\u0131 \u015farj\u0131 destekler ve IP68 korumas\u0131 ile g\u00fcvenilir g\u00fc\u00e7 sa\u011flar.<\/p>","protected":false},"excerpt":{"rendered":"<p data-start=\"108\" data-end=\"127\"><strong data-start=\"108\" data-end=\"125\">Temel \u00d6zellikler:<\/strong><\/p>\n<ul data-start=\"128\" data-end=\"389\">\n<li data-start=\"128\" data-end=\"188\"><strong data-start=\"130\" data-end=\"156\">\u00c7ift y\u00f6nl\u00fc \u015farj<\/strong> verimli g\u00fc\u00e7 aktar\u0131m\u0131 i\u00e7in.<\/li>\n<li data-start=\"189\" data-end=\"232\"><strong data-start=\"191\" data-end=\"214\">12V ila 48V destekler<\/strong> s\u00fcr\u00fc\u015f su\u00e7u.<\/li>\n<li data-start=\"233\" data-end=\"281\"><strong data-start=\"235\" data-end=\"252\">H\u0131zl\u0131 \u015farj<\/strong> ile <strong data-start=\"264\" data-end=\"278\">60A \u00e7\u0131k\u0131\u015f<\/strong>.<\/li>\n<li data-start=\"282\" data-end=\"337\"><strong data-start=\"284\" data-end=\"303\">IP68 koruma<\/strong> toza, suya ve darbeye kar\u015f\u0131 dayan\u0131kl\u0131d\u0131r.<\/li>\n<li data-start=\"338\" data-end=\"389\"><strong data-start=\"340\" data-end=\"387\">Kompakt, hafif (2,4 kg) ve ta\u015f\u0131nabilir.<\/strong><\/li>\n<\/ul>","protected":false},"featured_media":3575,"comment_status":"open","ping_status":"closed","template":"","meta":{"_acf_changed":false},"product_brand":[],"product_cat":[69,73,70],"product_tag":[],"class_list":{"0":"post-3574","1":"product","2":"type-product","3":"status-publish","4":"has-post-thumbnail","6":"product_cat-charger","7":"product_cat-converter","8":"product_cat-rv-dc-charger","10":"first","11":"instock","12":"shipping-taxable","13":"purchasable","14":"product-type-simple"},"acf":[],"_links":{"self":[{"href":"https:\/\/bettsun.com\/tr\/wp-json\/wp\/v2\/product\/3574","targetHints":{"allow":["GET"]}}],"collection":[{"href":"https:\/\/bettsun.com\/tr\/wp-json\/wp\/v2\/product"}],"about":[{"href":"https:\/\/bettsun.com\/tr\/wp-json\/wp\/v2\/types\/product"}],"replies":[{"embeddable":true,"href":"https:\/\/bettsun.com\/tr\/wp-json\/wp\/v2\/comments?post=3574"}],"version-history":[{"count":3,"href":"https:\/\/bettsun.com\/tr\/wp-json\/wp\/v2\/product\/3574\/revisions"}],"predecessor-version":[{"id":8232,"href":"https:\/\/bettsun.com\/tr\/wp-json\/wp\/v2\/product\/3574\/revisions\/8232"}],"wp:featuredmedia":[{"embeddable":true,"href":"https:\/\/bettsun.com\/tr\/wp-json\/wp\/v2\/media\/3575"}],"wp:attachment":[{"href":"https:\/\/bettsun.com\/tr\/wp-json\/wp\/v2\/media?parent=3574"}],"wp:term":[{"taxonomy":"product_brand","embeddable":true,"href":"https:\/\/bettsun.com\/tr\/wp-json\/wp\/v2\/product_brand?post=3574"},{"taxonomy":"product_cat","embeddable":true,"href":"https:\/\/bettsun.com\/tr\/wp-json\/wp\/v2\/product_cat?post=3574"},{"taxonomy":"product_tag","embeddable":true,"href":"https:\/\/bettsun.com\/tr\/wp-json\/wp\/v2\/product_tag?post=3574"}],"curies":[{"name":"wp","href":"https:\/\/api.w.org\/{rel}","templated":true}]}}