{"id":3577,"date":"2024-09-28T09:02:38","date_gmt":"2024-09-28T09:02:38","guid":{"rendered":"https:\/\/bettsun.com\/?post_type=product&#038;p=3577"},"modified":"2025-02-17T20:00:31","modified_gmt":"2025-02-17T20:00:31","slug":"bettsun-2kw-rv-ci\u0307ft-yonlu-akilli-dc-dc-sarj-ci\u0307hazi","status":"publish","type":"product","link":"https:\/\/bettsun.com\/tr\/urunler\/bettsun-2kw-rv-ci\u0307ft-yonlu-akilli-dc-dc-sarj-ci\u0307hazi\/","title":{"rendered":"Bettsun 2KW RV \u00c7ift Y\u00f6nl\u00fc Ak\u0131ll\u0131 DC-DC \u015earj Cihaz\u0131"},"content":{"rendered":"<p>Verimli 2KW RV DC-DC \u015earj Cihaz\u0131, \u00e7ift y\u00f6nl\u00fc \u015farj\u0131, 12V-48V giri\u015fi ve IP68 korumas\u0131n\u0131 destekleyerek RV'ler ve \u015febekeden ba\u011f\u0131ms\u0131z kurulumlar i\u00e7in g\u00fcvenilir g\u00fc\u00e7 sa\u011flar.<\/p>","protected":false},"excerpt":{"rendered":"<p data-start=\"112\" data-end=\"131\"><strong data-start=\"112\" data-end=\"129\">Temel \u00d6zellikler:<\/strong><\/p>\n<ul data-start=\"132\" data-end=\"344\">\n<li data-start=\"132\" data-end=\"192\"><strong data-start=\"134\" data-end=\"160\">\u00c7ift y\u00f6nl\u00fc \u015farj<\/strong> verimli g\u00fc\u00e7 aktar\u0131m\u0131 i\u00e7in.<\/li>\n<li data-start=\"193\" data-end=\"236\"><strong data-start=\"195\" data-end=\"218\">12V ila 48V destekler<\/strong> s\u00fcr\u00fc\u015f su\u00e7u.<\/li>\n<li data-start=\"237\" data-end=\"292\"><strong data-start=\"239\" data-end=\"258\">IP68 koruma<\/strong> toza, suya ve darbeye kar\u015f\u0131 dayan\u0131kl\u0131d\u0131r.<\/li>\n<li data-start=\"293\" data-end=\"344\"><strong data-start=\"295\" data-end=\"342\">Kompakt, hafif (2,4 kg) ve ta\u015f\u0131nabilir.<\/strong><\/li>\n<\/ul>","protected":false},"featured_media":3575,"comment_status":"open","ping_status":"closed","template":"","meta":{"_acf_changed":false},"product_brand":[],"product_cat":[69,73,70],"product_tag":[],"class_list":{"0":"post-3577","1":"product","2":"type-product","3":"status-publish","4":"has-post-thumbnail","6":"product_cat-charger","7":"product_cat-converter","8":"product_cat-rv-dc-charger","10":"first","11":"instock","12":"shipping-taxable","13":"purchasable","14":"product-type-simple"},"acf":[],"_links":{"self":[{"href":"https:\/\/bettsun.com\/tr\/wp-json\/wp\/v2\/product\/3577","targetHints":{"allow":["GET"]}}],"collection":[{"href":"https:\/\/bettsun.com\/tr\/wp-json\/wp\/v2\/product"}],"about":[{"href":"https:\/\/bettsun.com\/tr\/wp-json\/wp\/v2\/types\/product"}],"replies":[{"embeddable":true,"href":"https:\/\/bettsun.com\/tr\/wp-json\/wp\/v2\/comments?post=3577"}],"version-history":[{"count":3,"href":"https:\/\/bettsun.com\/tr\/wp-json\/wp\/v2\/product\/3577\/revisions"}],"predecessor-version":[{"id":8229,"href":"https:\/\/bettsun.com\/tr\/wp-json\/wp\/v2\/product\/3577\/revisions\/8229"}],"wp:featuredmedia":[{"embeddable":true,"href":"https:\/\/bettsun.com\/tr\/wp-json\/wp\/v2\/media\/3575"}],"wp:attachment":[{"href":"https:\/\/bettsun.com\/tr\/wp-json\/wp\/v2\/media?parent=3577"}],"wp:term":[{"taxonomy":"product_brand","embeddable":true,"href":"https:\/\/bettsun.com\/tr\/wp-json\/wp\/v2\/product_brand?post=3577"},{"taxonomy":"product_cat","embeddable":true,"href":"https:\/\/bettsun.com\/tr\/wp-json\/wp\/v2\/product_cat?post=3577"},{"taxonomy":"product_tag","embeddable":true,"href":"https:\/\/bettsun.com\/tr\/wp-json\/wp\/v2\/product_tag?post=3577"}],"curies":[{"name":"wp","href":"https:\/\/api.w.org\/{rel}","templated":true}]}}