{"id":3580,"date":"2024-09-28T09:22:37","date_gmt":"2024-09-28T09:22:37","guid":{"rendered":"https:\/\/bettsun.com\/?post_type=product&#038;p=3580"},"modified":"2025-02-17T19:59:36","modified_gmt":"2025-02-17T19:59:36","slug":"bettsun-3kw-rv-ci\u0307ft-yonlu-akilli-dc-dc-sarj-ci\u0307hazi","status":"publish","type":"product","link":"https:\/\/bettsun.com\/tr\/urunler\/bettsun-3kw-rv-ci\u0307ft-yonlu-akilli-dc-dc-sarj-ci\u0307hazi\/","title":{"rendered":"Bettsun 3KW RV \u00c7ift Y\u00f6nl\u00fc Ak\u0131ll\u0131 DC-DC \u015earj Cihaz\u0131"},"content":{"rendered":"<p>Verimli 3KW RV DC-DC \u015earj Cihaz\u0131, \u00e7ift y\u00f6nl\u00fc \u015farj\u0131 destekleyerek istikrarl\u0131 g\u00fc\u00e7 d\u00f6n\u00fc\u015f\u00fcm\u00fc sa\u011flar. Bu g\u00fcvenilir 3KW RV DC-DC \u015earj Cihaz\u0131, RV ve \u015febekeden ba\u011f\u0131ms\u0131z enerji sistemleri i\u00e7in idealdir.<\/p>","protected":false},"excerpt":{"rendered":"<p data-start=\"125\" data-end=\"144\"><strong data-start=\"125\" data-end=\"142\">Temel \u00d6zellikler:<\/strong><\/p>\n<ul data-start=\"145\" data-end=\"541\">\n<li data-start=\"145\" data-end=\"205\"><strong data-start=\"147\" data-end=\"173\">\u00c7ift y\u00f6nl\u00fc \u015farj<\/strong> verimli g\u00fc\u00e7 aktar\u0131m\u0131 i\u00e7in.<\/li>\n<li data-start=\"206\" data-end=\"277\"><strong data-start=\"208\" data-end=\"231\">12V ila 48V destekler<\/strong> \u00e7ok y\u00f6nl\u00fc uyumluluk i\u00e7in s\u00fcr\u00fc\u015f \u00fccreti.<\/li>\n<li data-start=\"278\" data-end=\"330\"><strong data-start=\"280\" data-end=\"294\">3KW \u00e7\u0131k\u0131\u015f<\/strong> istikrarl\u0131 enerji d\u00f6n\u00fc\u015f\u00fcm\u00fc sa\u011flar.<\/li>\n<li data-start=\"331\" data-end=\"386\"><strong data-start=\"333\" data-end=\"352\">IP68 koruma<\/strong> toza, suya ve darbeye kar\u015f\u0131 dayan\u0131kl\u0131d\u0131r.<\/li>\n<li data-start=\"387\" data-end=\"459\"><strong data-start=\"389\" data-end=\"416\">Kompakt ve hafif<\/strong>Kolay ta\u015f\u0131nabilirlik i\u00e7in sadece 2,4 kg a\u011f\u0131rl\u0131\u011f\u0131ndad\u0131r.<\/li>\n<li data-start=\"460\" data-end=\"541\"><strong data-start=\"462\" data-end=\"485\">Geli\u015fmi\u015f koruma<\/strong> A\u015f\u0131r\u0131 gerilim, a\u015f\u0131r\u0131 \u0131s\u0131nma ve k\u0131sa devrelere kar\u015f\u0131.<\/li>\n<\/ul>","protected":false},"featured_media":3575,"comment_status":"open","ping_status":"closed","template":"","meta":{"_acf_changed":false},"product_brand":[],"product_cat":[69,73,70],"product_tag":[],"class_list":{"0":"post-3580","1":"product","2":"type-product","3":"status-publish","4":"has-post-thumbnail","6":"product_cat-charger","7":"product_cat-converter","8":"product_cat-rv-dc-charger","10":"first","11":"instock","12":"shipping-taxable","13":"purchasable","14":"product-type-simple"},"acf":[],"_links":{"self":[{"href":"https:\/\/bettsun.com\/tr\/wp-json\/wp\/v2\/product\/3580","targetHints":{"allow":["GET"]}}],"collection":[{"href":"https:\/\/bettsun.com\/tr\/wp-json\/wp\/v2\/product"}],"about":[{"href":"https:\/\/bettsun.com\/tr\/wp-json\/wp\/v2\/types\/product"}],"replies":[{"embeddable":true,"href":"https:\/\/bettsun.com\/tr\/wp-json\/wp\/v2\/comments?post=3580"}],"version-history":[{"count":3,"href":"https:\/\/bettsun.com\/tr\/wp-json\/wp\/v2\/product\/3580\/revisions"}],"predecessor-version":[{"id":8227,"href":"https:\/\/bettsun.com\/tr\/wp-json\/wp\/v2\/product\/3580\/revisions\/8227"}],"wp:featuredmedia":[{"embeddable":true,"href":"https:\/\/bettsun.com\/tr\/wp-json\/wp\/v2\/media\/3575"}],"wp:attachment":[{"href":"https:\/\/bettsun.com\/tr\/wp-json\/wp\/v2\/media?parent=3580"}],"wp:term":[{"taxonomy":"product_brand","embeddable":true,"href":"https:\/\/bettsun.com\/tr\/wp-json\/wp\/v2\/product_brand?post=3580"},{"taxonomy":"product_cat","embeddable":true,"href":"https:\/\/bettsun.com\/tr\/wp-json\/wp\/v2\/product_cat?post=3580"},{"taxonomy":"product_tag","embeddable":true,"href":"https:\/\/bettsun.com\/tr\/wp-json\/wp\/v2\/product_tag?post=3580"}],"curies":[{"name":"wp","href":"https:\/\/api.w.org\/{rel}","templated":true}]}}