{"id":4012,"date":"2024-11-04T21:25:38","date_gmt":"2024-11-04T21:25:38","guid":{"rendered":"https:\/\/bettsun.com\/?post_type=product&#038;p=4012"},"modified":"2025-02-17T19:56:28","modified_gmt":"2025-02-17T19:56:28","slug":"ac-ve-mppt-sarj-cihazli-rv-12v-3kw-saf-si\u0307nus-dalga-i\u0307nvertor","status":"publish","type":"product","link":"https:\/\/bettsun.com\/tr\/urunler\/ac-ve-mppt-sarj-cihazli-rv-12v-3kw-saf-si\u0307nus-dalga-i\u0307nvertor\/","title":{"rendered":"AC ve MPPT \u015earj Cihaz\u0131 ile RV 12V 3KW Saf Sin\u00fcs Dalga \u0130nvert\u00f6r\u00fc"},"content":{"rendered":"<p>RV 12V 3KW \u0130nvert\u00f6r, MPPT solar \u015farj ve AC giri\u015fi ile saf sin\u00fcs dalgas\u0131 g\u00fcc\u00fc sa\u011flar. Bu RV 12V 3KW \u0130nvert\u00f6r, RV'ler ve \u015febekeden ba\u011f\u0131ms\u0131z kullan\u0131m i\u00e7in verimli ve istikrarl\u0131 enerji sa\u011flar.<\/p>","protected":false},"excerpt":{"rendered":"<p data-start=\"150\" data-end=\"169\"><strong data-start=\"150\" data-end=\"167\">Temel \u00d6zellikler:<\/strong><\/p>\n<ul data-start=\"170\" data-end=\"449\">\n<li data-start=\"170\" data-end=\"219\">Kararl\u0131 g\u00fc\u00e7 i\u00e7in 3000W saf sin\u00fcs dalga \u00e7\u0131k\u0131\u015f\u0131.<\/li>\n<li data-start=\"220\" data-end=\"280\">Dahili MPPT solar \u015farj kontrol\u00f6r\u00fc ile 12V DC giri\u015f.<\/li>\n<li data-start=\"281\" data-end=\"341\">Optimize edilmi\u015f solar \u015farj i\u00e7in y\u00fcksek d\u00f6n\u00fc\u015f\u00fcm verimlili\u011fi.<\/li>\n<li data-start=\"342\" data-end=\"395\">Kesintisiz g\u00fc\u00e7 aktar\u0131m\u0131 ile AC \u015farj deste\u011fi.<\/li>\n<li data-start=\"396\" data-end=\"449\">Ger\u00e7ek zamanl\u0131 izleme i\u00e7in ak\u0131ll\u0131 LCD ekran.<\/li>\n<\/ul>","protected":false},"featured_media":3217,"comment_status":"open","ping_status":"closed","template":"","meta":{"_acf_changed":false},"product_brand":[],"product_cat":[134],"product_tag":[],"class_list":{"0":"post-4012","1":"product","2":"type-product","3":"status-publish","4":"has-post-thumbnail","6":"product_cat-future-products","8":"first","9":"instock","10":"shipping-taxable","11":"product-type-simple"},"acf":[],"_links":{"self":[{"href":"https:\/\/bettsun.com\/tr\/wp-json\/wp\/v2\/product\/4012","targetHints":{"allow":["GET"]}}],"collection":[{"href":"https:\/\/bettsun.com\/tr\/wp-json\/wp\/v2\/product"}],"about":[{"href":"https:\/\/bettsun.com\/tr\/wp-json\/wp\/v2\/types\/product"}],"replies":[{"embeddable":true,"href":"https:\/\/bettsun.com\/tr\/wp-json\/wp\/v2\/comments?post=4012"}],"version-history":[{"count":8,"href":"https:\/\/bettsun.com\/tr\/wp-json\/wp\/v2\/product\/4012\/revisions"}],"predecessor-version":[{"id":8244,"href":"https:\/\/bettsun.com\/tr\/wp-json\/wp\/v2\/product\/4012\/revisions\/8244"}],"wp:featuredmedia":[{"embeddable":true,"href":"https:\/\/bettsun.com\/tr\/wp-json\/wp\/v2\/media\/3217"}],"wp:attachment":[{"href":"https:\/\/bettsun.com\/tr\/wp-json\/wp\/v2\/media?parent=4012"}],"wp:term":[{"taxonomy":"product_brand","embeddable":true,"href":"https:\/\/bettsun.com\/tr\/wp-json\/wp\/v2\/product_brand?post=4012"},{"taxonomy":"product_cat","embeddable":true,"href":"https:\/\/bettsun.com\/tr\/wp-json\/wp\/v2\/product_cat?post=4012"},{"taxonomy":"product_tag","embeddable":true,"href":"https:\/\/bettsun.com\/tr\/wp-json\/wp\/v2\/product_tag?post=4012"}],"curies":[{"name":"wp","href":"https:\/\/api.w.org\/{rel}","templated":true}]}}